{"id":28939,"date":"2023-03-17T03:23:43","date_gmt":"2023-03-17T03:23:43","guid":{"rendered":"https:\/\/www.intoo.com\/it\/?page_id=28939"},"modified":"2024-10-21T15:41:03","modified_gmt":"2024-10-21T15:41:03","slug":"orientamento-giovani","status":"publish","type":"page","link":"https:\/\/www.intoo.com\/it\/per-le-persone\/orientamento-giovani\/","title":{"rendered":"Orientamento ai Giovani"},"content":{"rendered":"\n[et_pb_section fb_built=&#8221;1&#8243; admin_label=&#8221;Section&#8221; _builder_version=&#8221;4.21.0&#8243; _module_preset=&#8221;default&#8221; background_color=&#8221;#f6f6f6&#8243; background_image=&#8221;https:\/\/www.intoo.com\/wp-content\/uploads\/2023\/03\/Frame-28.png&#8221; background_position=&#8221;top_center&#8221; custom_padding=&#8221;100px||4px||false|false&#8221; custom_padding_tablet=&#8221;40px||0px||false|false&#8221; custom_padding_phone=&#8221;40px||||false|false&#8221; da_disable_devices=&#8221;off|off|off&#8221; locked=&#8221;off&#8221; global_colors_info=&#8221;{}&#8221; da_is_popup=&#8221;off&#8221; da_exit_intent=&#8221;off&#8221; da_has_close=&#8221;on&#8221; da_alt_close=&#8221;off&#8221; da_dark_close=&#8221;off&#8221; da_not_modal=&#8221;on&#8221; da_is_singular=&#8221;off&#8221; da_with_loader=&#8221;off&#8221; da_has_shadow=&#8221;on&#8221;][et_pb_row _builder_version=&#8221;4.20.0&#8243; _module_preset=&#8221;default&#8221; global_colors_info=&#8221;{}&#8221;][et_pb_column type=&#8221;4_4&#8243; _builder_version=&#8221;4.20.0&#8243; _module_preset=&#8221;default&#8221; global_colors_info=&#8221;{}&#8221;][et_pb_text _builder_version=&#8221;4.20.2&#8243; _module_preset=&#8221;299756f9-5ed7-4af7-a352-b75b6c7bdc8e&#8221; header_font=&#8221;|300|||||||&#8221; header_text_color=&#8221;#081D4F&#8221; header_font_size=&#8221;64px&#8221; global_colors_info=&#8221;{}&#8221;]<h1>Sei uno Studente, un Laureando o un Neolaureato?<\/h1>[\/et_pb_text][\/et_pb_column][\/et_pb_row][et_pb_row _builder_version=&#8221;4.20.0&#8243; _module_preset=&#8221;default&#8221; global_colors_info=&#8221;{}&#8221; column_structure=&#8221;1_4,1_4,1_4,1_4&#8243; custom_padding=&#8221;||11px|||&#8221;][et_pb_column type=&#8221;1_4&#8243; _builder_version=&#8221;4.20.0&#8243; _module_preset=&#8221;default&#8221; global_colors_info=&#8221;{}&#8221;][et_pb_text _builder_version=&#8221;4.21.0&#8243; _module_preset=&#8221;default&#8221; hover_enabled=&#8221;0&#8243; sticky_enabled=&#8221;0&#8243; custom_margin=&#8221;||4px|||&#8221;]<ul>\n<li><b>Sei un giovane tra i 18 e i 28 anni?<\/b><span style=\"font-weight: 400\"><br \/><\/span><span style=\"font-weight: 400\">Ti stai lasciando dietro i portoni e i cortili dell\u2019universit\u00e0 orientandoti verso il tuo primo lavoro?<\/span><\/li>\n<\/ul>[\/et_pb_text][\/et_pb_column][et_pb_column type=&#8221;1_4&#8243; _builder_version=&#8221;4.20.0&#8243; _module_preset=&#8221;default&#8221; global_colors_info=&#8221;{}&#8221;][et_pb_text _builder_version=&#8221;4.21.0&#8243; _module_preset=&#8221;default&#8221; hover_enabled=&#8221;0&#8243; sticky_enabled=&#8221;0&#8243;]<ul>\n<li style=\"font-weight: 400\"><b>Sei un po\u2019 spaventato?<\/b><span style=\"font-weight: 400\"><br \/><\/span><span style=\"font-weight: 400\">Comprensibile.<\/span><\/li>\n<\/ul>[\/et_pb_text][\/et_pb_column][et_pb_column type=&#8221;1_4&#8243; _builder_version=&#8221;4.20.0&#8243; _module_preset=&#8221;default&#8221; global_colors_info=&#8221;{}&#8221;][et_pb_text _builder_version=&#8221;4.21.0&#8243; _module_preset=&#8221;default&#8221; hover_enabled=&#8221;0&#8243; sticky_enabled=&#8221;0&#8243;]<ul>\n<li style=\"font-weight: 400\"><b>Sei disorientato?<\/b><span style=\"font-weight: 400\"><br \/><\/span><span style=\"font-weight: 400\">Tutto nella norma.<\/span><\/li>\n<\/ul>[\/et_pb_text][\/et_pb_column][et_pb_column type=&#8221;1_4&#8243; _builder_version=&#8221;4.20.0&#8243; _module_preset=&#8221;default&#8221; global_colors_info=&#8221;{}&#8221;][et_pb_text _builder_version=&#8221;4.21.0&#8243; _module_preset=&#8221;default&#8221; hover_enabled=&#8221;0&#8243; sticky_enabled=&#8221;0&#8243;]<ul>\n<li>Non sai se hai fatto un <b>buon CV<\/b><span> o come <\/span><b>affrontare i primi Colloqui<\/b><span>?<\/span><\/li>\n<\/ul>[\/et_pb_text][\/et_pb_column][\/et_pb_row][et_pb_row _builder_version=&#8221;4.20.0&#8243; _module_preset=&#8221;default&#8221; global_colors_info=&#8221;{}&#8221; custom_padding=&#8221;0px|||||&#8221;][et_pb_column type=&#8221;4_4&#8243; _builder_version=&#8221;4.20.0&#8243; _module_preset=&#8221;default&#8221; global_colors_info=&#8221;{}&#8221;][et_pb_text _builder_version=&#8221;4.21.0&#8243; _module_preset=&#8221;4ceb1d55-297b-4eaa-a46f-2d586755d9a6&#8243; text_text_color=&#8221;#4a5463&#8243; text_font_size=&#8221;28px&#8221; text_line_height=&#8221;36px&#8221; custom_margin=&#8221;||||false|false&#8221; custom_margin_tablet=&#8221;|10px|||false|false&#8221; custom_margin_phone=&#8221;|0px||0px|false|false&#8221; custom_padding=&#8221;80px|0px||0px|false|false&#8221; custom_padding_tablet=&#8221;|0px|||false|false&#8221; custom_padding_phone=&#8221;&#8221; custom_padding_last_edited=&#8221;on|desktop&#8221; hover_enabled=&#8221;0&#8243; global_colors_info=&#8221;{}&#8221; sticky_enabled=&#8221;0&#8243;]<h2 style=\"text-align: center\"><span style=\"font-weight: 400\">No problem. Possiamo aiutarti!<\/span><\/h2>[\/et_pb_text][\/et_pb_column][\/et_pb_row][et_pb_row column_structure=&#8221;2_5,3_5&#8243; _builder_version=&#8221;4.21.0&#8243; _module_preset=&#8221;default&#8221; hover_enabled=&#8221;0&#8243; pac_drh_column_numbers_tablet=&#8221;pac_drh_tab_col_one&#8221; pac_drh_column_numbers_phone=&#8221;pac_drh_phone_col_one&#8221; global_colors_info=&#8221;{}&#8221; custom_css_main_element_last_edited=&#8221;on|tablet&#8221; custom_css_main_element_tablet=&#8221;flex-direction:column-reverse;||display:flex;&#8221; custom_css_main_element_phone=&#8221;flex-direction:column-reverse;||display:flex;&#8221; sticky_enabled=&#8221;0&#8243;][et_pb_column type=&#8221;2_5&#8243; _builder_version=&#8221;4.21.0&#8243; _module_preset=&#8221;default&#8221; hover_enabled=&#8221;0&#8243; pac_drh_add_staking_order_tab=&#8221;pac_drh_order_tab_one&#8221; pac_drh_add_staking_order_mob=&#8221;pac_drh_order_mob_one&#8221; global_colors_info=&#8221;{}&#8221; custom_css_main_element_last_edited=&#8221;on|tablet&#8221; custom_css_main_element_tablet=&#8221;width:100% !important;&#8221; custom_css_main_element_phone=&#8221;width:100% !important;&#8221; sticky_enabled=&#8221;0&#8243;][et_pb_image src=&#8221;https:\/\/www.intoo.com\/it\/wp-content\/uploads\/sites\/3\/2023\/04\/studente-o-laureato.jpeg&#8221; alt=&#8221;studente o laureato&#8221; title_text=&#8221;studente-o-laureato&#8221; _builder_version=&#8221;4.20.2&#8243; _module_preset=&#8221;8f1df593-8219-48e3-9e7d-a82969efd981&#8243; width_tablet=&#8221;350px&#8221; max_width_phone=&#8221;83%&#8221; custom_margin_tablet=&#8221;50px|||100px|false|false&#8221; custom_padding=&#8221;||20px||false|false&#8221; global_colors_info=&#8221;{}&#8221; custom_css_main_element_last_edited=&#8221;on|tablet&#8221;][\/et_pb_image][\/et_pb_column][et_pb_column _builder_version=&#8221;4.21.0&#8243; _module_preset=&#8221;default&#8221; type=&#8221;3_5&#8243;][et_pb_text module_class=&#8221;roboto-flex-regular&#8221; _builder_version=&#8221;4.20.2&#8243; _module_preset=&#8221;default&#8221; text_font=&#8221;Roboto Flex||||||||&#8221; text_text_color=&#8221;#4a5463&#8243; custom_margin=&#8221;||10px||false|false&#8221; custom_css_main_element=&#8221;font-weight:400;&#8221; global_colors_info=&#8221;{}&#8221;]<p><span style=\"font-weight: 400\">La ricerca di un\u2019occupazione \u00e8 gi\u00e0 un lavoro, richiede impegno, precisione, concentrazione. E soprattutto una pazienza e una disponibilit\u00e0 a riconoscere le proprie competenze, le inclinazioni naturali e le esigenze degli ipotetici datori di lavoro. <\/span><b>Non \u00e8 semplice.<\/b><\/p>\n<p><b>Per questo abbiamo ideato un percorso volto ad aiutarti ad affrontare il Mercato del Lavoro.<\/b><\/p>\n<p><b>Il Mio Primo Lavoro<\/b><span style=\"font-weight: 400\"> ti permetter\u00e0 di confrontarti con Consulenti di Carriera esperti che ti aiuteranno ad individuare quale pu\u00f2 essere il tuo lavoro e a <\/span><b>ridurre i tempi della ricerca<\/b><span style=\"font-weight: 400\">.<\/span><\/p>\n<p><span style=\"font-weight: 400\">Come orientarsi nell\u2019affollato universo delle professioni? Quali sono gli strumenti da attivare?<\/span><\/p>[\/et_pb_text][et_pb_button button_url=&#8221;@ET-DC@eyJkeW5hbWljIjp0cnVlLCJjb250ZW50IjoicG9zdF9saW5rX3VybF9wYWdlIiwic2V0dGluZ3MiOnsicG9zdF9pZCI6IjI4OTYyIn19@&#8221; button_text=&#8221;Contattaci&#8221; button_alignment=&#8221;left&#8221; _builder_version=&#8221;4.20.2&#8243; _dynamic_attributes=&#8221;button_url&#8221; _module_preset=&#8221;06d3534d-ce4f-46c3-a765-ea24c71620ac&#8221; locked=&#8221;off&#8221; global_colors_info=&#8221;{}&#8221; custom_margin=&#8221;20px||||false|false&#8221;][\/et_pb_button][\/et_pb_column][\/et_pb_row][\/et_pb_section][et_pb_section fb_built=&#8221;1&#8243; _builder_version=&#8221;4.21.0&#8243; _module_preset=&#8221;default&#8221; custom_padding_phone=&#8221;50px||50px||false|false&#8221; da_disable_devices=&#8221;off|off|off&#8221; global_colors_info=&#8221;{}&#8221; da_is_popup=&#8221;off&#8221; da_exit_intent=&#8221;off&#8221; da_has_close=&#8221;on&#8221; da_alt_close=&#8221;off&#8221; da_dark_close=&#8221;off&#8221; da_not_modal=&#8221;on&#8221; da_is_singular=&#8221;off&#8221; da_with_loader=&#8221;off&#8221; da_has_shadow=&#8221;on&#8221;][et_pb_row _builder_version=&#8221;4.21.0&#8243; _module_preset=&#8221;default&#8221; custom_padding=&#8221;||||false|false&#8221; global_colors_info=&#8221;{}&#8221;][et_pb_column type=&#8221;4_4&#8243; _builder_version=&#8221;4.21.0&#8243; _module_preset=&#8221;default&#8221; global_colors_info=&#8221;{}&#8221;][et_pb_text _builder_version=&#8221;4.21.0&#8243; _module_preset=&#8221;d2d364f8-05b8-4b94-ba04-c8dc1bfcb797&#8243; text_font_size=&#8221;23px&#8221; custom_margin=&#8221;||||false|false&#8221; custom_margin_tablet=&#8221;0px||||false|false&#8221; custom_margin_phone=&#8221;0px||||false|false&#8221; custom_margin_last_edited=&#8221;on|tablet&#8221; global_colors_info=&#8221;{}&#8221;]<p style=\"text-align: center\">Puoi acquistare Build My Career anche usando il tuo bonus welfare sui portali<br \/><strong>AON<\/strong>, <strong>Easywelfare<\/strong> e <strong>Edenred<\/strong>.<\/p>[\/et_pb_text][\/et_pb_column][\/et_pb_row][\/et_pb_section][et_pb_section fb_built=&#8221;1&#8243; _builder_version=&#8221;4.21.0&#8243; _module_preset=&#8221;default&#8221; background_image=&#8221;https:\/\/www.intoo.com\/wp-content\/uploads\/2023\/02\/Frame-27.png&#8221; height_tablet=&#8221;&#8221; height_phone=&#8221;&#8221; height_last_edited=&#8221;on|phone&#8221; custom_padding=&#8221;100px||80px||false|false&#8221; custom_padding_phone=&#8221;50px||||false|false&#8221; da_disable_devices=&#8221;off|off|off&#8221; locked=&#8221;off&#8221; global_colors_info=&#8221;{}&#8221; da_is_popup=&#8221;off&#8221; da_exit_intent=&#8221;off&#8221; da_has_close=&#8221;on&#8221; da_alt_close=&#8221;off&#8221; da_dark_close=&#8221;off&#8221; da_not_modal=&#8221;on&#8221; da_is_singular=&#8221;off&#8221; da_with_loader=&#8221;off&#8221; da_has_shadow=&#8221;on&#8221;][et_pb_row column_structure=&#8221;3_5,2_5&#8243; make_equal=&#8221;on&#8221; _builder_version=&#8221;4.20.2&#8243; _module_preset=&#8221;default&#8221; global_colors_info=&#8221;{}&#8221;][et_pb_column type=&#8221;3_5&#8243; _builder_version=&#8221;4.20.2&#8243; _module_preset=&#8221;default&#8221; custom_css_main_element=&#8221;align-self: center;&#8221; global_colors_info=&#8221;{}&#8221;][et_pb_text _builder_version=&#8221;4.21.0&#8243; _module_preset=&#8221;b9ed2deb-9a0a-4999-baf3-3a63f94a372c&#8221; text_font=&#8221;Roboto Flex|700|||||||&#8221; header_2_font=&#8221;Roboto Flex|700|||||||&#8221; header_2_text_align=&#8221;left&#8221; header_2_text_color=&#8221;#081d4f&#8221; header_2_font_size=&#8221;40px&#8221; header_2_line_height=&#8221;44px&#8221; header_3_text_color=&#8221;#081D4F&#8221; header_3_font_size=&#8221;40px&#8221; header_3_line_height=&#8221;48px&#8221; custom_margin=&#8221;|-294px||||&#8221; custom_margin_tablet=&#8221;|0px|||false|false&#8221; custom_margin_phone=&#8221;|0px||0px|false|false&#8221; custom_margin_last_edited=&#8221;on|tablet&#8221; header_text_align_tablet=&#8221;center&#8221; header_text_align_phone=&#8221;center&#8221; header_text_align_last_edited=&#8221;on|tablet&#8221; header_2_text_align_tablet=&#8221;center&#8221; header_2_text_align_phone=&#8221;center&#8221; header_2_text_align_last_edited=&#8221;on|tablet&#8221; header_3_text_align_tablet=&#8221;center&#8221; header_3_text_align_phone=&#8221;center&#8221; header_3_text_align_last_edited=&#8221;on|tablet&#8221; global_colors_info=&#8221;{}&#8221;]<h3>Prenditi cura della tua carriera professionale, registrati per simulare il tuo percorso.<\/h3>[\/et_pb_text][\/et_pb_column][et_pb_column type=&#8221;2_5&#8243; _builder_version=&#8221;4.20.2&#8243; _module_preset=&#8221;default&#8221; custom_css_main_element=&#8221;align-self: center;&#8221; global_colors_info=&#8221;{}&#8221;][et_pb_button button_url=&#8221;https:\/\/it.myintoo.com\/login&#8221; url_new_window=&#8221;on&#8221; button_text=&#8221;Accedi e registrati gratuitamente&#8221; button_alignment=&#8221;right&#8221; button_alignment_tablet=&#8221;center&#8221; button_alignment_phone=&#8221;center&#8221; button_alignment_last_edited=&#8221;on|tablet&#8221; module_class=&#8221;large-button green-button-transparent-hover&#8221; _builder_version=&#8221;4.21.0&#8243; _module_preset=&#8221;default&#8221; custom_button=&#8221;on&#8221; button_text_color=&#8221;#081D4F&#8221; button_bg_color=&#8221;#75B134&#8243; button_border_color=&#8221;RGBA(255,255,255,0)&#8221; button_font=&#8221;Roboto Flex|700|||||||&#8221; background_layout=&#8221;dark&#8221; custom_margin=&#8221;|||31px|false|false&#8221; custom_margin_tablet=&#8221;15px|||0px|false|false&#8221; custom_margin_phone=&#8221;15px|||0px|false|false&#8221; custom_margin_last_edited=&#8221;on|phone&#8221; custom_padding=&#8221;|35px||35px|false|false&#8221; custom_padding_tablet=&#8221;|35px||35px|false|false&#8221; custom_padding_phone=&#8221;|35px||35px|false|false&#8221; custom_padding_last_edited=&#8221;on|phone&#8221; custom_css_main_element=&#8221;font-weight:600;&#8221; global_colors_info=&#8221;{}&#8221;][\/et_pb_button][\/et_pb_column][\/et_pb_row][\/et_pb_section]\n","protected":false},"excerpt":{"rendered":"<p>Sei uno Studente, un Laureando o un Neolaureato? Sei un giovane tra i 18 e i 28 anni?Ti stai lasciando dietro i portoni e i cortili dell\u2019universit\u00e0 orientandoti verso il tuo primo lavoro? Sei un po\u2019 spaventato?Comprensibile. Sei disorientato?Tutto nella norma. Non sai se hai fatto un buon CV o come affrontare i primi Colloqui? [&hellip;]<\/p>\n","protected":false},"author":2,"featured_media":0,"parent":28934,"menu_order":0,"comment_status":"closed","ping_status":"closed","template":"","meta":{"_et_pb_use_builder":"on","_et_pb_old_content":"","_et_gb_content_width":"","footnotes":"","_links_to":"","_links_to_target":""},"class_list":["post-28939","page","type-page","status-publish","hentry"],"yoast_head":"<!-- This site is optimized with the Yoast SEO plugin v26.9 - https:\/\/yoast.com\/product\/yoast-seo-wordpress\/ -->\n<title>Orientamento giovani per studenti, laureandi e neolaureati - INTOO Italia<\/title>\n<meta name=\"description\" content=\"Sei uno Studente, un Laureando o Neo Laureato? Noi di INTOO abbiamo ideato un percorso volto ad aiutarti ad affrontare il Mercato del Lavoro.\" \/>\n<meta name=\"robots\" content=\"index, follow, max-snippet:-1, max-image-preview:large, max-video-preview:-1\" \/>\n<link rel=\"canonical\" href=\"https:\/\/www.intoo.com\/it\/per-le-persone\/orientamento-giovani\/\" \/>\n<meta property=\"og:locale\" content=\"it_IT\" \/>\n<meta property=\"og:type\" content=\"article\" \/>\n<meta property=\"og:title\" content=\"Orientamento giovani per studenti, laureandi e neolaureati - INTOO Italia\" \/>\n<meta property=\"og:description\" content=\"Sei uno Studente, un Laureando o Neo Laureato? Noi di INTOO abbiamo ideato un percorso volto ad aiutarti ad affrontare il Mercato del Lavoro.\" \/>\n<meta property=\"og:url\" content=\"https:\/\/www.intoo.com\/it\/per-le-persone\/orientamento-giovani\/\" \/>\n<meta property=\"og:site_name\" content=\"INTOO Italia\" \/>\n<meta property=\"article:modified_time\" content=\"2024-10-21T15:41:03+00:00\" \/>\n<meta property=\"og:image\" content=\"https:\/\/www.intoo.com\/wp-content\/uploads\/sites\/3\/2023\/04\/studente-o-laureato.jpeg\" \/>\n\t<meta property=\"og:image:width\" content=\"1024\" \/>\n\t<meta property=\"og:image:height\" content=\"683\" \/>\n\t<meta property=\"og:image:type\" content=\"image\/jpeg\" \/>\n<meta name=\"twitter:card\" content=\"summary_large_image\" \/>\n<meta name=\"twitter:image\" content=\"https:\/\/www.intoo.com\/wp-content\/uploads\/sites\/3\/2023\/04\/studente-o-laureato.jpeg\" \/>\n<meta name=\"twitter:label1\" content=\"Est. reading time\" \/>\n\t<meta name=\"twitter:data1\" content=\"2 minutes\" \/>\n<script type=\"application\/ld+json\" class=\"yoast-schema-graph\">{\"@context\":\"https:\/\/schema.org\",\"@graph\":[{\"@type\":\"WebPage\",\"@id\":\"https:\/\/www.intoo.com\/it\/per-le-persone\/orientamento-giovani\/\",\"url\":\"https:\/\/www.intoo.com\/it\/per-le-persone\/orientamento-giovani\/\",\"name\":\"Orientamento giovani per studenti, laureandi e neolaureati - INTOO Italia\",\"isPartOf\":{\"@id\":\"https:\/\/www.intoo.com\/it\/#website\"},\"datePublished\":\"2023-03-17T03:23:43+00:00\",\"dateModified\":\"2024-10-21T15:41:03+00:00\",\"description\":\"Sei uno Studente, un Laureando o Neo Laureato? Noi di INTOO abbiamo ideato un percorso volto ad aiutarti ad affrontare il Mercato del Lavoro.\",\"breadcrumb\":{\"@id\":\"https:\/\/www.intoo.com\/it\/per-le-persone\/orientamento-giovani\/#breadcrumb\"},\"inLanguage\":\"it-IT\",\"potentialAction\":[{\"@type\":\"ReadAction\",\"target\":[\"https:\/\/www.intoo.com\/it\/per-le-persone\/orientamento-giovani\/\"]}]},{\"@type\":\"BreadcrumbList\",\"@id\":\"https:\/\/www.intoo.com\/it\/per-le-persone\/orientamento-giovani\/#breadcrumb\",\"itemListElement\":[{\"@type\":\"ListItem\",\"position\":1,\"name\":\"Home\",\"item\":\"https:\/\/www.intoo.com\/it\/\"},{\"@type\":\"ListItem\",\"position\":2,\"name\":\"Per le Persone\",\"item\":\"https:\/\/www.intoo.com\/it\/per-le-persone\/\"},{\"@type\":\"ListItem\",\"position\":3,\"name\":\"Orientamento ai Giovani\"}]},{\"@type\":\"WebSite\",\"@id\":\"https:\/\/www.intoo.com\/it\/#website\",\"url\":\"https:\/\/www.intoo.com\/it\/\",\"name\":\"INTOO Italia\",\"description\":\"Leader nello Sviluppo dell\u2019employability e Transizione di Carriera in Italia\",\"potentialAction\":[{\"@type\":\"SearchAction\",\"target\":{\"@type\":\"EntryPoint\",\"urlTemplate\":\"https:\/\/www.intoo.com\/it\/?s={search_term_string}\"},\"query-input\":{\"@type\":\"PropertyValueSpecification\",\"valueRequired\":true,\"valueName\":\"search_term_string\"}}],\"inLanguage\":\"it-IT\"}]}<\/script>\n<!-- \/ Yoast SEO plugin. -->","yoast_head_json":{"title":"Orientamento giovani per studenti, laureandi e neolaureati - INTOO Italia","description":"Sei uno Studente, un Laureando o Neo Laureato? Noi di INTOO abbiamo ideato un percorso volto ad aiutarti ad affrontare il Mercato del Lavoro.","robots":{"index":"index","follow":"follow","max-snippet":"max-snippet:-1","max-image-preview":"max-image-preview:large","max-video-preview":"max-video-preview:-1"},"canonical":"https:\/\/www.intoo.com\/it\/per-le-persone\/orientamento-giovani\/","og_locale":"it_IT","og_type":"article","og_title":"Orientamento giovani per studenti, laureandi e neolaureati - INTOO Italia","og_description":"Sei uno Studente, un Laureando o Neo Laureato? Noi di INTOO abbiamo ideato un percorso volto ad aiutarti ad affrontare il Mercato del Lavoro.","og_url":"https:\/\/www.intoo.com\/it\/per-le-persone\/orientamento-giovani\/","og_site_name":"INTOO Italia","article_modified_time":"2024-10-21T15:41:03+00:00","og_image":[{"width":1024,"height":683,"url":"https:\/\/www.intoo.com\/wp-content\/uploads\/sites\/3\/2023\/04\/studente-o-laureato.jpeg","type":"image\/jpeg"}],"twitter_card":"summary_large_image","twitter_image":"https:\/\/www.intoo.com\/wp-content\/uploads\/sites\/3\/2023\/04\/studente-o-laureato.jpeg","twitter_misc":{"Est. reading time":"2 minutes"},"schema":{"@context":"https:\/\/schema.org","@graph":[{"@type":"WebPage","@id":"https:\/\/www.intoo.com\/it\/per-le-persone\/orientamento-giovani\/","url":"https:\/\/www.intoo.com\/it\/per-le-persone\/orientamento-giovani\/","name":"Orientamento giovani per studenti, laureandi e neolaureati - INTOO Italia","isPartOf":{"@id":"https:\/\/www.intoo.com\/it\/#website"},"datePublished":"2023-03-17T03:23:43+00:00","dateModified":"2024-10-21T15:41:03+00:00","description":"Sei uno Studente, un Laureando o Neo Laureato? Noi di INTOO abbiamo ideato un percorso volto ad aiutarti ad affrontare il Mercato del Lavoro.","breadcrumb":{"@id":"https:\/\/www.intoo.com\/it\/per-le-persone\/orientamento-giovani\/#breadcrumb"},"inLanguage":"it-IT","potentialAction":[{"@type":"ReadAction","target":["https:\/\/www.intoo.com\/it\/per-le-persone\/orientamento-giovani\/"]}]},{"@type":"BreadcrumbList","@id":"https:\/\/www.intoo.com\/it\/per-le-persone\/orientamento-giovani\/#breadcrumb","itemListElement":[{"@type":"ListItem","position":1,"name":"Home","item":"https:\/\/www.intoo.com\/it\/"},{"@type":"ListItem","position":2,"name":"Per le Persone","item":"https:\/\/www.intoo.com\/it\/per-le-persone\/"},{"@type":"ListItem","position":3,"name":"Orientamento ai Giovani"}]},{"@type":"WebSite","@id":"https:\/\/www.intoo.com\/it\/#website","url":"https:\/\/www.intoo.com\/it\/","name":"INTOO Italia","description":"Leader nello Sviluppo dell\u2019employability e Transizione di Carriera in Italia","potentialAction":[{"@type":"SearchAction","target":{"@type":"EntryPoint","urlTemplate":"https:\/\/www.intoo.com\/it\/?s={search_term_string}"},"query-input":{"@type":"PropertyValueSpecification","valueRequired":true,"valueName":"search_term_string"}}],"inLanguage":"it-IT"}]}},"_links":{"self":[{"href":"https:\/\/www.intoo.com\/it\/wp-json\/wp\/v2\/pages\/28939","targetHints":{"allow":["GET"]}}],"collection":[{"href":"https:\/\/www.intoo.com\/it\/wp-json\/wp\/v2\/pages"}],"about":[{"href":"https:\/\/www.intoo.com\/it\/wp-json\/wp\/v2\/types\/page"}],"author":[{"embeddable":true,"href":"https:\/\/www.intoo.com\/it\/wp-json\/wp\/v2\/users\/2"}],"replies":[{"embeddable":true,"href":"https:\/\/www.intoo.com\/it\/wp-json\/wp\/v2\/comments?post=28939"}],"version-history":[{"count":1,"href":"https:\/\/www.intoo.com\/it\/wp-json\/wp\/v2\/pages\/28939\/revisions"}],"predecessor-version":[{"id":54748,"href":"https:\/\/www.intoo.com\/it\/wp-json\/wp\/v2\/pages\/28939\/revisions\/54748"}],"up":[{"embeddable":true,"href":"https:\/\/www.intoo.com\/it\/wp-json\/wp\/v2\/pages\/28934"}],"wp:attachment":[{"href":"https:\/\/www.intoo.com\/it\/wp-json\/wp\/v2\/media?parent=28939"}],"curies":[{"name":"wp","href":"https:\/\/api.w.org\/{rel}","templated":true}]}}