{"id":28941,"date":"2023-03-17T03:24:15","date_gmt":"2023-03-17T03:24:15","guid":{"rendered":"https:\/\/www.intoo.com\/it\/?page_id=28941"},"modified":"2024-10-21T15:39:30","modified_gmt":"2024-10-21T15:39:30","slug":"consulenza-pensionistica","status":"publish","type":"page","link":"https:\/\/www.intoo.com\/it\/per-le-persone\/consulenza-pensionistica\/","title":{"rendered":"Consulenza Pensionistica"},"content":{"rendered":"\n[et_pb_section fb_built=&#8221;1&#8243; admin_label=&#8221;Section&#8221; _builder_version=&#8221;4.21.0&#8243; _module_preset=&#8221;default&#8221; background_color=&#8221;#f6f6f6&#8243; background_image=&#8221;https:\/\/www.intoo.com\/wp-content\/uploads\/2023\/03\/Frame-28.png&#8221; background_position=&#8221;top_center&#8221; custom_padding=&#8221;100px||100px||false|false&#8221; custom_padding_tablet=&#8221;40px||0px||false|false&#8221; custom_padding_phone=&#8221;40px||||false|false&#8221; da_disable_devices=&#8221;off|off|off&#8221; locked=&#8221;off&#8221; global_colors_info=&#8221;{}&#8221; da_is_popup=&#8221;off&#8221; da_exit_intent=&#8221;off&#8221; da_has_close=&#8221;on&#8221; da_alt_close=&#8221;off&#8221; da_dark_close=&#8221;off&#8221; da_not_modal=&#8221;on&#8221; da_is_singular=&#8221;off&#8221; da_with_loader=&#8221;off&#8221; da_has_shadow=&#8221;on&#8221;][et_pb_row _builder_version=&#8221;4.20.0&#8243; _module_preset=&#8221;default&#8221; global_colors_info=&#8221;{}&#8221;][et_pb_column type=&#8221;4_4&#8243; _builder_version=&#8221;4.20.0&#8243; _module_preset=&#8221;default&#8221; global_colors_info=&#8221;{}&#8221;][et_pb_text _builder_version=&#8221;4.20.2&#8243; _module_preset=&#8221;299756f9-5ed7-4af7-a352-b75b6c7bdc8e&#8221; header_font=&#8221;|300|||||||&#8221; header_text_color=&#8221;#081D4F&#8221; header_font_size=&#8221;64px&#8221; global_colors_info=&#8221;{}&#8221;]<h1>Consulenza Pensionistica<\/h1>[\/et_pb_text][et_pb_text _builder_version=&#8221;4.20.2&#8243; _module_preset=&#8221;4ceb1d55-297b-4eaa-a46f-2d586755d9a6&#8243; text_text_color=&#8221;#4a5463&#8243; text_font_size=&#8221;28px&#8221; text_line_height=&#8221;36px&#8221; custom_margin=&#8221;||||false|false&#8221; custom_margin_tablet=&#8221;|10px|||false|false&#8221; custom_margin_phone=&#8221;|0px||0px|false|false&#8221; custom_padding=&#8221;|300px||0px|false|false&#8221; custom_padding_tablet=&#8221;|0px|||false|false&#8221; custom_padding_phone=&#8221;&#8221; custom_padding_last_edited=&#8221;on|desktop&#8221; global_colors_info=&#8221;{}&#8221;]<h2 style=\"text-align: left\"><span style=\"font-weight: 400\">Obiettivo Pensione \u00e8 la consulenza individuale e personalizzata che ti aiuta a costruire diversi scenari rispetto al tuo traguardo pensionistico<\/span><\/h2>[\/et_pb_text][et_pb_button button_url=&#8221;@ET-DC@eyJkeW5hbWljIjp0cnVlLCJjb250ZW50IjoicG9zdF9saW5rX3VybF9wYWdlIiwic2V0dGluZ3MiOnsicG9zdF9pZCI6IjI4OTYyIn19@&#8221; button_text=&#8221;Contattaci&#8221; button_alignment=&#8221;left&#8221; _builder_version=&#8221;4.20.2&#8243; _dynamic_attributes=&#8221;button_url&#8221; _module_preset=&#8221;06d3534d-ce4f-46c3-a765-ea24c71620ac&#8221; locked=&#8221;off&#8221; global_colors_info=&#8221;{}&#8221;][\/et_pb_button][\/et_pb_column][\/et_pb_row][\/et_pb_section][et_pb_section fb_built=&#8221;1&#8243; _builder_version=&#8221;4.21.0&#8243; _module_preset=&#8221;default&#8221; background_color=&#8221;#f6f6f6&#8243; custom_padding=&#8221;||100px||false|false&#8221; custom_padding_tablet=&#8221;40px||50px||false|false&#8221; custom_padding_phone=&#8221;20px||||false|false&#8221; da_disable_devices=&#8221;off|off|off&#8221; locked=&#8221;off&#8221; global_colors_info=&#8221;{}&#8221; da_is_popup=&#8221;off&#8221; da_exit_intent=&#8221;off&#8221; da_has_close=&#8221;on&#8221; da_alt_close=&#8221;off&#8221; da_dark_close=&#8221;off&#8221; da_not_modal=&#8221;on&#8221; da_is_singular=&#8221;off&#8221; da_with_loader=&#8221;off&#8221; da_has_shadow=&#8221;on&#8221;][et_pb_row column_structure=&#8221;2_5,3_5&#8243; _builder_version=&#8221;4.21.0&#8243; _module_preset=&#8221;default&#8221; hover_enabled=&#8221;0&#8243; pac_drh_column_numbers_tablet=&#8221;pac_drh_tab_col_one&#8221; pac_drh_column_numbers_phone=&#8221;pac_drh_phone_col_one&#8221; global_colors_info=&#8221;{}&#8221; custom_css_main_element_last_edited=&#8221;on|tablet&#8221; custom_css_main_element_tablet=&#8221;flex-direction:column-reverse;||display:flex;&#8221; custom_css_main_element_phone=&#8221;flex-direction:column-reverse;||display:flex;&#8221; sticky_enabled=&#8221;0&#8243;][et_pb_column type=&#8221;2_5&#8243; _builder_version=&#8221;4.21.0&#8243; _module_preset=&#8221;default&#8221; global_colors_info=&#8221;{}&#8221; custom_css_main_element_last_edited=&#8221;on|tablet&#8221; custom_css_main_element_tablet=&#8221;width:100% !important;&#8221; custom_css_main_element_phone=&#8221;width:100% !important;&#8221;][et_pb_image src=&#8221;https:\/\/www.intoo.com\/it\/wp-content\/uploads\/sites\/3\/2023\/04\/consulenza-pensionistica-img.jpeg&#8221; alt=&#8221;Obiettivo Pensione \u00e8 la consulenza individuale e personalizzata che ti aiuta a costruire diversi scenari rispetto al tuo traguardo pensionistico&#8221; title_text=&#8221;consulenza pensionistica&#8221; _builder_version=&#8221;4.21.0&#8243; _module_preset=&#8221;d57f0bd1-d1ce-4266-ac73-fd3eb895d749&#8243; width_tablet=&#8221;350px&#8221; max_width_phone=&#8221;83%&#8221; custom_margin_tablet=&#8221;50px|||100px|false|false&#8221; custom_padding=&#8221;||20px||false|false&#8221; global_colors_info=&#8221;{}&#8221; custom_css_main_element_last_edited=&#8221;on|tablet&#8221;][\/et_pb_image][\/et_pb_column][et_pb_column type=&#8221;3_5&#8243; _builder_version=&#8221;4.21.0&#8243; _module_preset=&#8221;default&#8221; background_color=&#8221;RGBA(255,255,255,0)&#8221; custom_padding=&#8221;80px|80px|60px|60px|false|false&#8221; custom_padding_tablet=&#8221;80px|80px|60px|60px|false|false&#8221; custom_padding_phone=&#8221;|20px||20px|false|false&#8221; custom_padding_last_edited=&#8221;on|phone&#8221; hover_enabled=&#8221;0&#8243; global_colors_info=&#8221;{}&#8221; custom_css_main_element_last_edited=&#8221;on|tablet&#8221; custom_css_main_element_tablet=&#8221;width:100% !important;||float:right !important;&#8221; custom_css_main_element_phone=&#8221;width:100% !important;||float:right !important;&#8221; sticky_enabled=&#8221;0&#8243;][et_pb_text _builder_version=&#8221;4.21.0&#8243; _module_preset=&#8221;4ceb1d55-297b-4eaa-a46f-2d586755d9a6&#8243; custom_margin_tablet=&#8221;0px||0px||false|false&#8221; custom_margin_phone=&#8221;0px||0px||false|false&#8221; global_colors_info=&#8221;{}&#8221;]<h2 style=\"text-align: left\">Quando andr\u00f2 in pensione? Come ci andr\u00f2? Quanto ho maturato di importo di pensione?<\/h2>[\/et_pb_text][et_pb_text module_class=&#8221;roboto-flex-regular&#8221; _builder_version=&#8221;4.21.0&#8243; _module_preset=&#8221;default&#8221; text_font=&#8221;Roboto Flex||||||||&#8221; text_text_color=&#8221;#4a5463&#8243; custom_margin=&#8221;||10px||false|false&#8221; custom_css_main_element=&#8221;font-weight:400;&#8221; global_colors_info=&#8221;{}&#8221;]<p><span style=\"font-weight: 400\">Non \u00e8 facile districarsi tra i <\/span><b>continui aggiornamenti in materia<\/b><span style=\"font-weight: 400\">, soprattutto se si ha alle spalle un percorso lavorativo articolato, magari con periodi all\u2019estero o discontinuo o con contributi in casse previdenziali diverse.<\/span><\/p>\n<p><span style=\"font-weight: 400\">Con <\/span><b>\u201cObiettivo Pensione\u201d<\/b><span style=\"font-weight: 400\"> un professionista ti affiancher\u00e0 per analizzare la tua situazione attuale e prospettica e sarai in grado di <\/span><b>scegliere il percorso migliore<\/b><span style=\"font-weight: 400\"> e pi\u00f9 soddisfacente anche dal punto di vista economico<\/span><\/p>[\/et_pb_text][\/et_pb_column][\/et_pb_row][\/et_pb_section][et_pb_section fb_built=&#8221;1&#8243; custom_padding_last_edited=&#8221;on|phone&#8221; _builder_version=&#8221;4.21.0&#8243; _module_preset=&#8221;default&#8221; background_image=&#8221;https:\/\/www.intoo.com\/wp-content\/uploads\/2023\/03\/Frame-29.png&#8221; height_tablet=&#8221;auto&#8221; height_phone=&#8221;&#8221; height_last_edited=&#8221;on|tablet&#8221; custom_padding=&#8221;110px||90px||false|false&#8221; custom_padding_tablet=&#8221;110px||90px||false|false&#8221; custom_padding_phone=&#8221;50px||65px||false|false&#8221; da_disable_devices=&#8221;off|off|off&#8221; locked=&#8221;off&#8221; global_colors_info=&#8221;{}&#8221; da_is_popup=&#8221;off&#8221; da_exit_intent=&#8221;off&#8221; da_has_close=&#8221;on&#8221; da_alt_close=&#8221;off&#8221; da_dark_close=&#8221;off&#8221; da_not_modal=&#8221;on&#8221; da_is_singular=&#8221;off&#8221; da_with_loader=&#8221;off&#8221; da_has_shadow=&#8221;on&#8221;][et_pb_row column_structure=&#8221;3_5,2_5&#8243; make_equal=&#8221;on&#8221; custom_padding_last_edited=&#8221;on|phone&#8221; _builder_version=&#8221;4.21.0&#8243; _module_preset=&#8221;default&#8221; custom_padding=&#8221;40px|31px|||false|false&#8221; custom_padding_tablet=&#8221;40px|0px|||false|false&#8221; custom_padding_phone=&#8221;40px|0px|||false|false&#8221; global_colors_info=&#8221;{}&#8221;][et_pb_column type=&#8221;3_5&#8243; _builder_version=&#8221;4.20.2&#8243; _module_preset=&#8221;default&#8221; custom_css_main_element=&#8221;align-self: center;&#8221; global_colors_info=&#8221;{}&#8221;][et_pb_text _builder_version=&#8221;4.20.2&#8243; _module_preset=&#8221;default&#8221; text_font=&#8221;Roboto Flex|700|||||||&#8221; header_2_font=&#8221;Roboto Flex|700|||||||&#8221; header_2_text_align=&#8221;left&#8221; header_2_text_color=&#8221;#FFFFFF&#8221; header_2_font_size=&#8221;40px&#8221; header_2_line_height=&#8221;44px&#8221; custom_margin=&#8221;|-385px||||&#8221; custom_margin_tablet=&#8221;|0px|||false|false&#8221; custom_margin_phone=&#8221;|0px|||false|false&#8221; custom_margin_last_edited=&#8221;on|tablet&#8221; custom_padding=&#8221;|0px||0px|false|false&#8221; header_2_text_align_tablet=&#8221;center&#8221; header_2_text_align_phone=&#8221;center&#8221; header_2_text_align_last_edited=&#8221;on|tablet&#8221; global_colors_info=&#8221;{}&#8221;]<h2>Accedi e registrati alla tua Area Riservata per analizzare la <span style=\"color: #75b134\">tua situazione previdenziale.<\/span><\/h2>[\/et_pb_text][\/et_pb_column][et_pb_column type=&#8221;2_5&#8243; _builder_version=&#8221;4.20.2&#8243; _module_preset=&#8221;default&#8221; custom_css_main_element=&#8221;align-self: center;&#8221; global_colors_info=&#8221;{}&#8221;][et_pb_button button_url=&#8221;https:\/\/it.myintoo.com\/login&#8221; url_new_window=&#8221;on&#8221; button_text=&#8221; Accedi e registrati&#8221; button_alignment=&#8221;right&#8221; button_alignment_tablet=&#8221;center&#8221; button_alignment_phone=&#8221;center&#8221; button_alignment_last_edited=&#8221;on|tablet&#8221; module_class=&#8221;large-button green-button-transparent-hover&#8221; _builder_version=&#8221;4.21.0&#8243; _module_preset=&#8221;default&#8221; custom_button=&#8221;on&#8221; button_text_color=&#8221;#081D4F&#8221; button_bg_color=&#8221;#75B134&#8243; button_border_color=&#8221;RGBA(255,255,255,0)&#8221; background_layout=&#8221;dark&#8221; custom_margin=&#8221;|||31px|false|false&#8221; custom_margin_tablet=&#8221;15px|||0px|false|false&#8221; custom_margin_phone=&#8221;15px|||0px|false|false&#8221; custom_margin_last_edited=&#8221;on|phone&#8221; custom_padding=&#8221;|35px||35px|false|false&#8221; custom_padding_tablet=&#8221;|35px||35px|false|false&#8221; custom_padding_phone=&#8221;|35px||35px|false|false&#8221; custom_padding_last_edited=&#8221;on|phone&#8221; custom_css_main_element=&#8221;font-weight:600;&#8221; global_colors_info=&#8221;{}&#8221;][\/et_pb_button][\/et_pb_column][\/et_pb_row][\/et_pb_section]\n","protected":false},"excerpt":{"rendered":"<p>Consulenza PensionisticaObiettivo Pensione \u00e8 la consulenza individuale e personalizzata che ti aiuta a costruire diversi scenari rispetto al tuo traguardo pensionisticoQuando andr\u00f2 in pensione? Come ci andr\u00f2? Quanto ho maturato di importo di pensione?Non \u00e8 facile districarsi tra i continui aggiornamenti in materia, soprattutto se si ha alle spalle un percorso lavorativo articolato, magari con [&hellip;]<\/p>\n","protected":false},"author":2,"featured_media":0,"parent":28934,"menu_order":0,"comment_status":"closed","ping_status":"closed","template":"","meta":{"_et_pb_use_builder":"on","_et_pb_old_content":"","_et_gb_content_width":"","footnotes":"","_links_to":"","_links_to_target":""},"class_list":["post-28941","page","type-page","status-publish","hentry"],"yoast_head":"<!-- This site is optimized with the Yoast SEO plugin v26.9 - https:\/\/yoast.com\/product\/yoast-seo-wordpress\/ -->\n<title>Obiettivo pensione il programma di consulenza pensionistica di INTOO<\/title>\n<meta name=\"description\" content=\"Obiettivo Pensione \u00e8 la consulenza individuale e personalizzata che ti aiuta a costruire diversi scenari rispetto al tuo traguardo pensionistico\" \/>\n<meta name=\"robots\" content=\"index, follow, max-snippet:-1, max-image-preview:large, max-video-preview:-1\" \/>\n<link rel=\"canonical\" href=\"https:\/\/www.intoo.com\/it\/per-le-persone\/consulenza-pensionistica\/\" \/>\n<meta property=\"og:locale\" content=\"it_IT\" \/>\n<meta property=\"og:type\" content=\"article\" \/>\n<meta property=\"og:title\" content=\"Obiettivo pensione il programma di consulenza pensionistica di INTOO\" \/>\n<meta property=\"og:description\" content=\"Obiettivo Pensione \u00e8 la consulenza individuale e personalizzata che ti aiuta a costruire diversi scenari rispetto al tuo traguardo pensionistico\" \/>\n<meta property=\"og:url\" content=\"https:\/\/www.intoo.com\/it\/per-le-persone\/consulenza-pensionistica\/\" \/>\n<meta property=\"og:site_name\" content=\"INTOO Italia\" \/>\n<meta property=\"article:modified_time\" content=\"2024-10-21T15:39:30+00:00\" \/>\n<meta property=\"og:image\" content=\"https:\/\/www.intoo.com\/wp-content\/uploads\/sites\/3\/2023\/04\/consulenza-pensionistica-img.jpeg\" \/>\n\t<meta property=\"og:image:width\" content=\"787\" \/>\n\t<meta property=\"og:image:height\" content=\"683\" \/>\n\t<meta property=\"og:image:type\" content=\"image\/jpeg\" \/>\n<meta name=\"twitter:card\" content=\"summary_large_image\" \/>\n<meta name=\"twitter:image\" content=\"https:\/\/www.intoo.com\/wp-content\/uploads\/sites\/3\/2023\/04\/consulenza-pensionistica-img.jpeg\" \/>\n<meta name=\"twitter:label1\" content=\"Est. reading time\" \/>\n\t<meta name=\"twitter:data1\" content=\"1 minute\" \/>\n<script type=\"application\/ld+json\" class=\"yoast-schema-graph\">{\"@context\":\"https:\/\/schema.org\",\"@graph\":[{\"@type\":\"WebPage\",\"@id\":\"https:\/\/www.intoo.com\/it\/per-le-persone\/consulenza-pensionistica\/\",\"url\":\"https:\/\/www.intoo.com\/it\/per-le-persone\/consulenza-pensionistica\/\",\"name\":\"Obiettivo pensione il programma di consulenza pensionistica di INTOO\",\"isPartOf\":{\"@id\":\"https:\/\/www.intoo.com\/it\/#website\"},\"datePublished\":\"2023-03-17T03:24:15+00:00\",\"dateModified\":\"2024-10-21T15:39:30+00:00\",\"description\":\"Obiettivo Pensione \u00e8 la consulenza individuale e personalizzata che ti aiuta a costruire diversi scenari rispetto al tuo traguardo pensionistico\",\"breadcrumb\":{\"@id\":\"https:\/\/www.intoo.com\/it\/per-le-persone\/consulenza-pensionistica\/#breadcrumb\"},\"inLanguage\":\"it-IT\",\"potentialAction\":[{\"@type\":\"ReadAction\",\"target\":[\"https:\/\/www.intoo.com\/it\/per-le-persone\/consulenza-pensionistica\/\"]}]},{\"@type\":\"BreadcrumbList\",\"@id\":\"https:\/\/www.intoo.com\/it\/per-le-persone\/consulenza-pensionistica\/#breadcrumb\",\"itemListElement\":[{\"@type\":\"ListItem\",\"position\":1,\"name\":\"Home\",\"item\":\"https:\/\/www.intoo.com\/it\/\"},{\"@type\":\"ListItem\",\"position\":2,\"name\":\"Per le Persone\",\"item\":\"https:\/\/www.intoo.com\/it\/per-le-persone\/\"},{\"@type\":\"ListItem\",\"position\":3,\"name\":\"Consulenza Pensionistica\"}]},{\"@type\":\"WebSite\",\"@id\":\"https:\/\/www.intoo.com\/it\/#website\",\"url\":\"https:\/\/www.intoo.com\/it\/\",\"name\":\"INTOO Italia\",\"description\":\"Leader nello Sviluppo dell\u2019employability e Transizione di Carriera in Italia\",\"potentialAction\":[{\"@type\":\"SearchAction\",\"target\":{\"@type\":\"EntryPoint\",\"urlTemplate\":\"https:\/\/www.intoo.com\/it\/?s={search_term_string}\"},\"query-input\":{\"@type\":\"PropertyValueSpecification\",\"valueRequired\":true,\"valueName\":\"search_term_string\"}}],\"inLanguage\":\"it-IT\"}]}<\/script>\n<!-- \/ Yoast SEO plugin. -->","yoast_head_json":{"title":"Obiettivo pensione il programma di consulenza pensionistica di INTOO","description":"Obiettivo Pensione \u00e8 la consulenza individuale e personalizzata che ti aiuta a costruire diversi scenari rispetto al tuo traguardo pensionistico","robots":{"index":"index","follow":"follow","max-snippet":"max-snippet:-1","max-image-preview":"max-image-preview:large","max-video-preview":"max-video-preview:-1"},"canonical":"https:\/\/www.intoo.com\/it\/per-le-persone\/consulenza-pensionistica\/","og_locale":"it_IT","og_type":"article","og_title":"Obiettivo pensione il programma di consulenza pensionistica di INTOO","og_description":"Obiettivo Pensione \u00e8 la consulenza individuale e personalizzata che ti aiuta a costruire diversi scenari rispetto al tuo traguardo pensionistico","og_url":"https:\/\/www.intoo.com\/it\/per-le-persone\/consulenza-pensionistica\/","og_site_name":"INTOO Italia","article_modified_time":"2024-10-21T15:39:30+00:00","og_image":[{"width":787,"height":683,"url":"https:\/\/www.intoo.com\/wp-content\/uploads\/sites\/3\/2023\/04\/consulenza-pensionistica-img.jpeg","type":"image\/jpeg"}],"twitter_card":"summary_large_image","twitter_image":"https:\/\/www.intoo.com\/wp-content\/uploads\/sites\/3\/2023\/04\/consulenza-pensionistica-img.jpeg","twitter_misc":{"Est. reading time":"1 minute"},"schema":{"@context":"https:\/\/schema.org","@graph":[{"@type":"WebPage","@id":"https:\/\/www.intoo.com\/it\/per-le-persone\/consulenza-pensionistica\/","url":"https:\/\/www.intoo.com\/it\/per-le-persone\/consulenza-pensionistica\/","name":"Obiettivo pensione il programma di consulenza pensionistica di INTOO","isPartOf":{"@id":"https:\/\/www.intoo.com\/it\/#website"},"datePublished":"2023-03-17T03:24:15+00:00","dateModified":"2024-10-21T15:39:30+00:00","description":"Obiettivo Pensione \u00e8 la consulenza individuale e personalizzata che ti aiuta a costruire diversi scenari rispetto al tuo traguardo pensionistico","breadcrumb":{"@id":"https:\/\/www.intoo.com\/it\/per-le-persone\/consulenza-pensionistica\/#breadcrumb"},"inLanguage":"it-IT","potentialAction":[{"@type":"ReadAction","target":["https:\/\/www.intoo.com\/it\/per-le-persone\/consulenza-pensionistica\/"]}]},{"@type":"BreadcrumbList","@id":"https:\/\/www.intoo.com\/it\/per-le-persone\/consulenza-pensionistica\/#breadcrumb","itemListElement":[{"@type":"ListItem","position":1,"name":"Home","item":"https:\/\/www.intoo.com\/it\/"},{"@type":"ListItem","position":2,"name":"Per le Persone","item":"https:\/\/www.intoo.com\/it\/per-le-persone\/"},{"@type":"ListItem","position":3,"name":"Consulenza Pensionistica"}]},{"@type":"WebSite","@id":"https:\/\/www.intoo.com\/it\/#website","url":"https:\/\/www.intoo.com\/it\/","name":"INTOO Italia","description":"Leader nello Sviluppo dell\u2019employability e Transizione di Carriera in Italia","potentialAction":[{"@type":"SearchAction","target":{"@type":"EntryPoint","urlTemplate":"https:\/\/www.intoo.com\/it\/?s={search_term_string}"},"query-input":{"@type":"PropertyValueSpecification","valueRequired":true,"valueName":"search_term_string"}}],"inLanguage":"it-IT"}]}},"_links":{"self":[{"href":"https:\/\/www.intoo.com\/it\/wp-json\/wp\/v2\/pages\/28941","targetHints":{"allow":["GET"]}}],"collection":[{"href":"https:\/\/www.intoo.com\/it\/wp-json\/wp\/v2\/pages"}],"about":[{"href":"https:\/\/www.intoo.com\/it\/wp-json\/wp\/v2\/types\/page"}],"author":[{"embeddable":true,"href":"https:\/\/www.intoo.com\/it\/wp-json\/wp\/v2\/users\/2"}],"replies":[{"embeddable":true,"href":"https:\/\/www.intoo.com\/it\/wp-json\/wp\/v2\/comments?post=28941"}],"version-history":[{"count":1,"href":"https:\/\/www.intoo.com\/it\/wp-json\/wp\/v2\/pages\/28941\/revisions"}],"predecessor-version":[{"id":54747,"href":"https:\/\/www.intoo.com\/it\/wp-json\/wp\/v2\/pages\/28941\/revisions\/54747"}],"up":[{"embeddable":true,"href":"https:\/\/www.intoo.com\/it\/wp-json\/wp\/v2\/pages\/28934"}],"wp:attachment":[{"href":"https:\/\/www.intoo.com\/it\/wp-json\/wp\/v2\/media?parent=28941"}],"curies":[{"name":"wp","href":"https:\/\/api.w.org\/{rel}","templated":true}]}}