{"id":28951,"date":"2023-03-17T03:28:08","date_gmt":"2023-03-17T03:28:08","guid":{"rendered":"https:\/\/www.intoo.com\/it\/?page_id=28951"},"modified":"2025-03-06T10:59:03","modified_gmt":"2025-03-06T10:59:03","slug":"il-gruppo","status":"publish","type":"page","link":"https:\/\/www.intoo.com\/it\/chi-siamo\/il-gruppo\/","title":{"rendered":"Il Gruppo"},"content":{"rendered":"<p>[et_pb_section fb_built=&#8221;1&#8243; admin_label=&#8221;Section&#8221; _builder_version=&#8221;4.21.0&#8243; _module_preset=&#8221;default&#8221; background_color=&#8221;#f6f6f6&#8243; background_image=&#8221;https:\/\/www.intoo.com\/wp-content\/uploads\/2023\/03\/Frame-28.png&#8221; background_position=&#8221;top_center&#8221; custom_padding=&#8221;100px||40px||false|false&#8221; custom_padding_tablet=&#8221;40px||50px||false|false&#8221; custom_padding_phone=&#8221;40px||||false|false&#8221; da_disable_devices=&#8221;off|off|off&#8221; locked=&#8221;off&#8221; global_colors_info=&#8221;{}&#8221; da_is_popup=&#8221;off&#8221; da_exit_intent=&#8221;off&#8221; da_has_close=&#8221;on&#8221; da_alt_close=&#8221;off&#8221; da_dark_close=&#8221;off&#8221; da_not_modal=&#8221;on&#8221; da_is_singular=&#8221;off&#8221; da_with_loader=&#8221;off&#8221; da_has_shadow=&#8221;on&#8221;][et_pb_row _builder_version=&#8221;4.20.0&#8243; _module_preset=&#8221;default&#8221; global_colors_info=&#8221;{}&#8221;][et_pb_column type=&#8221;4_4&#8243; _builder_version=&#8221;4.20.0&#8243; _module_preset=&#8221;default&#8221; global_colors_info=&#8221;{}&#8221;][et_pb_text _builder_version=&#8221;4.20.2&#8243; _module_preset=&#8221;299756f9-5ed7-4af7-a352-b75b6c7bdc8e&#8221; header_font=&#8221;|300|||||||&#8221; header_text_color=&#8221;#081D4F&#8221; header_font_size=&#8221;64px&#8221; global_colors_info=&#8221;{}&#8221;]<\/p>\n<h1>Il Gruppo<\/h1>\n<p>[\/et_pb_text][et_pb_text _builder_version=&#8221;4.21.0&#8243; _module_preset=&#8221;4ceb1d55-297b-4eaa-a46f-2d586755d9a6&#8243; text_text_color=&#8221;#4a5463&#8243; text_font_size=&#8221;28px&#8221; text_line_height=&#8221;36px&#8221; header_2_font=&#8221;Roboto Flex||||||||&#8221; header_2_text_align=&#8221;left&#8221; header_2_text_color=&#8221;#4A5463&#8243; header_2_line_height=&#8221;45px&#8221; custom_margin=&#8221;||4px||false|false&#8221; custom_margin_tablet=&#8221;|10px|||false|false&#8221; custom_margin_phone=&#8221;|0px||0px|false|false&#8221; custom_padding=&#8221;|187px||0px|false|false&#8221; custom_padding_tablet=&#8221;|0px|||false|false&#8221; custom_padding_phone=&#8221;&#8221; custom_padding_last_edited=&#8221;on|desktop&#8221; global_colors_info=&#8221;{}&#8221;]<\/p>\n<h3>Facciamo parte di Gi Group Holding, la prima multinazionale italiana del lavoro, nonch\u00e9 una tra le principali realt\u00e0 che offrono servizi e consulenza HR a livello globale.<\/h3>\n<p>[\/et_pb_text][et_pb_text _builder_version=&#8221;4.21.0&#8243; _module_preset=&#8221;db47c3b5-60f9-4e40-8d32-8e6e3cba55cb&#8221; text_text_color=&#8221;#4a5463&#8243; custom_margin=&#8221;||||false|false&#8221; custom_margin_tablet=&#8221;|10px|||false|false&#8221; custom_margin_phone=&#8221;|0px||0px|false|false&#8221; custom_margin_last_edited=&#8221;on|tablet&#8221; custom_padding=&#8221;|174px||0px|false|false&#8221; custom_padding_tablet=&#8221;|0px|||false|false&#8221; custom_padding_phone=&#8221;&#8221; custom_padding_last_edited=&#8221;on|desktop&#8221; locked=&#8221;off&#8221; global_colors_info=&#8221;{}&#8221;]<\/p>\n<p>Come Gruppo, le nostre soluzioni sono pensate per contribuire a uno\u00a0<b>sviluppo sostenibile<\/b>\u00a0del mercato del lavoro attraverso la creazione di valore sociale ed economico.<\/p>\n<p>Ci occupiamo di\u00a0<b>temporary<\/b><b>, <\/b><b>permanent<\/b><b> e professional <\/b><b>staffing<\/b><b>, ricerca e selezione, executive <\/b><b>selection<\/b><b>, e<\/b><b>mployability\/sviluppo e transizione di carriera<\/b><b>, formazione, outsourcing, amministrazione e consulenza HR<\/b>.<\/p>\n<p>Siamo More than work.<\/p>\n<p>[\/et_pb_text][\/et_pb_column][\/et_pb_row][\/et_pb_section][et_pb_section fb_built=&#8221;1&#8243; _builder_version=&#8221;4.21.0&#8243; custom_padding=&#8221;50px||100px||false|false&#8221; custom_padding_phone=&#8221;50px||||false|false&#8221; da_disable_devices=&#8221;off|off|off&#8221; global_colors_info=&#8221;{}&#8221; da_is_popup=&#8221;off&#8221; da_exit_intent=&#8221;off&#8221; da_has_close=&#8221;on&#8221; da_alt_close=&#8221;off&#8221; da_dark_close=&#8221;off&#8221; da_not_modal=&#8221;on&#8221; da_is_singular=&#8221;off&#8221; da_with_loader=&#8221;off&#8221; da_has_shadow=&#8221;on&#8221;][et_pb_row custom_padding_last_edited=&#8221;on|tablet&#8221; _builder_version=&#8221;4.20.2&#8243; _module_preset=&#8221;default&#8221; background_size=&#8221;initial&#8221; background_position=&#8221;top_left&#8221; background_repeat=&#8221;repeat&#8221; custom_padding=&#8221;|2px|||false|false&#8221; custom_padding_tablet=&#8221;|0px|||false|false&#8221; custom_padding_phone=&#8221;|0px|||false|false&#8221; global_colors_info=&#8221;{}&#8221;][et_pb_column type=&#8221;4_4&#8243; _builder_version=&#8221;4.20.0&#8243; _module_preset=&#8221;default&#8221; global_colors_info=&#8221;{}&#8221;][et_pb_text _builder_version=&#8221;4.21.0&#8243; _module_preset=&#8221;4ceb1d55-297b-4eaa-a46f-2d586755d9a6&#8243; custom_margin=&#8221;-20px|2px|-18px||false|false&#8221; custom_padding=&#8221;|0px|5px|||&#8221; global_colors_info=&#8221;{}&#8221;]<\/p>\n<h2 style=\"text-align: left\">Corporate Social Responsibility<\/h2>\n<p>[\/et_pb_text][et_pb_text module_class=&#8221;roboto-flex-regular&#8221; _builder_version=&#8221;4.21.0&#8243; _module_preset=&#8221;d2d364f8-05b8-4b94-ba04-c8dc1bfcb797&#8243; custom_padding=&#8221;|2px|||false|false&#8221; custom_padding_tablet=&#8221;|20px|||false|false&#8221; custom_padding_phone=&#8221;|20px|||false|false&#8221; custom_padding_last_edited=&#8221;on|phone&#8221; global_colors_info=&#8221;{}&#8221;]<\/p>\n<p style=\"text-align: left\"><b>Il lavoro del Gruppo \u00e8 finalizzato alla costruzione di opportunit\u00e0 di lavoro che si sostanziano nella possibilit\u00e0 di costruire, per le persone, un futuro adeguato alle proprie aspettative ed esigenze.<\/b><\/p>\n<p>[\/et_pb_text][\/et_pb_column][\/et_pb_row][et_pb_row column_structure=&#8221;1_2,1_2&#8243; _builder_version=&#8221;4.20.2&#8243; _module_preset=&#8221;default&#8221; custom_padding=&#8221;||40px||false|false&#8221; locked=&#8221;off&#8221; global_colors_info=&#8221;{}&#8221;][et_pb_column type=&#8221;1_2&#8243; _builder_version=&#8221;4.20.0&#8243; _module_preset=&#8221;default&#8221; global_colors_info=&#8221;{}&#8221;][et_pb_image src=&#8221;https:\/\/www.intoo.com\/it\/wp-content\/uploads\/sites\/3\/2021\/09\/modelli-di-change-management.jpg&#8221; alt=&#8221;Corporate Social Responsability&#8221; title_text=&#8221;Corporate Social Responsability&#8221; _builder_version=&#8221;4.21.0&#8243; _module_preset=&#8221;b700e738-982f-4982-993b-5f12c11b9e1b&#8221; custom_margin=&#8221;0px|||6px|false|false&#8221; global_colors_info=&#8221;{}&#8221;][\/et_pb_image][\/et_pb_column][et_pb_column type=&#8221;1_2&#8243; _builder_version=&#8221;4.20.0&#8243; _module_preset=&#8221;default&#8221; global_colors_info=&#8221;{}&#8221;][et_pb_text _builder_version=&#8221;4.21.0&#8243; _module_preset=&#8221;default&#8221; custom_padding=&#8221;|37px|||false|false&#8221; custom_padding_tablet=&#8221;|0px|||false|false&#8221; custom_padding_phone=&#8221;|0px|||false|false&#8221; custom_padding_last_edited=&#8221;on|tablet&#8221; global_colors_info=&#8221;{}&#8221;]<\/p>\n<p style=\"text-align: left\">Questo lavoro, spesso paragonato alla complessit\u00e0 e solidit\u00e0 di una cattedrale, \u00e8 costruito per durare nel tempo e si attiene ai <strong>principi fondamentali dell\u2019umanit\u00e0<\/strong>: rispetto, capacit\u00e0, chiarezza e grande abilit\u00e0 organizzativa, con metodi di lavoro che uniscono operativit\u00e0, morale e disciplina.<\/p>\n<p>[\/et_pb_text][et_pb_text _builder_version=&#8221;4.20.2&#8243; _module_preset=&#8221;3a5c8193-51bc-42d7-aceb-413c2ecc5d77&#8243; global_colors_info=&#8221;{}&#8221;]<\/p>\n<p><span style=\"font-weight: 400\">In questo contesto, il principio ispiratore delle attivit\u00e0 aziendali \u00e8 rappresentato da <\/span><b>un forte orientamento sia al lavoro sia all\u2019aspetto umano<\/b><span style=\"font-weight: 400\">: il nostro lavoro si basa sul valore inequivocabile delle persone, sulla comprensione della grande importanza che il lavoro ha per loro e sul profondo rispetto e stima dell\u2019azienda come strumento fondamentale per lo sviluppo dell\u2019impresa.<\/span><\/p>\n<p>[\/et_pb_text][et_pb_text _builder_version=&#8221;4.20.2&#8243; _module_preset=&#8221;default&#8221; custom_margin=&#8221;||||false|false&#8221; custom_margin_tablet=&#8221;|0px|||false|false&#8221; custom_margin_phone=&#8221;|0px|||false|false&#8221; custom_margin_last_edited=&#8221;off|desktop&#8221; custom_padding=&#8221;||0px|30px|false|false&#8221; custom_padding_last_edited=&#8221;off|tablet&#8221; border_width_left=&#8221;6px&#8221; border_color_left=&#8221;#75B134&#8243; locked=&#8221;off&#8221; global_colors_info=&#8221;{}&#8221;]<\/p>\n<p><i><span style=\"font-weight: 400\">Con il nostro lavoro, cerchiamo di prendere parte agli sforzi volti a perseguire la felicit\u00e0, intrapresi da tutti gli esseri umani e da intere popolazioni.<\/span><\/i><\/p>\n<p>[\/et_pb_text][\/et_pb_column][\/et_pb_row][et_pb_row custom_padding_last_edited=&#8221;on|phone&#8221; _builder_version=&#8221;4.21.0&#8243; _module_preset=&#8221;default&#8221; background_size=&#8221;initial&#8221; background_position=&#8221;top_left&#8221; background_repeat=&#8221;repeat&#8221; custom_padding_tablet=&#8221;&#8221; custom_padding_phone=&#8221;0px||||false|false&#8221; global_colors_info=&#8221;{}&#8221;][et_pb_column type=&#8221;4_4&#8243; _builder_version=&#8221;4.20.0&#8243; _module_preset=&#8221;default&#8221; global_colors_info=&#8221;{}&#8221;][et_pb_text _builder_version=&#8221;4.21.0&#8243; _module_preset=&#8221;3a5c8193-51bc-42d7-aceb-413c2ecc5d77&#8243; custom_margin=&#8221;0px||||false|false&#8221; custom_padding_tablet=&#8221;&#8221; custom_padding_phone=&#8221;&#8221; custom_padding_last_edited=&#8221;on|tablet&#8221; global_colors_info=&#8221;{}&#8221;]<\/p>\n<p>Questa attenzione al ruolo sociale del nostro lavoro, gi\u00e0 insita nella nostra mission, deriva e si articola attraverso il <strong>Codice Etico<\/strong>, che contiene i nostri valori e principi fondamentali. Questi sono comunicati a tutti gli stakeholder attraverso il <strong>Report globale CSR<\/strong>, in cui indichiamo pubblicamente i nostri obiettivi e rendiamo conto delle nostre iniziative e dei nostri risultati.<\/p>\n<p>[\/et_pb_text][et_pb_text _builder_version=&#8221;4.21.0&#8243; _module_preset=&#8221;fd3372db-6caf-489e-9274-0f19460252e7&#8243; custom_margin_tablet=&#8221;20px||||false|false&#8221; custom_margin_phone=&#8221;20px||||false|false&#8221; custom_margin_last_edited=&#8221;on|phone&#8221; hover_enabled=&#8221;0&#8243; global_colors_info=&#8221;{}&#8221; sticky_enabled=&#8221;0&#8243;]<\/p>\n<h4>Scopri di pi\u00f9 su valori e iniziative di Gi Group Holding:<\/h4>\n<ul>\n<li><a href=\"https:\/\/www.gigroupholding.com\/italia\/il-nostro-impegno\/\" target=\"_blank\" rel=\"noopener\">Mission e valori<\/a><\/li>\n<li><a href=\"https:\/\/www.intoo.com\/it\/wp-content\/uploads\/sites\/3\/2023\/03\/00_GG_CodiceEtico_INTOO_compressed.pdf\" target=\"_blank\" rel=\"noopener\">Codice etico<\/a><\/li>\n<li><a href=\"https:\/\/it.gigroupholding.com\/lavoro-sostenibile\/\" target=\"_blank\" rel=\"noopener\">CSR Report<\/a><\/li>\n<\/ul>\n<p>[\/et_pb_text][\/et_pb_column][\/et_pb_row][\/et_pb_section][et_pb_section fb_built=&#8221;1&#8243; custom_padding_last_edited=&#8221;on|phone&#8221; _builder_version=&#8221;4.21.0&#8243; _module_preset=&#8221;default&#8221; background_image=&#8221;https:\/\/www.intoo.com\/wp-content\/uploads\/2023\/03\/Frame-29.png&#8221; height_tablet=&#8221;auto&#8221; height_phone=&#8221;&#8221; height_last_edited=&#8221;on|tablet&#8221; custom_padding=&#8221;110px||90px||false|false&#8221; custom_padding_tablet=&#8221;110px||90px||false|false&#8221; custom_padding_phone=&#8221;50px||65px||false|false&#8221; da_disable_devices=&#8221;off|off|off&#8221; locked=&#8221;off&#8221; global_colors_info=&#8221;{}&#8221; da_is_popup=&#8221;off&#8221; da_exit_intent=&#8221;off&#8221; da_has_close=&#8221;on&#8221; da_alt_close=&#8221;off&#8221; da_dark_close=&#8221;off&#8221; da_not_modal=&#8221;on&#8221; da_is_singular=&#8221;off&#8221; da_with_loader=&#8221;off&#8221; da_has_shadow=&#8221;on&#8221;][et_pb_row column_structure=&#8221;2_3,1_3&#8243; make_equal=&#8221;on&#8221; custom_padding_last_edited=&#8221;on|phone&#8221; _builder_version=&#8221;4.21.0&#8243; _module_preset=&#8221;default&#8221; custom_padding=&#8221;31px|31px|||false|false&#8221; custom_padding_tablet=&#8221;40px|0px|||false|false&#8221; custom_padding_phone=&#8221;40px|0px|||false|false&#8221; global_colors_info=&#8221;{}&#8221;][et_pb_column type=&#8221;2_3&#8243; _builder_version=&#8221;4.20.2&#8243; _module_preset=&#8221;default&#8221; custom_css_main_element=&#8221;align-self: center;&#8221; global_colors_info=&#8221;{}&#8221;][et_pb_text _builder_version=&#8221;4.21.0&#8243; _module_preset=&#8221;b9ed2deb-9a0a-4999-baf3-3a63f94a372c&#8221; text_font=&#8221;Roboto Flex|700|||||||&#8221; header_2_font=&#8221;Roboto Flex|700|||||||&#8221; header_2_text_align=&#8221;left&#8221; header_2_text_color=&#8221;#FFFFFF&#8221; header_2_font_size=&#8221;40px&#8221; header_2_line_height=&#8221;44px&#8221; header_3_text_color=&#8221;#FFFFFF&#8221; header_3_font_size=&#8221;40px&#8221; header_3_line_height=&#8221;48px&#8221; custom_margin=&#8221;|-385px||||&#8221; custom_margin_tablet=&#8221;|0px|||false|false&#8221; custom_margin_phone=&#8221;|0px|||false|false&#8221; custom_margin_last_edited=&#8221;on|tablet&#8221; custom_padding=&#8221;|0px||0px|false|false&#8221; header_2_text_align_tablet=&#8221;center&#8221; header_2_text_align_phone=&#8221;center&#8221; header_2_text_align_last_edited=&#8221;on|tablet&#8221; header_3_text_align_tablet=&#8221;center&#8221; header_3_text_align_phone=&#8221;center&#8221; header_3_text_align_last_edited=&#8221;on|tablet&#8221; global_colors_info=&#8221;{}&#8221;]<\/p>\n<h3>Contattaci per maggiori informazioni sui percorsi di transizione di carriera di INTOO e per scoprire i nostri uffici pi\u00f9 vicini a te.<\/h3>\n<p>[\/et_pb_text][\/et_pb_column][et_pb_column type=&#8221;1_3&#8243; _builder_version=&#8221;4.20.2&#8243; _module_preset=&#8221;default&#8221; custom_css_main_element=&#8221;align-self: center;&#8221; global_colors_info=&#8221;{}&#8221;][et_pb_button button_url=&#8221;@ET-DC@eyJkeW5hbWljIjp0cnVlLCJjb250ZW50IjoicG9zdF9saW5rX3VybF9wYWdlIiwic2V0dGluZ3MiOnsicG9zdF9pZCI6IjI4OTYyIn19@&#8221; button_text=&#8221;Contattaci&#8221; button_alignment=&#8221;center&#8221; button_alignment_tablet=&#8221;center&#8221; button_alignment_phone=&#8221;center&#8221; button_alignment_last_edited=&#8221;on|tablet&#8221; module_class=&#8221;large-button green-button-transparent-hover&#8221; _builder_version=&#8221;4.21.0&#8243; _dynamic_attributes=&#8221;button_url&#8221; _module_preset=&#8221;default&#8221; custom_button=&#8221;on&#8221; button_text_color=&#8221;#081D4F&#8221; button_bg_color=&#8221;#75B134&#8243; button_border_color=&#8221;RGBA(255,255,255,0)&#8221; background_layout=&#8221;dark&#8221; custom_margin=&#8221;|||31px|false|false&#8221; custom_margin_tablet=&#8221;15px|||0px|false|false&#8221; custom_margin_phone=&#8221;15px|||0px|false|false&#8221; custom_margin_last_edited=&#8221;on|phone&#8221; custom_padding=&#8221;|35px||35px|false|false&#8221; custom_padding_tablet=&#8221;|35px||35px|false|false&#8221; custom_padding_phone=&#8221;|35px||35px|false|false&#8221; custom_padding_last_edited=&#8221;on|phone&#8221; custom_css_main_element=&#8221;font-weight:600;&#8221; global_colors_info=&#8221;{}&#8221;][\/et_pb_button][\/et_pb_column][\/et_pb_row][\/et_pb_section]<\/p>\n","protected":false},"excerpt":{"rendered":"<p>Il GruppoFacciamo parte di Gi Group Holding, la prima multinazionale italiana del lavoro, nonch\u00e9 una tra le principali realt\u00e0 che offrono servizi e consulenza HR a livello globale.Come Gruppo, le nostre soluzioni sono pensate per contribuire a uno\u00a0sviluppo sostenibile\u00a0del mercato del lavoro attraverso la creazione di valore sociale ed economico. Ci occupiamo di\u00a0temporary, permanent e [&hellip;]<\/p>\n","protected":false},"author":2,"featured_media":0,"parent":28949,"menu_order":0,"comment_status":"closed","ping_status":"closed","template":"","meta":{"_et_pb_use_builder":"on","_et_pb_old_content":"<!-- wp:divi\/placeholder \/-->","_et_gb_content_width":"","footnotes":"","_links_to":"","_links_to_target":""},"class_list":["post-28951","page","type-page","status-publish","hentry"],"yoast_head":"<!-- This site is optimized with the Yoast SEO plugin v26.9 - https:\/\/yoast.com\/product\/yoast-seo-wordpress\/ -->\n<title>INTOO fa parte di Gi Group Holding<\/title>\n<meta name=\"description\" content=\"Lavoro temporaneo, permanent e professional staffing, ricerca e selezione, executive search, formazione, ricollocazione...\" \/>\n<meta name=\"robots\" content=\"index, follow, max-snippet:-1, max-image-preview:large, max-video-preview:-1\" \/>\n<link rel=\"canonical\" href=\"https:\/\/www.intoo.com\/it\/chi-siamo\/il-gruppo\/\" \/>\n<meta property=\"og:locale\" content=\"it_IT\" \/>\n<meta property=\"og:type\" content=\"article\" \/>\n<meta property=\"og:title\" content=\"INTOO fa parte di Gi Group Holding\" \/>\n<meta property=\"og:description\" content=\"Lavoro temporaneo, permanent e professional staffing, ricerca e selezione, executive search, formazione, ricollocazione...\" \/>\n<meta property=\"og:url\" content=\"https:\/\/www.intoo.com\/it\/chi-siamo\/il-gruppo\/\" \/>\n<meta property=\"og:site_name\" content=\"INTOO Italia\" \/>\n<meta property=\"article:modified_time\" content=\"2025-03-06T10:59:03+00:00\" \/>\n<meta name=\"twitter:card\" content=\"summary_large_image\" \/>\n<meta name=\"twitter:label1\" content=\"Est. reading time\" \/>\n\t<meta name=\"twitter:data1\" content=\"2 minutes\" \/>\n<script type=\"application\/ld+json\" class=\"yoast-schema-graph\">{\"@context\":\"https:\/\/schema.org\",\"@graph\":[{\"@type\":\"WebPage\",\"@id\":\"https:\/\/www.intoo.com\/it\/chi-siamo\/il-gruppo\/\",\"url\":\"https:\/\/www.intoo.com\/it\/chi-siamo\/il-gruppo\/\",\"name\":\"INTOO fa parte di Gi Group Holding\",\"isPartOf\":{\"@id\":\"https:\/\/www.intoo.com\/it\/#website\"},\"datePublished\":\"2023-03-17T03:28:08+00:00\",\"dateModified\":\"2025-03-06T10:59:03+00:00\",\"description\":\"Lavoro temporaneo, permanent e professional staffing, ricerca e selezione, executive search, formazione, ricollocazione...\",\"breadcrumb\":{\"@id\":\"https:\/\/www.intoo.com\/it\/chi-siamo\/il-gruppo\/#breadcrumb\"},\"inLanguage\":\"it-IT\",\"potentialAction\":[{\"@type\":\"ReadAction\",\"target\":[\"https:\/\/www.intoo.com\/it\/chi-siamo\/il-gruppo\/\"]}]},{\"@type\":\"BreadcrumbList\",\"@id\":\"https:\/\/www.intoo.com\/it\/chi-siamo\/il-gruppo\/#breadcrumb\",\"itemListElement\":[{\"@type\":\"ListItem\",\"position\":1,\"name\":\"Home\",\"item\":\"https:\/\/www.intoo.com\/it\/\"},{\"@type\":\"ListItem\",\"position\":2,\"name\":\"Chi Siamo\",\"item\":\"https:\/\/www.intoo.com\/it\/chi-siamo\/\"},{\"@type\":\"ListItem\",\"position\":3,\"name\":\"Il Gruppo\"}]},{\"@type\":\"WebSite\",\"@id\":\"https:\/\/www.intoo.com\/it\/#website\",\"url\":\"https:\/\/www.intoo.com\/it\/\",\"name\":\"INTOO Italia\",\"description\":\"Leader nello Sviluppo dell\u2019employability e Transizione di Carriera in Italia\",\"potentialAction\":[{\"@type\":\"SearchAction\",\"target\":{\"@type\":\"EntryPoint\",\"urlTemplate\":\"https:\/\/www.intoo.com\/it\/?s={search_term_string}\"},\"query-input\":{\"@type\":\"PropertyValueSpecification\",\"valueRequired\":true,\"valueName\":\"search_term_string\"}}],\"inLanguage\":\"it-IT\"}]}<\/script>\n<!-- \/ Yoast SEO plugin. -->","yoast_head_json":{"title":"INTOO fa parte di Gi Group Holding","description":"Lavoro temporaneo, permanent e professional staffing, ricerca e selezione, executive search, formazione, ricollocazione...","robots":{"index":"index","follow":"follow","max-snippet":"max-snippet:-1","max-image-preview":"max-image-preview:large","max-video-preview":"max-video-preview:-1"},"canonical":"https:\/\/www.intoo.com\/it\/chi-siamo\/il-gruppo\/","og_locale":"it_IT","og_type":"article","og_title":"INTOO fa parte di Gi Group Holding","og_description":"Lavoro temporaneo, permanent e professional staffing, ricerca e selezione, executive search, formazione, ricollocazione...","og_url":"https:\/\/www.intoo.com\/it\/chi-siamo\/il-gruppo\/","og_site_name":"INTOO Italia","article_modified_time":"2025-03-06T10:59:03+00:00","twitter_card":"summary_large_image","twitter_misc":{"Est. reading time":"2 minutes"},"schema":{"@context":"https:\/\/schema.org","@graph":[{"@type":"WebPage","@id":"https:\/\/www.intoo.com\/it\/chi-siamo\/il-gruppo\/","url":"https:\/\/www.intoo.com\/it\/chi-siamo\/il-gruppo\/","name":"INTOO fa parte di Gi Group Holding","isPartOf":{"@id":"https:\/\/www.intoo.com\/it\/#website"},"datePublished":"2023-03-17T03:28:08+00:00","dateModified":"2025-03-06T10:59:03+00:00","description":"Lavoro temporaneo, permanent e professional staffing, ricerca e selezione, executive search, formazione, ricollocazione...","breadcrumb":{"@id":"https:\/\/www.intoo.com\/it\/chi-siamo\/il-gruppo\/#breadcrumb"},"inLanguage":"it-IT","potentialAction":[{"@type":"ReadAction","target":["https:\/\/www.intoo.com\/it\/chi-siamo\/il-gruppo\/"]}]},{"@type":"BreadcrumbList","@id":"https:\/\/www.intoo.com\/it\/chi-siamo\/il-gruppo\/#breadcrumb","itemListElement":[{"@type":"ListItem","position":1,"name":"Home","item":"https:\/\/www.intoo.com\/it\/"},{"@type":"ListItem","position":2,"name":"Chi Siamo","item":"https:\/\/www.intoo.com\/it\/chi-siamo\/"},{"@type":"ListItem","position":3,"name":"Il Gruppo"}]},{"@type":"WebSite","@id":"https:\/\/www.intoo.com\/it\/#website","url":"https:\/\/www.intoo.com\/it\/","name":"INTOO Italia","description":"Leader nello Sviluppo dell\u2019employability e Transizione di Carriera in Italia","potentialAction":[{"@type":"SearchAction","target":{"@type":"EntryPoint","urlTemplate":"https:\/\/www.intoo.com\/it\/?s={search_term_string}"},"query-input":{"@type":"PropertyValueSpecification","valueRequired":true,"valueName":"search_term_string"}}],"inLanguage":"it-IT"}]}},"_links":{"self":[{"href":"https:\/\/www.intoo.com\/it\/wp-json\/wp\/v2\/pages\/28951","targetHints":{"allow":["GET"]}}],"collection":[{"href":"https:\/\/www.intoo.com\/it\/wp-json\/wp\/v2\/pages"}],"about":[{"href":"https:\/\/www.intoo.com\/it\/wp-json\/wp\/v2\/types\/page"}],"author":[{"embeddable":true,"href":"https:\/\/www.intoo.com\/it\/wp-json\/wp\/v2\/users\/2"}],"replies":[{"embeddable":true,"href":"https:\/\/www.intoo.com\/it\/wp-json\/wp\/v2\/comments?post=28951"}],"version-history":[{"count":8,"href":"https:\/\/www.intoo.com\/it\/wp-json\/wp\/v2\/pages\/28951\/revisions"}],"predecessor-version":[{"id":55104,"href":"https:\/\/www.intoo.com\/it\/wp-json\/wp\/v2\/pages\/28951\/revisions\/55104"}],"up":[{"embeddable":true,"href":"https:\/\/www.intoo.com\/it\/wp-json\/wp\/v2\/pages\/28949"}],"wp:attachment":[{"href":"https:\/\/www.intoo.com\/it\/wp-json\/wp\/v2\/media?parent=28951"}],"curies":[{"name":"wp","href":"https:\/\/api.w.org\/{rel}","templated":true}]}}