{"id":52261,"date":"2023-12-15T13:59:54","date_gmt":"2023-12-15T13:59:54","guid":{"rendered":"https:\/\/www.intoo.com\/it\/?page_id=52261"},"modified":"2025-07-15T08:56:56","modified_gmt":"2025-07-15T08:56:56","slug":"trasformazione","status":"publish","type":"page","link":"https:\/\/www.intoo.com\/it\/per-le-aziende\/trasformazione\/","title":{"rendered":"Trasformazione"},"content":{"rendered":"<p>[et_pb_section fb_built=&#8221;1&#8243; admin_label=&#8221;Section&#8221; _builder_version=&#8221;4.21.0&#8243; _module_preset=&#8221;default&#8221; background_color=&#8221;#f6f6f6&#8243; background_image=&#8221;https:\/\/www.intoo.com\/wp-content\/uploads\/2023\/03\/Frame-28.png&#8221; background_position=&#8221;top_center&#8221; custom_padding=&#8221;100px||0px||false|false&#8221; custom_padding_tablet=&#8221;40px||50px||false|false&#8221; custom_padding_phone=&#8221;40px||||false|false&#8221; da_disable_devices=&#8221;off|off|off&#8221; locked=&#8221;off&#8221; global_colors_info=&#8221;{}&#8221; theme_builder_area=&#8221;post_content&#8221; da_is_popup=&#8221;off&#8221; da_exit_intent=&#8221;off&#8221; da_has_close=&#8221;on&#8221; da_alt_close=&#8221;off&#8221; da_dark_close=&#8221;off&#8221; da_not_modal=&#8221;on&#8221; da_is_singular=&#8221;off&#8221; da_with_loader=&#8221;off&#8221; da_has_shadow=&#8221;on&#8221;][et_pb_row column_structure=&#8221;3_5,2_5&#8243; _builder_version=&#8221;4.21.0&#8243; _module_preset=&#8221;default&#8221; global_colors_info=&#8221;{}&#8221; theme_builder_area=&#8221;post_content&#8221;][et_pb_column type=&#8221;3_5&#8243; _builder_version=&#8221;4.21.0&#8243; _module_preset=&#8221;default&#8221; global_colors_info=&#8221;{}&#8221; theme_builder_area=&#8221;post_content&#8221;][et_pb_text _builder_version=&#8221;4.21.0&#8243; _module_preset=&#8221;299756f9-5ed7-4af7-a352-b75b6c7bdc8e&#8221; header_font=&#8221;|300|||||||&#8221; header_text_color=&#8221;#081D4F&#8221; header_font_size=&#8221;64px&#8221; custom_margin=&#8221;||7px|||&#8221; global_colors_info=&#8221;{}&#8221; theme_builder_area=&#8221;post_content&#8221;]<\/p>\n<h1>Trasformazione<\/h1>\n<p>[\/et_pb_text][et_pb_text _builder_version=&#8221;4.21.0&#8243; _module_preset=&#8221;default&#8221; custom_margin=&#8221;||5px|||&#8221; global_colors_info=&#8221;{}&#8221; theme_builder_area=&#8221;post_content&#8221;]<\/p>\n<h2><span style=\"color: #86bc24\">Consapevolezza, responsabilit\u00e0<\/span><br \/><span style=\"color: #86bc24\">e proattivit\u00e0<\/span><\/h2>\n<p>[\/et_pb_text][et_pb_text _builder_version=&#8221;4.21.0&#8243; _module_preset=&#8221;7a718659-be38-474c-9e06-542f43007b34&#8243; text_text_color=&#8221;#4A5463&#8243; text_orientation=&#8221;center&#8221; width=&#8221;100%&#8221; custom_margin=&#8221;|0px||4px||&#8221; custom_padding=&#8221;|0px||0px|false|false&#8221; custom_padding_tablet=&#8221;20px|0px||0px|false|false&#8221; custom_padding_phone=&#8221;20px|0px||0px|false|false&#8221; custom_padding_last_edited=&#8221;on|desktop&#8221; global_colors_info=&#8221;{}&#8221; theme_builder_area=&#8221;post_content&#8221;]<\/p>\n<p style=\"text-align: left\">Il mondo contemporaneo \u00e8 in continua evoluzione e, tra mutamenti culturali, economici e tecnologici, detta ogni giorno nuovi bisogni.<\/p>\n<p style=\"text-align: left\">Per questo <strong>aziende<\/strong> e <strong>persone<\/strong> devono rimanere sempre aggiornate e rispondere alle necessit\u00e0 di nuovi ruoli, competenze e processi.<\/p>\n<p>[\/et_pb_text][et_pb_text _builder_version=&#8221;4.21.0&#8243; _module_preset=&#8221;7a718659-be38-474c-9e06-542f43007b34&#8243; text_text_color=&#8221;#4A5463&#8243; text_orientation=&#8221;center&#8221; width=&#8221;100%&#8221; custom_margin=&#8221;|0px||4px||&#8221; custom_padding=&#8221;|0px||0px|false|false&#8221; custom_padding_tablet=&#8221;20px|0px||0px|false|false&#8221; custom_padding_phone=&#8221;20px|0px||0px|false|false&#8221; custom_padding_last_edited=&#8221;on|desktop&#8221; global_colors_info=&#8221;{}&#8221; theme_builder_area=&#8221;post_content&#8221;]<\/p>\n<p style=\"text-align: left\">Noi di <strong>INTOO<\/strong>, in tema <strong>Trasformazione<\/strong>, accompagniamo le aziende nel loro percorso di cambiamento e sviluppo, a partire dall\u2019<strong>evoluzione dei ruoli<\/strong> fino a percorsi di rafforzamento a supporto della <strong>strategia aziendale<\/strong>.<\/p>\n<p>[\/et_pb_text][\/et_pb_column][et_pb_column type=&#8221;2_5&#8243; _builder_version=&#8221;4.21.0&#8243; _module_preset=&#8221;default&#8221; global_colors_info=&#8221;{}&#8221; theme_builder_area=&#8221;post_content&#8221;][et_pb_image src=&#8221;https:\/\/www.intoo.com\/wp-content\/uploads\/sites\/3\/2024\/02\/Trasformazione.png&#8221; alt=&#8221;Empowering careers &#8211; INTOO&#8221; title_text=&#8221;Trasformazione professionale&#8221; _builder_version=&#8221;4.21.0&#8243; _module_preset=&#8221;_initial&#8221; width_tablet=&#8221;350px&#8221; max_width_phone=&#8221;83%&#8221; custom_margin=&#8221;-39px|-53px||-53px|false|true&#8221; custom_margin_tablet=&#8221;50px|||100px|false|false&#8221; custom_padding=&#8221;0px|34px|0px|37px|false|false&#8221; hover_enabled=&#8221;0&#8243; global_colors_info=&#8221;{}&#8221; custom_css_main_element_last_edited=&#8221;on|tablet&#8221; theme_builder_area=&#8221;post_content&#8221; disabled_on=&#8221;on|off|off&#8221; sticky_enabled=&#8221;0&#8243;][\/et_pb_image][\/et_pb_column][\/et_pb_row][et_pb_row column_structure=&#8221;1_4,1_4,1_2&#8243; _builder_version=&#8221;4.21.0&#8243; _module_preset=&#8221;default&#8221; custom_padding=&#8221;||50px|||&#8221; global_colors_info=&#8221;{}&#8221; theme_builder_area=&#8221;post_content&#8221;][et_pb_column type=&#8221;1_4&#8243; _builder_version=&#8221;4.21.0&#8243; _module_preset=&#8221;default&#8221; global_colors_info=&#8221;{}&#8221; theme_builder_area=&#8221;post_content&#8221;][et_pb_button button_url=&#8221;#trasformazione&#8221; button_text=&#8221;Scopri il servizio&#8221; _builder_version=&#8221;4.21.0&#8243; _module_preset=&#8221;default&#8221; custom_button=&#8221;on&#8221; button_bg_color=&#8221;#2f6d29&#8243; custom_margin=&#8221;0px||||false|false&#8221; global_colors_info=&#8221;{}&#8221; theme_builder_area=&#8221;post_content&#8221;][\/et_pb_button][\/et_pb_column][et_pb_column type=&#8221;1_4&#8243; _builder_version=&#8221;4.21.0&#8243; _module_preset=&#8221;default&#8221; global_colors_info=&#8221;{}&#8221; theme_builder_area=&#8221;post_content&#8221;][et_pb_button button_url=&#8221;#form&#8221; button_text=&#8221;Contattaci&#8221; _builder_version=&#8221;4.21.0&#8243; _module_preset=&#8221;default&#8221; custom_button=&#8221;on&#8221; button_bg_color=&#8221;#75b134&#8243; custom_margin=&#8221;0px||||false|false&#8221; global_colors_info=&#8221;{}&#8221; theme_builder_area=&#8221;post_content&#8221;][\/et_pb_button][\/et_pb_column][et_pb_column type=&#8221;1_2&#8243; _builder_version=&#8221;4.21.0&#8243; _module_preset=&#8221;default&#8221; global_colors_info=&#8221;{}&#8221; theme_builder_area=&#8221;post_content&#8221;][\/et_pb_column][\/et_pb_row][\/et_pb_section][et_pb_section fb_built=&#8221;1&#8243; _builder_version=&#8221;4.21.0&#8243; background_color=&#8221;#CFE7FF&#8221; custom_padding=&#8221;67px||100px||false|false&#8221; custom_padding_phone=&#8221;50px||50px||false|false&#8221; da_disable_devices=&#8221;off|off|off&#8221; global_colors_info=&#8221;{}&#8221; theme_builder_area=&#8221;post_content&#8221; da_is_popup=&#8221;off&#8221; da_exit_intent=&#8221;off&#8221; da_has_close=&#8221;on&#8221; da_alt_close=&#8221;off&#8221; da_dark_close=&#8221;off&#8221; da_not_modal=&#8221;on&#8221; da_is_singular=&#8221;off&#8221; da_with_loader=&#8221;off&#8221; da_has_shadow=&#8221;on&#8221;][et_pb_row _builder_version=&#8221;4.20.0&#8243; _module_preset=&#8221;default&#8221; global_colors_info=&#8221;{}&#8221; theme_builder_area=&#8221;post_content&#8221;][et_pb_column type=&#8221;4_4&#8243; _builder_version=&#8221;4.20.0&#8243; _module_preset=&#8221;default&#8221; global_colors_info=&#8221;{}&#8221; theme_builder_area=&#8221;post_content&#8221;][et_pb_text _builder_version=&#8221;4.21.0&#8243; _module_preset=&#8221;default&#8221; custom_margin=&#8221;||4px|||&#8221; global_colors_info=&#8221;{}&#8221; theme_builder_area=&#8221;post_content&#8221;]<span id=\"trasformazione\" style=\"color: #1a2b4c;\">Il nostro approccio mette <strong>al centro la persona<\/strong>, che viene resa consapevole rispetto ai mutamenti in atto, la responsabilizza come <strong>parte attiva del cambiamento<\/strong> e la rende proattiva verso le evoluzioni che l\u2019azienda deve affrontare per mantenersi competitiva.<\/span><\/p>\n<p><span style=\"color: #1a2b4c;\">I nostri progetti sono <strong>personalizzabili<\/strong> per rispondere alle esigenze uniche dell\u2019azienda. Ogni soluzione \u00e8 progettata tenendo conto degli <strong>obiettivi di business<\/strong>, delle <strong>sfide specifiche<\/strong> e delle <strong>opportunit\u00e0 di crescita<\/strong>. La nostra flessibilit\u00e0 e la capacit\u00e0 di adattarci alle dinamiche aziendali ci consentono di creare <strong>valore su misura<\/strong> per ciascun cliente.<\/span><\/p>\n<p><span style=\"color: #1a2b4c;\">I principali ambiti di intervento riguardano:<\/span>[\/et_pb_text][\/et_pb_column][\/et_pb_row][et_pb_row column_structure=&#8221;1_2,1_2&#8243; _builder_version=&#8221;4.20.0&#8243; _module_preset=&#8221;default&#8221; global_colors_info=&#8221;{}&#8221; theme_builder_area=&#8221;post_content&#8221;][et_pb_column type=&#8221;1_2&#8243; _builder_version=&#8221;4.20.0&#8243; _module_preset=&#8221;default&#8221; global_colors_info=&#8221;{}&#8221; theme_builder_area=&#8221;post_content&#8221;][et_pb_text _builder_version=&#8221;4.21.0&#8243; _module_preset=&#8221;4ceb1d55-297b-4eaa-a46f-2d586755d9a6&#8243; custom_margin_tablet=&#8221;0px||0px||false|false&#8221; custom_margin_phone=&#8221;0px||0px||false|false&#8221; custom_margin_last_edited=&#8221;on|phone&#8221; global_colors_info=&#8221;{}&#8221; theme_builder_area=&#8221;post_content&#8221;]<\/p>\n<h2 style=\"text-align: left\"><span style=\"color: #009ddf\">Per l&#8217;Azienda<\/span><\/h2>\n<p>[\/et_pb_text][et_pb_text _builder_version=&#8221;4.21.0&#8243; _module_preset=&#8221;default&#8221; custom_margin=&#8221;||4px|||&#8221; global_colors_info=&#8221;{}&#8221; theme_builder_area=&#8221;post_content&#8221;]<\/p>\n<ul>\n<li>Allineamento alla business strategy.<\/li>\n<li>Processi di internazionalizzazione.<\/li>\n<li>New Technologies\/Digital transformation.<\/li>\n<li>Cambio di cultura aziendale post fusioni e acquisizioni.<\/li>\n<li>New way of working.<\/li>\n<\/ul>\n<p>[\/et_pb_text][\/et_pb_column][et_pb_column type=&#8221;1_2&#8243; _builder_version=&#8221;4.20.0&#8243; _module_preset=&#8221;default&#8221; global_colors_info=&#8221;{}&#8221; theme_builder_area=&#8221;post_content&#8221;][et_pb_text _builder_version=&#8221;4.21.0&#8243; _module_preset=&#8221;4ceb1d55-297b-4eaa-a46f-2d586755d9a6&#8243; custom_margin_tablet=&#8221;0px||0px||false|false&#8221; custom_margin_phone=&#8221;0px||0px||false|false&#8221; custom_margin_last_edited=&#8221;on|phone&#8221; global_colors_info=&#8221;{}&#8221; theme_builder_area=&#8221;post_content&#8221;]<\/p>\n<h2 style=\"text-align: left\">Per la Persona<\/h2>\n<p>[\/et_pb_text][et_pb_text _builder_version=&#8221;4.21.0&#8243; _module_preset=&#8221;default&#8221; custom_margin=&#8221;||4px|||&#8221; global_colors_info=&#8221;{}&#8221; theme_builder_area=&#8221;post_content&#8221;]<\/p>\n<ul>\n<li>Sostegno all\u2019evoluzione del ruolo.<\/li>\n<li>Recupero di performance.<\/li>\n<li>Affiancamento nei processi di Job rotation.<\/li>\n<li>Crescita in un nuovo ruolo.<\/li>\n<li>Riallineamento a seguito di rientro da lunga assenza.<\/li>\n<\/ul>\n<p>[\/et_pb_text][\/et_pb_column][\/et_pb_row][\/et_pb_section]<\/p>\n","protected":false},"excerpt":{"rendered":"<p>TrasformazioneConsapevolezza, responsabilit\u00e0e proattivit\u00e0Il mondo contemporaneo \u00e8 in continua evoluzione e, tra mutamenti culturali, economici e tecnologici, detta ogni giorno nuovi bisogni. Per questo aziende e persone devono rimanere sempre aggiornate e rispondere alle necessit\u00e0 di nuovi ruoli, competenze e processi.Noi di INTOO, in tema Trasformazione, accompagniamo le aziende nel loro percorso di cambiamento e sviluppo, [&hellip;]<\/p>\n","protected":false},"author":27,"featured_media":52606,"parent":28915,"menu_order":1,"comment_status":"closed","ping_status":"closed","template":"","meta":{"_et_pb_use_builder":"on","_et_pb_old_content":"","_et_gb_content_width":"","footnotes":"","_links_to":"","_links_to_target":""},"class_list":["post-52261","page","type-page","status-publish","has-post-thumbnail","hentry"],"yoast_head":"<!-- This site is optimized with the Yoast SEO plugin v26.9 - https:\/\/yoast.com\/product\/yoast-seo-wordpress\/ -->\n<title>Trasformazione - INTOO Italia<\/title>\n<meta name=\"description\" content=\"Evoluzione e trasformazione dei ruoli, richiesta di nuove competenze, percorsi di rafforzamento nel ruolo o internal mobility.\" \/>\n<meta name=\"robots\" content=\"index, follow, max-snippet:-1, max-image-preview:large, max-video-preview:-1\" \/>\n<link rel=\"canonical\" href=\"https:\/\/www.intoo.com\/it\/per-le-aziende\/trasformazione\/\" \/>\n<meta property=\"og:locale\" content=\"it_IT\" \/>\n<meta property=\"og:type\" content=\"article\" \/>\n<meta property=\"og:title\" content=\"Trasformazione - INTOO Italia\" \/>\n<meta property=\"og:description\" content=\"Evoluzione e trasformazione dei ruoli, richiesta di nuove competenze, percorsi di rafforzamento nel ruolo o internal mobility.\" \/>\n<meta property=\"og:url\" content=\"https:\/\/www.intoo.com\/it\/per-le-aziende\/trasformazione\/\" \/>\n<meta property=\"og:site_name\" content=\"INTOO Italia\" \/>\n<meta property=\"article:modified_time\" content=\"2025-07-15T08:56:56+00:00\" \/>\n<meta property=\"og:image\" content=\"https:\/\/www.intoo.com\/wp-content\/uploads\/sites\/3\/2024\/02\/Trasformazione.png\" \/>\n\t<meta property=\"og:image:width\" content=\"1500\" \/>\n\t<meta property=\"og:image:height\" content=\"1700\" \/>\n\t<meta property=\"og:image:type\" content=\"image\/png\" \/>\n<meta name=\"twitter:card\" content=\"summary_large_image\" \/>\n<meta name=\"twitter:image\" content=\"https:\/\/www.intoo.com\/wp-content\/uploads\/sites\/3\/2024\/02\/Trasformazione.png\" \/>\n<meta name=\"twitter:label1\" content=\"Est. reading time\" \/>\n\t<meta name=\"twitter:data1\" content=\"2 minutes\" \/>\n<script type=\"application\/ld+json\" class=\"yoast-schema-graph\">{\"@context\":\"https:\/\/schema.org\",\"@graph\":[{\"@type\":\"WebPage\",\"@id\":\"https:\/\/www.intoo.com\/it\/per-le-aziende\/trasformazione\/\",\"url\":\"https:\/\/www.intoo.com\/it\/per-le-aziende\/trasformazione\/\",\"name\":\"Trasformazione - INTOO Italia\",\"isPartOf\":{\"@id\":\"https:\/\/www.intoo.com\/it\/#website\"},\"primaryImageOfPage\":{\"@id\":\"https:\/\/www.intoo.com\/it\/per-le-aziende\/trasformazione\/#primaryimage\"},\"image\":{\"@id\":\"https:\/\/www.intoo.com\/it\/per-le-aziende\/trasformazione\/#primaryimage\"},\"thumbnailUrl\":\"https:\/\/www.intoo.com\/wp-content\/uploads\/sites\/3\/2024\/01\/Trasformazione_24.png\",\"datePublished\":\"2023-12-15T13:59:54+00:00\",\"dateModified\":\"2025-07-15T08:56:56+00:00\",\"description\":\"Evoluzione e trasformazione dei ruoli, richiesta di nuove competenze, percorsi di rafforzamento nel ruolo o internal mobility.\",\"breadcrumb\":{\"@id\":\"https:\/\/www.intoo.com\/it\/per-le-aziende\/trasformazione\/#breadcrumb\"},\"inLanguage\":\"it-IT\",\"potentialAction\":[{\"@type\":\"ReadAction\",\"target\":[\"https:\/\/www.intoo.com\/it\/per-le-aziende\/trasformazione\/\"]}]},{\"@type\":\"ImageObject\",\"inLanguage\":\"it-IT\",\"@id\":\"https:\/\/www.intoo.com\/it\/per-le-aziende\/trasformazione\/#primaryimage\",\"url\":\"https:\/\/www.intoo.com\/wp-content\/uploads\/sites\/3\/2024\/01\/Trasformazione_24.png\",\"contentUrl\":\"https:\/\/www.intoo.com\/wp-content\/uploads\/sites\/3\/2024\/01\/Trasformazione_24.png\",\"width\":1700,\"height\":1903,\"caption\":\"Trasformazione\"},{\"@type\":\"BreadcrumbList\",\"@id\":\"https:\/\/www.intoo.com\/it\/per-le-aziende\/trasformazione\/#breadcrumb\",\"itemListElement\":[{\"@type\":\"ListItem\",\"position\":1,\"name\":\"Home\",\"item\":\"https:\/\/www.intoo.com\/it\/\"},{\"@type\":\"ListItem\",\"position\":2,\"name\":\"Per le Aziende\",\"item\":\"https:\/\/www.intoo.com\/it\/per-le-aziende\/\"},{\"@type\":\"ListItem\",\"position\":3,\"name\":\"Trasformazione\"}]},{\"@type\":\"WebSite\",\"@id\":\"https:\/\/www.intoo.com\/it\/#website\",\"url\":\"https:\/\/www.intoo.com\/it\/\",\"name\":\"INTOO Italia\",\"description\":\"Leader nello Sviluppo dell\u2019employability e Transizione di Carriera in Italia\",\"potentialAction\":[{\"@type\":\"SearchAction\",\"target\":{\"@type\":\"EntryPoint\",\"urlTemplate\":\"https:\/\/www.intoo.com\/it\/?s={search_term_string}\"},\"query-input\":{\"@type\":\"PropertyValueSpecification\",\"valueRequired\":true,\"valueName\":\"search_term_string\"}}],\"inLanguage\":\"it-IT\"}]}<\/script>\n<!-- \/ Yoast SEO plugin. -->","yoast_head_json":{"title":"Trasformazione - INTOO Italia","description":"Evoluzione e trasformazione dei ruoli, richiesta di nuove competenze, percorsi di rafforzamento nel ruolo o internal mobility.","robots":{"index":"index","follow":"follow","max-snippet":"max-snippet:-1","max-image-preview":"max-image-preview:large","max-video-preview":"max-video-preview:-1"},"canonical":"https:\/\/www.intoo.com\/it\/per-le-aziende\/trasformazione\/","og_locale":"it_IT","og_type":"article","og_title":"Trasformazione - INTOO Italia","og_description":"Evoluzione e trasformazione dei ruoli, richiesta di nuove competenze, percorsi di rafforzamento nel ruolo o internal mobility.","og_url":"https:\/\/www.intoo.com\/it\/per-le-aziende\/trasformazione\/","og_site_name":"INTOO Italia","article_modified_time":"2025-07-15T08:56:56+00:00","og_image":[{"width":1500,"height":1700,"url":"https:\/\/www.intoo.com\/wp-content\/uploads\/sites\/3\/2024\/02\/Trasformazione.png","type":"image\/png"}],"twitter_card":"summary_large_image","twitter_image":"https:\/\/www.intoo.com\/wp-content\/uploads\/sites\/3\/2024\/02\/Trasformazione.png","twitter_misc":{"Est. reading time":"2 minutes"},"schema":{"@context":"https:\/\/schema.org","@graph":[{"@type":"WebPage","@id":"https:\/\/www.intoo.com\/it\/per-le-aziende\/trasformazione\/","url":"https:\/\/www.intoo.com\/it\/per-le-aziende\/trasformazione\/","name":"Trasformazione - INTOO Italia","isPartOf":{"@id":"https:\/\/www.intoo.com\/it\/#website"},"primaryImageOfPage":{"@id":"https:\/\/www.intoo.com\/it\/per-le-aziende\/trasformazione\/#primaryimage"},"image":{"@id":"https:\/\/www.intoo.com\/it\/per-le-aziende\/trasformazione\/#primaryimage"},"thumbnailUrl":"https:\/\/www.intoo.com\/wp-content\/uploads\/sites\/3\/2024\/01\/Trasformazione_24.png","datePublished":"2023-12-15T13:59:54+00:00","dateModified":"2025-07-15T08:56:56+00:00","description":"Evoluzione e trasformazione dei ruoli, richiesta di nuove competenze, percorsi di rafforzamento nel ruolo o internal mobility.","breadcrumb":{"@id":"https:\/\/www.intoo.com\/it\/per-le-aziende\/trasformazione\/#breadcrumb"},"inLanguage":"it-IT","potentialAction":[{"@type":"ReadAction","target":["https:\/\/www.intoo.com\/it\/per-le-aziende\/trasformazione\/"]}]},{"@type":"ImageObject","inLanguage":"it-IT","@id":"https:\/\/www.intoo.com\/it\/per-le-aziende\/trasformazione\/#primaryimage","url":"https:\/\/www.intoo.com\/wp-content\/uploads\/sites\/3\/2024\/01\/Trasformazione_24.png","contentUrl":"https:\/\/www.intoo.com\/wp-content\/uploads\/sites\/3\/2024\/01\/Trasformazione_24.png","width":1700,"height":1903,"caption":"Trasformazione"},{"@type":"BreadcrumbList","@id":"https:\/\/www.intoo.com\/it\/per-le-aziende\/trasformazione\/#breadcrumb","itemListElement":[{"@type":"ListItem","position":1,"name":"Home","item":"https:\/\/www.intoo.com\/it\/"},{"@type":"ListItem","position":2,"name":"Per le Aziende","item":"https:\/\/www.intoo.com\/it\/per-le-aziende\/"},{"@type":"ListItem","position":3,"name":"Trasformazione"}]},{"@type":"WebSite","@id":"https:\/\/www.intoo.com\/it\/#website","url":"https:\/\/www.intoo.com\/it\/","name":"INTOO Italia","description":"Leader nello Sviluppo dell\u2019employability e Transizione di Carriera in Italia","potentialAction":[{"@type":"SearchAction","target":{"@type":"EntryPoint","urlTemplate":"https:\/\/www.intoo.com\/it\/?s={search_term_string}"},"query-input":{"@type":"PropertyValueSpecification","valueRequired":true,"valueName":"search_term_string"}}],"inLanguage":"it-IT"}]}},"_links":{"self":[{"href":"https:\/\/www.intoo.com\/it\/wp-json\/wp\/v2\/pages\/52261","targetHints":{"allow":["GET"]}}],"collection":[{"href":"https:\/\/www.intoo.com\/it\/wp-json\/wp\/v2\/pages"}],"about":[{"href":"https:\/\/www.intoo.com\/it\/wp-json\/wp\/v2\/types\/page"}],"author":[{"embeddable":true,"href":"https:\/\/www.intoo.com\/it\/wp-json\/wp\/v2\/users\/27"}],"replies":[{"embeddable":true,"href":"https:\/\/www.intoo.com\/it\/wp-json\/wp\/v2\/comments?post=52261"}],"version-history":[{"count":34,"href":"https:\/\/www.intoo.com\/it\/wp-json\/wp\/v2\/pages\/52261\/revisions"}],"predecessor-version":[{"id":56061,"href":"https:\/\/www.intoo.com\/it\/wp-json\/wp\/v2\/pages\/52261\/revisions\/56061"}],"up":[{"embeddable":true,"href":"https:\/\/www.intoo.com\/it\/wp-json\/wp\/v2\/pages\/28915"}],"wp:featuredmedia":[{"embeddable":true,"href":"https:\/\/www.intoo.com\/it\/wp-json\/wp\/v2\/media\/52606"}],"wp:attachment":[{"href":"https:\/\/www.intoo.com\/it\/wp-json\/wp\/v2\/media?parent=52261"}],"curies":[{"name":"wp","href":"https:\/\/api.w.org\/{rel}","templated":true}]}}