{"id":52618,"date":"2024-01-22T09:42:16","date_gmt":"2024-01-22T09:42:16","guid":{"rendered":"https:\/\/www.intoo.com\/it\/?page_id=52618"},"modified":"2025-07-15T09:08:41","modified_gmt":"2025-07-15T09:08:41","slug":"volontarieta","status":"publish","type":"page","link":"https:\/\/www.intoo.com\/it\/per-le-aziende\/volontarieta\/","title":{"rendered":"Volontariet\u00e0"},"content":{"rendered":"<p>[et_pb_section fb_built=&#8221;1&#8243; admin_label=&#8221;Section&#8221; _builder_version=&#8221;4.21.0&#8243; _module_preset=&#8221;default&#8221; background_color=&#8221;#f6f6f6&#8243; background_image=&#8221;https:\/\/www.intoo.com\/wp-content\/uploads\/2023\/03\/Frame-28.png&#8221; background_position=&#8221;top_center&#8221; custom_padding=&#8221;100px||0px||false|false&#8221; custom_padding_tablet=&#8221;40px||50px||false|false&#8221; custom_padding_phone=&#8221;40px||||false|false&#8221; da_disable_devices=&#8221;off|off|off&#8221; locked=&#8221;off&#8221; global_colors_info=&#8221;{}&#8221; theme_builder_area=&#8221;post_content&#8221; da_is_popup=&#8221;off&#8221; da_exit_intent=&#8221;off&#8221; da_has_close=&#8221;on&#8221; da_alt_close=&#8221;off&#8221; da_dark_close=&#8221;off&#8221; da_not_modal=&#8221;on&#8221; da_is_singular=&#8221;off&#8221; da_with_loader=&#8221;off&#8221; da_has_shadow=&#8221;on&#8221;][et_pb_row column_structure=&#8221;3_5,2_5&#8243; _builder_version=&#8221;4.20.0&#8243; _module_preset=&#8221;default&#8221; custom_margin=&#8221;|auto|21px|auto||&#8221; global_colors_info=&#8221;{}&#8221; theme_builder_area=&#8221;post_content&#8221;][et_pb_column type=&#8221;3_5&#8243; _builder_version=&#8221;4.20.0&#8243; _module_preset=&#8221;default&#8221; global_colors_info=&#8221;{}&#8221; theme_builder_area=&#8221;post_content&#8221;][et_pb_text _builder_version=&#8221;4.21.0&#8243; _module_preset=&#8221;299756f9-5ed7-4af7-a352-b75b6c7bdc8e&#8221; header_font=&#8221;|300|||||||&#8221; header_text_color=&#8221;#081D4F&#8221; header_font_size=&#8221;64px&#8221; custom_margin=&#8221;||7px|||&#8221; global_colors_info=&#8221;{}&#8221; theme_builder_area=&#8221;post_content&#8221;]<\/p>\n<h1>Volontariet\u00e0<\/h1>\n<p>[\/et_pb_text][et_pb_text _builder_version=&#8221;4.21.0&#8243; _module_preset=&#8221;default&#8221; custom_margin=&#8221;||5px|||&#8221; global_colors_info=&#8221;{}&#8221; theme_builder_area=&#8221;post_content&#8221;]<\/p>\n<h2><span style=\"color: #86bc24\">Adesione volontaria all&#8217;uscita dall&#8217;azienda<\/span><\/h2>\n<p>[\/et_pb_text][et_pb_text _builder_version=&#8221;4.21.0&#8243; _module_preset=&#8221;7a718659-be38-474c-9e06-542f43007b34&#8243; text_text_color=&#8221;#4A5463&#8243; text_orientation=&#8221;center&#8221; width=&#8221;100%&#8221; custom_margin=&#8221;|0px||4px||&#8221; custom_padding=&#8221;|0px||0px|false|false&#8221; custom_padding_tablet=&#8221;20px|0px||0px|false|false&#8221; custom_padding_phone=&#8221;20px|0px||0px|false|false&#8221; custom_padding_last_edited=&#8221;on|desktop&#8221; global_colors_info=&#8221;{}&#8221; theme_builder_area=&#8221;post_content&#8221;]<\/p>\n<p style=\"text-align: left\">Ristrutturazioni e riorganizzazioni sono fasi spesso presenti nella vita delle aziende e portano con loro uscite necessarie dall&#8217;organizzazione \u00a0<\/p>\n<p>[\/et_pb_text][et_pb_text _builder_version=&#8221;4.21.0&#8243; _module_preset=&#8221;7a718659-be38-474c-9e06-542f43007b34&#8243; text_text_color=&#8221;#4A5463&#8243; text_orientation=&#8221;center&#8221; width=&#8221;100%&#8221; custom_margin=&#8221;|0px||4px||&#8221; custom_padding=&#8221;|0px||0px|false|false&#8221; custom_padding_tablet=&#8221;20px|0px||0px|false|false&#8221; custom_padding_phone=&#8221;20px|0px||0px|false|false&#8221; custom_padding_last_edited=&#8221;on|desktop&#8221; global_colors_info=&#8221;{}&#8221; theme_builder_area=&#8221;post_content&#8221;]<\/p>\n<p style=\"text-align: left\">L\u2019azienda pu\u00f2 allora aprire alla Volontariet\u00e0 e dare la possibilit\u00e0 alle persone di scegliere se accettare o meno il pacchetto di uscita.<\/p>\n<p style=\"text-align: left\">Per queste situazioni, noi di INTOO abbiamo elaborato un intervento strutturato per le persone, al fine di favorire un\u2019adesione che deve essere volontaria e consapevole.<\/p>\n<p style=\"text-align: left\">Una consapevolezza basata sulla comprensione della propria spendibilit\u00e0 esterna, della propria employability e dei propri bisogni professionali e personali.<\/p>\n<p>[\/et_pb_text][\/et_pb_column][et_pb_column type=&#8221;2_5&#8243; _builder_version=&#8221;4.20.0&#8243; _module_preset=&#8221;default&#8221; global_colors_info=&#8221;{}&#8221; theme_builder_area=&#8221;post_content&#8221;][et_pb_image src=&#8221;https:\/\/www.intoo.com\/wp-content\/uploads\/sites\/3\/2023\/10\/GettyImages-921054562-scaled-1020&#215;900-1.jpg&#8221; alt=&#8221;Empowering careers &#8211; INTOO&#8221; title_text=&#8221;GettyImages-921054562-scaled-1020&#215;900&#8243; _builder_version=&#8221;4.21.0&#8243; _module_preset=&#8221;b700e738-982f-4982-993b-5f12c11b9e1b&#8221; width_tablet=&#8221;350px&#8221; max_width_phone=&#8221;83%&#8221; custom_margin=&#8221;0px|88px|-37px|-47px|false|false&#8221; custom_margin_tablet=&#8221;50px|||100px|false|false&#8221; custom_padding=&#8221;|0px|0px|0px|false|false&#8221; hover_enabled=&#8221;0&#8243; global_colors_info=&#8221;{}&#8221; custom_css_main_element_last_edited=&#8221;on|tablet&#8221; theme_builder_area=&#8221;post_content&#8221; sticky_enabled=&#8221;0&#8243; disabled_on=&#8221;on|off|off&#8221;][\/et_pb_image][\/et_pb_column][\/et_pb_row][et_pb_row _builder_version=&#8221;4.21.0&#8243; _module_preset=&#8221;default&#8221; theme_builder_area=&#8221;post_content&#8221; column_structure=&#8221;1_4,1_4,1_2&#8243; custom_margin=&#8221;||||false|false&#8221; hover_enabled=&#8221;0&#8243; sticky_enabled=&#8221;0&#8243; custom_padding=&#8221;||50px|||&#8221;][et_pb_column _builder_version=&#8221;4.21.0&#8243; _module_preset=&#8221;default&#8221; type=&#8221;1_4&#8243; theme_builder_area=&#8221;post_content&#8221;][et_pb_button button_text=&#8221;Scopri il servizio&#8221; _builder_version=&#8221;4.21.0&#8243; _module_preset=&#8221;default&#8221; theme_builder_area=&#8221;post_content&#8221; custom_button=&#8221;on&#8221; hover_enabled=&#8221;0&#8243; sticky_enabled=&#8221;0&#8243; custom_margin=&#8221;0px||||false|false&#8221; button_url=&#8221;#volontarieta&#8221; button_bg_color=&#8221;#2f6d29&#8243;][\/et_pb_button][\/et_pb_column][et_pb_column _builder_version=&#8221;4.21.0&#8243; _module_preset=&#8221;default&#8221; type=&#8221;1_4&#8243; theme_builder_area=&#8221;post_content&#8221;][et_pb_button button_text=&#8221;Contattaci&#8221; _builder_version=&#8221;4.21.0&#8243; _module_preset=&#8221;default&#8221; theme_builder_area=&#8221;post_content&#8221; custom_button=&#8221;on&#8221; hover_enabled=&#8221;0&#8243; sticky_enabled=&#8221;0&#8243; custom_margin=&#8221;0px||||false|false&#8221; button_url=&#8221;#form&#8221; button_bg_color=&#8221;#75b134&#8243;][\/et_pb_button][\/et_pb_column][et_pb_column _builder_version=&#8221;4.21.0&#8243; _module_preset=&#8221;default&#8221; type=&#8221;1_2&#8243; theme_builder_area=&#8221;post_content&#8221;][\/et_pb_column][\/et_pb_row][\/et_pb_section][et_pb_section fb_built=&#8221;1&#8243; _builder_version=&#8221;4.21.0&#8243; _module_preset=&#8221;default&#8221; background_color=&#8221;#FFFFFF&#8221; custom_padding=&#8221;0px||88px||false|false&#8221; hover_enabled=&#8221;0&#8243; da_disable_devices=&#8221;off|off|off&#8221; global_colors_info=&#8221;{}&#8221; theme_builder_area=&#8221;post_content&#8221; sticky_enabled=&#8221;0&#8243; da_is_popup=&#8221;off&#8221; da_exit_intent=&#8221;off&#8221; da_has_close=&#8221;on&#8221; da_alt_close=&#8221;off&#8221; da_dark_close=&#8221;off&#8221; da_not_modal=&#8221;on&#8221; da_is_singular=&#8221;off&#8221; da_with_loader=&#8221;off&#8221; da_has_shadow=&#8221;on&#8221;][et_pb_row _builder_version=&#8221;4.21.0&#8243; _module_preset=&#8221;default&#8221; theme_builder_area=&#8221;post_content&#8221; custom_padding=&#8221;50px|||||&#8221;][et_pb_column _builder_version=&#8221;4.21.0&#8243; _module_preset=&#8221;default&#8221; type=&#8221;4_4&#8243; theme_builder_area=&#8221;post_content&#8221;][et_pb_text _builder_version=&#8221;4.21.0&#8243; _module_preset=&#8221;7a718659-be38-474c-9e06-542f43007b34&#8243; text_text_color=&#8221;#4A5463&#8243; text_orientation=&#8221;center&#8221; width=&#8221;100%&#8221; custom_margin=&#8221;|0px||4px||&#8221; custom_padding=&#8221;|0px||0px|false|false&#8221; custom_padding_tablet=&#8221;20px|0px||0px|false|false&#8221; custom_padding_phone=&#8221;20px|0px||0px|false|false&#8221; custom_padding_last_edited=&#8221;on|desktop&#8221; hover_enabled=&#8221;0&#8243; global_colors_info=&#8221;{}&#8221; theme_builder_area=&#8221;post_content&#8221; sticky_enabled=&#8221;0&#8243;]<\/p>\n<h2 id=\"volontarieta\" style=\"text-align: center; color: #003366;\">L\u2019intervento in ambito Volontariet\u00e0, personalizzabile, si fonda su tre aree di azione:<\/h2>\n<p>[\/et_pb_text][\/et_pb_column][\/et_pb_row][et_pb_row column_structure=&#8221;1_3,1_3,1_3&#8243; _builder_version=&#8221;4.21.0&#8243; _module_preset=&#8221;default&#8221; global_colors_info=&#8221;{}&#8221; theme_builder_area=&#8221;post_content&#8221;][et_pb_column type=&#8221;1_3&#8243; _builder_version=&#8221;4.21.0&#8243; _module_preset=&#8221;default&#8221; background_color=&#8221;#1B467C&#8221; custom_padding=&#8221;27px||27px||false|false&#8221; box_shadow_style=&#8221;preset1&#8243; global_colors_info=&#8221;{}&#8221; theme_builder_area=&#8221;post_content&#8221;][et_pb_text _builder_version=&#8221;4.21.0&#8243; _module_preset=&#8221;default&#8221; global_colors_info=&#8221;{}&#8221; theme_builder_area=&#8221;post_content&#8221;]<\/p>\n<h2 style=\"text-align: center\"><span style=\"color: #ffffff\">Supporto nella comunicazione interna dell&#8217;azienda<\/span><\/h2>\n<p>[\/et_pb_text][\/et_pb_column][et_pb_column type=&#8221;1_3&#8243; _builder_version=&#8221;4.21.0&#8243; _module_preset=&#8221;default&#8221; background_color=&#8221;#2F6D29&#8243; custom_padding=&#8221;27px|8px|27px|8px|false|false&#8221; box_shadow_style=&#8221;preset1&#8243; global_colors_info=&#8221;{}&#8221; theme_builder_area=&#8221;post_content&#8221;][et_pb_text _builder_version=&#8221;4.21.0&#8243; _module_preset=&#8221;default&#8221; global_colors_info=&#8221;{}&#8221; theme_builder_area=&#8221;post_content&#8221;]<\/p>\n<h2 style=\"text-align: center\"><span style=\"color: #ffffff\">Preparazione delle persone alla gestione del cambiamento e al mercato del lavoro<\/span><\/h2>\n<p>[\/et_pb_text][\/et_pb_column][et_pb_column type=&#8221;1_3&#8243; _builder_version=&#8221;4.21.0&#8243; _module_preset=&#8221;default&#8221; background_color=&#8221;#3D8AD9&#8243; box_shadow_style=&#8221;preset1&#8243; global_colors_info=&#8221;{}&#8221; theme_builder_area=&#8221;post_content&#8221;][et_pb_text _builder_version=&#8221;4.21.0&#8243; _module_preset=&#8221;default&#8221; custom_margin=&#8221;27px||27px||false|false&#8221; global_colors_info=&#8221;{}&#8221; theme_builder_area=&#8221;post_content&#8221;]<\/p>\n<h2 style=\"text-align: center\"><span style=\"color: #ffffff\">Supporto alla Transizione<br \/>\ndi carriera<\/span><\/h2>\n<p>[\/et_pb_text][\/et_pb_column][\/et_pb_row][\/et_pb_section][et_pb_section fb_built=&#8221;1&#8243; _builder_version=&#8221;4.21.0&#8243; background_color=&#8221;#081D4F&#8221; custom_padding=&#8221;67px||67px||true|false&#8221; custom_padding_phone=&#8221;50px||50px||false|false&#8221; da_disable_devices=&#8221;off|off|off&#8221; global_colors_info=&#8221;{}&#8221; theme_builder_area=&#8221;post_content&#8221; da_is_popup=&#8221;off&#8221; da_exit_intent=&#8221;off&#8221; da_has_close=&#8221;on&#8221; da_alt_close=&#8221;off&#8221; da_dark_close=&#8221;off&#8221; da_not_modal=&#8221;on&#8221; da_is_singular=&#8221;off&#8221; da_with_loader=&#8221;off&#8221; da_has_shadow=&#8221;on&#8221;][et_pb_row _builder_version=&#8221;4.20.0&#8243; _module_preset=&#8221;default&#8221; global_colors_info=&#8221;{}&#8221; theme_builder_area=&#8221;post_content&#8221;][et_pb_column type=&#8221;4_4&#8243; _builder_version=&#8221;4.20.0&#8243; _module_preset=&#8221;default&#8221; global_colors_info=&#8221;{}&#8221; theme_builder_area=&#8221;post_content&#8221;][et_pb_text _builder_version=&#8221;4.21.0&#8243; _module_preset=&#8221;4ceb1d55-297b-4eaa-a46f-2d586755d9a6&#8243; custom_margin_tablet=&#8221;0px||0px||false|false&#8221; custom_margin_phone=&#8221;0px||0px||false|false&#8221; custom_margin_last_edited=&#8221;on|phone&#8221; global_colors_info=&#8221;{}&#8221; theme_builder_area=&#8221;post_content&#8221;]<\/p>\n<h3 style=\"text-align: left;font-size: 30px\"><span style=\"color: #ffffff\">La<strong> sinergia<\/strong> e la <strong>costante collaborazione<\/strong> <strong>tra INTOO e l\u2019azienda \u00e8 fondamentale per il raggiungimento degli obiettivi<\/strong>:<\/span><\/h3>\n<p>[\/et_pb_text][et_pb_text _builder_version=&#8221;4.21.0&#8243; _module_preset=&#8221;default&#8221; text_text_color=&#8221;#FFFFFF&#8221; custom_margin=&#8221;||4px|||&#8221; global_colors_info=&#8221;{}&#8221; theme_builder_area=&#8221;post_content&#8221;]<\/p>\n<ul>\n<li><span style=\"color: #ffffff\"><strong>Costruire la Volontariet\u00e0<\/strong> al cambiamento attraverso la consapevolezza dell\u2019employability della persona<\/span><\/li>\n<li style=\"text-align: left\"><span style=\"color: #ffffff\"><strong>Facilitare il processo di uscite volontarie consapevoli<\/strong><br \/>\n<\/span><\/li>\n<li style=\"text-align: left\"><span style=\"color: #ffffff\">Avviare un processo di <strong>cambiamento culturale<\/strong>\u00a0che veda la transizione come leva di ricerca di una migliore realizzazione personale ed equilibrio<br \/>\n<\/span><\/li>\n<li style=\"text-align: left\"><span style=\"color: #ffffff\"><strong>Favorire il coinvolgimento<\/strong>\u00a0di chi rimane, adottando un approccio di ascolto e di attenzione verso i singoli attraverso la messa in atto di percorsi rivolti all\u2019employability delle persone e la transizione come leva di ricerca di una migliore realizzazione personale ed equilibrio<\/span><\/li>\n<\/ul>\n<p>[\/et_pb_text][\/et_pb_column][\/et_pb_row][\/et_pb_section]<\/p>\n","protected":false},"excerpt":{"rendered":"<p>Volontariet\u00e0Adesione volontaria all&#8217;uscita dall&#8217;aziendaRistrutturazioni e riorganizzazioni sono fasi spesso presenti nella vita delle aziende e portano con loro uscite necessarie dall&#8217;organizzazione \u00a0L\u2019azienda pu\u00f2 allora aprire alla Volontariet\u00e0 e dare la possibilit\u00e0 alle persone di scegliere se accettare o meno il pacchetto di uscita. Per queste situazioni, noi di INTOO abbiamo elaborato un intervento strutturato per [&hellip;]<\/p>\n","protected":false},"author":27,"featured_media":43941,"parent":28915,"menu_order":2,"comment_status":"closed","ping_status":"closed","template":"","meta":{"_et_pb_use_builder":"on","_et_pb_old_content":"","_et_gb_content_width":"","footnotes":"","_links_to":"","_links_to_target":""},"class_list":["post-52618","page","type-page","status-publish","has-post-thumbnail","hentry"],"yoast_head":"<!-- This site is optimized with the Yoast SEO plugin v26.9 - https:\/\/yoast.com\/product\/yoast-seo-wordpress\/ -->\n<title>Volontariet\u00e0 - INTOO Italia<\/title>\n<meta name=\"description\" content=\"Volontariet\u00e0: ristrutturazioni e riorganizzazioni e la possibilit\u00e0 al dipendente di accettare o meno il pacchetto di uscita.\" \/>\n<meta name=\"robots\" content=\"index, follow, max-snippet:-1, max-image-preview:large, max-video-preview:-1\" \/>\n<link rel=\"canonical\" href=\"https:\/\/www.intoo.com\/it\/per-le-aziende\/volontarieta\/\" \/>\n<meta property=\"og:locale\" content=\"it_IT\" \/>\n<meta property=\"og:type\" content=\"article\" \/>\n<meta property=\"og:title\" content=\"Volontariet\u00e0 - INTOO Italia\" \/>\n<meta property=\"og:description\" content=\"Volontariet\u00e0: ristrutturazioni e riorganizzazioni e la possibilit\u00e0 al dipendente di accettare o meno il pacchetto di uscita.\" \/>\n<meta property=\"og:url\" content=\"https:\/\/www.intoo.com\/it\/per-le-aziende\/volontarieta\/\" \/>\n<meta property=\"og:site_name\" content=\"INTOO Italia\" \/>\n<meta property=\"article:modified_time\" content=\"2025-07-15T09:08:41+00:00\" \/>\n<meta property=\"og:image\" content=\"https:\/\/www.intoo.com\/wp-content\/uploads\/sites\/3\/2023\/10\/GettyImages-921054562-scaled-1020x900-1.jpg\" \/>\n\t<meta property=\"og:image:width\" content=\"1020\" \/>\n\t<meta property=\"og:image:height\" content=\"900\" \/>\n\t<meta property=\"og:image:type\" content=\"image\/jpeg\" \/>\n<meta name=\"twitter:card\" content=\"summary_large_image\" \/>\n<meta name=\"twitter:image\" content=\"https:\/\/www.intoo.com\/wp-content\/uploads\/sites\/3\/2023\/10\/GettyImages-921054562-scaled-1020x900-1.jpg\" \/>\n<meta name=\"twitter:label1\" content=\"Est. reading time\" \/>\n\t<meta name=\"twitter:data1\" content=\"2 minutes\" \/>\n<script type=\"application\/ld+json\" class=\"yoast-schema-graph\">{\"@context\":\"https:\/\/schema.org\",\"@graph\":[{\"@type\":\"WebPage\",\"@id\":\"https:\/\/www.intoo.com\/it\/per-le-aziende\/volontarieta\/\",\"url\":\"https:\/\/www.intoo.com\/it\/per-le-aziende\/volontarieta\/\",\"name\":\"Volontariet\u00e0 - INTOO Italia\",\"isPartOf\":{\"@id\":\"https:\/\/www.intoo.com\/it\/#website\"},\"primaryImageOfPage\":{\"@id\":\"https:\/\/www.intoo.com\/it\/per-le-aziende\/volontarieta\/#primaryimage\"},\"image\":{\"@id\":\"https:\/\/www.intoo.com\/it\/per-le-aziende\/volontarieta\/#primaryimage\"},\"thumbnailUrl\":\"https:\/\/www.intoo.com\/wp-content\/uploads\/sites\/3\/2023\/10\/GettyImages-921054562-scaled-1020x900-1.jpg\",\"datePublished\":\"2024-01-22T09:42:16+00:00\",\"dateModified\":\"2025-07-15T09:08:41+00:00\",\"description\":\"Volontariet\u00e0: ristrutturazioni e riorganizzazioni e la possibilit\u00e0 al dipendente di accettare o meno il pacchetto di uscita.\",\"breadcrumb\":{\"@id\":\"https:\/\/www.intoo.com\/it\/per-le-aziende\/volontarieta\/#breadcrumb\"},\"inLanguage\":\"it-IT\",\"potentialAction\":[{\"@type\":\"ReadAction\",\"target\":[\"https:\/\/www.intoo.com\/it\/per-le-aziende\/volontarieta\/\"]}]},{\"@type\":\"ImageObject\",\"inLanguage\":\"it-IT\",\"@id\":\"https:\/\/www.intoo.com\/it\/per-le-aziende\/volontarieta\/#primaryimage\",\"url\":\"https:\/\/www.intoo.com\/wp-content\/uploads\/sites\/3\/2023\/10\/GettyImages-921054562-scaled-1020x900-1.jpg\",\"contentUrl\":\"https:\/\/www.intoo.com\/wp-content\/uploads\/sites\/3\/2023\/10\/GettyImages-921054562-scaled-1020x900-1.jpg\",\"width\":1020,\"height\":900,\"caption\":\"volontariet\u00e0\"},{\"@type\":\"BreadcrumbList\",\"@id\":\"https:\/\/www.intoo.com\/it\/per-le-aziende\/volontarieta\/#breadcrumb\",\"itemListElement\":[{\"@type\":\"ListItem\",\"position\":1,\"name\":\"Home\",\"item\":\"https:\/\/www.intoo.com\/it\/\"},{\"@type\":\"ListItem\",\"position\":2,\"name\":\"Per le Aziende\",\"item\":\"https:\/\/www.intoo.com\/it\/per-le-aziende\/\"},{\"@type\":\"ListItem\",\"position\":3,\"name\":\"Volontariet\u00e0\"}]},{\"@type\":\"WebSite\",\"@id\":\"https:\/\/www.intoo.com\/it\/#website\",\"url\":\"https:\/\/www.intoo.com\/it\/\",\"name\":\"INTOO Italia\",\"description\":\"Leader nello Sviluppo dell\u2019employability e Transizione di Carriera in Italia\",\"potentialAction\":[{\"@type\":\"SearchAction\",\"target\":{\"@type\":\"EntryPoint\",\"urlTemplate\":\"https:\/\/www.intoo.com\/it\/?s={search_term_string}\"},\"query-input\":{\"@type\":\"PropertyValueSpecification\",\"valueRequired\":true,\"valueName\":\"search_term_string\"}}],\"inLanguage\":\"it-IT\"}]}<\/script>\n<!-- \/ Yoast SEO plugin. -->","yoast_head_json":{"title":"Volontariet\u00e0 - INTOO Italia","description":"Volontariet\u00e0: ristrutturazioni e riorganizzazioni e la possibilit\u00e0 al dipendente di accettare o meno il pacchetto di uscita.","robots":{"index":"index","follow":"follow","max-snippet":"max-snippet:-1","max-image-preview":"max-image-preview:large","max-video-preview":"max-video-preview:-1"},"canonical":"https:\/\/www.intoo.com\/it\/per-le-aziende\/volontarieta\/","og_locale":"it_IT","og_type":"article","og_title":"Volontariet\u00e0 - INTOO Italia","og_description":"Volontariet\u00e0: ristrutturazioni e riorganizzazioni e la possibilit\u00e0 al dipendente di accettare o meno il pacchetto di uscita.","og_url":"https:\/\/www.intoo.com\/it\/per-le-aziende\/volontarieta\/","og_site_name":"INTOO Italia","article_modified_time":"2025-07-15T09:08:41+00:00","og_image":[{"width":1020,"height":900,"url":"https:\/\/www.intoo.com\/wp-content\/uploads\/sites\/3\/2023\/10\/GettyImages-921054562-scaled-1020x900-1.jpg","type":"image\/jpeg"}],"twitter_card":"summary_large_image","twitter_image":"https:\/\/www.intoo.com\/wp-content\/uploads\/sites\/3\/2023\/10\/GettyImages-921054562-scaled-1020x900-1.jpg","twitter_misc":{"Est. reading time":"2 minutes"},"schema":{"@context":"https:\/\/schema.org","@graph":[{"@type":"WebPage","@id":"https:\/\/www.intoo.com\/it\/per-le-aziende\/volontarieta\/","url":"https:\/\/www.intoo.com\/it\/per-le-aziende\/volontarieta\/","name":"Volontariet\u00e0 - INTOO Italia","isPartOf":{"@id":"https:\/\/www.intoo.com\/it\/#website"},"primaryImageOfPage":{"@id":"https:\/\/www.intoo.com\/it\/per-le-aziende\/volontarieta\/#primaryimage"},"image":{"@id":"https:\/\/www.intoo.com\/it\/per-le-aziende\/volontarieta\/#primaryimage"},"thumbnailUrl":"https:\/\/www.intoo.com\/wp-content\/uploads\/sites\/3\/2023\/10\/GettyImages-921054562-scaled-1020x900-1.jpg","datePublished":"2024-01-22T09:42:16+00:00","dateModified":"2025-07-15T09:08:41+00:00","description":"Volontariet\u00e0: ristrutturazioni e riorganizzazioni e la possibilit\u00e0 al dipendente di accettare o meno il pacchetto di uscita.","breadcrumb":{"@id":"https:\/\/www.intoo.com\/it\/per-le-aziende\/volontarieta\/#breadcrumb"},"inLanguage":"it-IT","potentialAction":[{"@type":"ReadAction","target":["https:\/\/www.intoo.com\/it\/per-le-aziende\/volontarieta\/"]}]},{"@type":"ImageObject","inLanguage":"it-IT","@id":"https:\/\/www.intoo.com\/it\/per-le-aziende\/volontarieta\/#primaryimage","url":"https:\/\/www.intoo.com\/wp-content\/uploads\/sites\/3\/2023\/10\/GettyImages-921054562-scaled-1020x900-1.jpg","contentUrl":"https:\/\/www.intoo.com\/wp-content\/uploads\/sites\/3\/2023\/10\/GettyImages-921054562-scaled-1020x900-1.jpg","width":1020,"height":900,"caption":"volontariet\u00e0"},{"@type":"BreadcrumbList","@id":"https:\/\/www.intoo.com\/it\/per-le-aziende\/volontarieta\/#breadcrumb","itemListElement":[{"@type":"ListItem","position":1,"name":"Home","item":"https:\/\/www.intoo.com\/it\/"},{"@type":"ListItem","position":2,"name":"Per le Aziende","item":"https:\/\/www.intoo.com\/it\/per-le-aziende\/"},{"@type":"ListItem","position":3,"name":"Volontariet\u00e0"}]},{"@type":"WebSite","@id":"https:\/\/www.intoo.com\/it\/#website","url":"https:\/\/www.intoo.com\/it\/","name":"INTOO Italia","description":"Leader nello Sviluppo dell\u2019employability e Transizione di Carriera in Italia","potentialAction":[{"@type":"SearchAction","target":{"@type":"EntryPoint","urlTemplate":"https:\/\/www.intoo.com\/it\/?s={search_term_string}"},"query-input":{"@type":"PropertyValueSpecification","valueRequired":true,"valueName":"search_term_string"}}],"inLanguage":"it-IT"}]}},"_links":{"self":[{"href":"https:\/\/www.intoo.com\/it\/wp-json\/wp\/v2\/pages\/52618","targetHints":{"allow":["GET"]}}],"collection":[{"href":"https:\/\/www.intoo.com\/it\/wp-json\/wp\/v2\/pages"}],"about":[{"href":"https:\/\/www.intoo.com\/it\/wp-json\/wp\/v2\/types\/page"}],"author":[{"embeddable":true,"href":"https:\/\/www.intoo.com\/it\/wp-json\/wp\/v2\/users\/27"}],"replies":[{"embeddable":true,"href":"https:\/\/www.intoo.com\/it\/wp-json\/wp\/v2\/comments?post=52618"}],"version-history":[{"count":22,"href":"https:\/\/www.intoo.com\/it\/wp-json\/wp\/v2\/pages\/52618\/revisions"}],"predecessor-version":[{"id":56065,"href":"https:\/\/www.intoo.com\/it\/wp-json\/wp\/v2\/pages\/52618\/revisions\/56065"}],"up":[{"embeddable":true,"href":"https:\/\/www.intoo.com\/it\/wp-json\/wp\/v2\/pages\/28915"}],"wp:featuredmedia":[{"embeddable":true,"href":"https:\/\/www.intoo.com\/it\/wp-json\/wp\/v2\/media\/43941"}],"wp:attachment":[{"href":"https:\/\/www.intoo.com\/it\/wp-json\/wp\/v2\/media?parent=52618"}],"curies":[{"name":"wp","href":"https:\/\/api.w.org\/{rel}","templated":true}]}}