{"id":54791,"date":"2024-11-21T13:58:45","date_gmt":"2024-11-21T13:58:45","guid":{"rendered":"https:\/\/www.intoo.com\/it\/?page_id=54791"},"modified":"2024-11-21T15:24:55","modified_gmt":"2024-11-21T15:24:55","slug":"privacy-policy-marketing","status":"publish","type":"page","link":"https:\/\/www.intoo.com\/it\/privacy-policy-marketing\/","title":{"rendered":"PRIVACY POLICY\/m"},"content":{"rendered":"<p>[et_pb_section fb_built=&#8221;1&#8243; _builder_version=&#8221;4.21.0&#8243; _module_preset=&#8221;default&#8221; da_disable_devices=&#8221;off|off|off&#8221; global_colors_info=&#8221;{}&#8221; da_is_popup=&#8221;off&#8221; da_exit_intent=&#8221;off&#8221; da_has_close=&#8221;on&#8221; da_alt_close=&#8221;off&#8221; da_dark_close=&#8221;off&#8221; da_not_modal=&#8221;on&#8221; da_is_singular=&#8221;off&#8221; da_with_loader=&#8221;off&#8221; da_has_shadow=&#8221;on&#8221;][et_pb_row _builder_version=&#8221;4.21.0&#8243; _module_preset=&#8221;default&#8221; hover_enabled=&#8221;0&#8243; global_colors_info=&#8221;{}&#8221; sticky_enabled=&#8221;0&#8243;][et_pb_column type=&#8221;4_4&#8243; _builder_version=&#8221;4.21.0&#8243; _module_preset=&#8221;default&#8221; global_colors_info=&#8221;{}&#8221;][et_pb_text _builder_version=&#8221;4.21.0&#8243; _module_preset=&#8221;default&#8221; hover_enabled=&#8221;0&#8243; global_colors_info=&#8221;{}&#8221; sticky_enabled=&#8221;0&#8243;]<\/p>\n<h1><strong>INFORMATIVA AI SENSI DEGLI ARTT. 13 E 14 DEL REGOLAMENTO EUROPEO n. 2016\/679 (\u201cGDPR\u201d)<span>\u00a0<\/span><\/strong><strong>FORM CONTATTI ONLINE<\/strong><\/h1>\n<p>[\/et_pb_text][et_pb_text _builder_version=&#8221;4.21.0&#8243; _module_preset=&#8221;default&#8221; hover_enabled=&#8221;0&#8243; global_colors_info=&#8221;{}&#8221; sticky_enabled=&#8221;0&#8243;]<\/p>\n<p><strong>Intoo S.r.l.<\/strong><span>\u00a0<\/span>(di seguito anche \u201c<strong>Intoo<\/strong>\u201d) fornisce di seguito le informazioni circa il trattamento dei dati personali di coloro che compilano\/inviano il form online per essere contattati da Intoo stessa.<\/p>\n<p>Si ricorda che ai sensi del GDPR \u201c<strong><em>interessati<\/em><\/strong>\u201d sono le persone fisiche a cui i dati si riferiscono.<\/p>\n<hr \/>\n<ol>\n<li><strong>Chi \u00e8 il \u201c<em>titolare<\/em>\u201d del trattamento di dati personali (cio\u00e8 chi decide finalit\u00e0 e modalit\u00e0 del trattamento)<\/strong><\/li>\n<\/ol>\n<p>Il titolare del trattamento \u00e8 Intoo S.r.l., con sede legale in Piazza IV Novembre 5, 20124 Milano, indirizzo e \u2013 mail<span>\u00a0<\/span><a href=\"mailto:it.privacy@intoo.it\">it.privacy@intoo.it<\/a><span>\u00a0<\/span>(di seguito, \u201c<strong>Societ\u00e0<\/strong>\u201d).<\/p>\n<ol start=\"2\">\n<li><strong>Come<\/strong><strong><span>\u00a0<\/span>pu\u00f2 essere contattato il \u201c<em>data protection officer\u201d<\/em><span>\u00a0<\/span>(\u201cDPO\u201d)<\/strong><\/li>\n<\/ol>\n<p>Il DPO pu\u00f2 essere contattato all\u2019indirizzo<span>\u00a0<\/span><a href=\"mailto:dpo@gigroup.com\">dpo@gigroup.com<\/a>.<\/p>\n<ol start=\"3\">\n<li><strong>Quali sono le categorie<\/strong><strong><span>\u00a0<\/span>di dati personali trattati<\/strong><span>\u00a0<\/span><strong>e la fonte dei dati<\/strong><\/li>\n<\/ol>\n<p>I dati personali trattati comprendono, a titolo esemplificativo e non esaustivo, dati anagrafici (nome, cognome), dati di contatto (e \u2013 mail, n. di telefono), Azienda, ruolo aziendale, eventuali ulteriori dati personali contenuti nel messaggio inoltrato attraverso il form.<br \/>Si precisa infine che la Societ\u00e0 raccoglier\u00e0 i dati personali direttamente presso di Lei.<\/p>\n<ol start=\"4\">\n<li><strong>Finalit\u00e0,<\/strong><strong><span>\u00a0<\/span>base giuridica del trattamento e periodo di conservazione dei dati<\/strong><\/li>\n<\/ol>\n<table width=\"690\" style=\"height: 696px\">\n<tbody>\n<tr style=\"height: 72px\">\n<td style=\"height: 72px;width: 211.488px\"><strong>Per quale finalit\u00e0 i dati sono trattati?<\/strong><\/td>\n<td style=\"height: 72px;width: 211.9px\"><strong>Quale \u00e8 la base giuridica che legittima il trattamento?<\/strong><\/td>\n<td style=\"height: 72px;width: 247.812px\"><strong>Per quanto tempo conserviamo i dati?<\/strong><\/td>\n<\/tr>\n<tr style=\"height: 240px\">\n<td style=\"height: 240px;width: 211.488px\">\n<p><strong>Per la gestione di attivit\u00e0 precontrattuali<\/strong><\/p>\n<p>Attivit\u00e0 funzionali alla gestione dei rapporti precontrattuali (pianificazione e gestione organizzativa delle attivit\u00e0, comunicazione, su Sua richiesta, di informazioni precontrattuali, ecc.).<\/p>\n<p><strong><\/strong><\/p>\n<\/td>\n<td style=\"height: 240px;width: 211.9px\">\n<p><span>La base giuridica applicabile al trattamento dei dati personali \u00e8 l\u2019esecuzione di misure precontrattuali adottate su richiesta dell\u2019interessato, ex art. par. 1 lett. b) del GDPR.<\/span><\/p>\n<\/td>\n<td style=\"height: 240px;width: 247.812px\"><span>Per 5 anni<\/span><\/td>\n<\/tr>\n<tr style=\"height: 264px\">\n<td style=\"height: 264px;width: 211.488px\">Finalit\u00e0 di marketing generico: invio di comunicazioni promozionali relative ai servizi offerti dalla Societ\u00e0 (iniziative di formazione, sviluppo di carriera, coaching) tramite posta elettronica, nonch\u00e9 per il compimento di studi e ricerche statistiche e\/o di mercato<\/td>\n<td style=\"height: 264px;width: 211.9px\">Consenso dell\u2019interessato (art. 6.1 lett. a) del GDPR).<\/td>\n<td style=\"height: 264px;width: 247.812px\">I dati saranno conservati fino a revoca del consenso<\/td>\n<\/tr>\n<tr style=\"height: 120px\">\n<td colspan=\"3\" style=\"height: 120px;width: 681.6px\">Decorsi i termini di conservazione sopra indicati, i dati saranno distrutti o resi anonimi, compatibilmente con le procedure tecniche di cancellazione e backup.<\/td>\n<\/tr>\n<\/tbody>\n<\/table>\n<p><strong><\/strong><\/p>\n<ol start=\"5\">\n<li><strong>Natura del<span>\u00a0<\/span><\/strong><strong>conferimento<\/strong><strong><span>\u00a0<\/span>dei dati<\/strong><\/li>\n<\/ol>\n<p>Il conferimento dei dati \u00e8 necessario per la corretta gestione della richiesta; pertanto, il mancato conferimento non permetter\u00e0 l\u2019invio e\/o gestione della stessa.<\/p>\n<ol start=\"6\">\n<li><strong>A chi sono<span>\u00a0<\/span><\/strong><strong>trasmessi<\/strong><strong><span>\u00a0<\/span>i dati<\/strong><\/li>\n<\/ol>\n<p>I dati sono trattati dai dipendenti della Societ\u00e0 \u2013 appartenenti alle funzioni aziendali deputate al perseguimento delle finalit\u00e0 sopraindicate \u2013 che sono stati espressamente autorizzati al trattamento e che hanno ricevuto adeguate istruzioni operative.<\/p>\n<p>I dati sono trattati, per conto della Societ\u00e0, da soggetti terzi che forniscono alla Societ\u00e0 prestazioni o servizi strumentali alle finalit\u00e0 indicate nella presente informativa, a cui sono impartite adeguate istruzioni operative, designati quali responsabili del trattamento ai sensi dell\u2019art. 28 del GDPR, fra cui fra cui la<span>\u00a0<\/span><em>web agency<span>\u00a0<\/span><\/em>che si occupa di gestire le campagne pubblicitarie.<\/p>\n<p>I dati potranno essere comunicati ad autorit\u00e0 ed organi di vigilanza e controllo e, in generale, soggetti, pubblici o privati, legittimati a richiedere\/ricevere i dati che li trattano in qualit\u00e0 di autonomi titolari.<\/p>\n<ol start=\"7\">\n<li><strong>Trasferimento dei dati extra UE<\/strong><\/li>\n<\/ol>\n<p>I dati potranno essere trasferiti al di fuori dell\u2019Unione Europea (UE). Nel caso in cui tali paesi \u201cterzi\u201d non siano stati ritenuti adeguati dalla Commissione Europea, saranno utilizzati i meccanismi di trasferimento di cui all\u2019art. 46 del GDPR, cd. \u201cgaranzie adeguate\u201d (quali ad esempio, le clausole contrattuali standard). \u00c8 possibile ottenere maggiori informazioni o una copia delle \u201cgaranzie adeguate\u201d contattando la Societ\u00e0 all\u2019indirizzo e-mail<span>\u00a0<\/span><a href=\"mailto:it.privacy@intoo.it\">it.privacy@intoo.it<\/a>.<\/p>\n<ol start=\"8\">\n<li><strong>Diritti dell\u2019interessato<\/strong><\/li>\n<\/ol>\n<p>Gli interessati possono esercitare nei confronti della Societ\u00e0 i diritti riconosciuti dagli artt. 15-22 del GDPR e in particolare:<\/p>\n<ol>\n<li>chiedere l\u2019accesso ai dati che li riguardano e alle informazioni di cui all\u2019art. 15 (finalit\u00e0 del trattamento, categorie di dati personali, etc.);<\/li>\n<li>chiedere la cancellazione nelle ipotesi previste dall\u2019art. 17 se la Societ\u00e0 non ha pi\u00f9 diritto di trattarli;<\/li>\n<\/ol>\n<ul>\n<li>ottenere la rettifica dei dati inesatti o l\u2019integrazione dei dati incompleti;<\/li>\n<\/ul>\n<ol>\n<li>ottenere la limitazione del trattamento (cio\u00e8 la temporanea sottoposizione dei dati alla sola operazione di conservazione), nei casi previsti dall\u2019art. 18 GDPR;<\/li>\n<li>ricevere in un formato strutturato, di uso comune e leggibile da dispositivo automatico i dati, nonch\u00e9, se tecnicamente fattibile, di trasmetterli ad altro titolare senza impedimenti, nel caso in cui il trattamento sia basato sul consenso o sul contratto e sia effettuato con strumenti automatizzati ha il diritto;<\/li>\n<li>revocare il consenso eventualmente prestato in qualsiasi momento ed opporsi alla ricezione di comunicazioni commerciali anche cliccando sull\u2019apposito link di<span>\u00a0<\/span><em>unsubscribe<\/em><span>\u00a0<\/span>in calce ad ogni mail.<\/li>\n<\/ol>\n<p>Tali diritti possono essere esercitati, inviando una comunicazione scritta alla Societ\u00e0 all\u2019indirizzo sopra indicato o tramite e-mail a<span>\u00a0<\/span><a href=\"mailto:it.privacy@intoo.it\">it.privacy@intoo.it<\/a>.<\/p>\n<p>Gli interessati hanno, infine, il diritto di proporre reclamo al Garante privacy o comunque all\u2019autorit\u00e0 di controllo competente nello Stato membro in cui risiedono abitualmente o lavorano o dello Stato in cui si \u00e8 verificata la presunta violazione.<\/p>\n<p>Le ipotesi in cui \u00e8 possibile ottenere la limitazione del trattamento sono le seguenti:<\/p>\n<ol>\n<li>l\u2019interessato contesta l\u2019esattezza dei dati personali, per il periodo necessario al titolare per verificare l\u2019esattezza di tali dati;<\/li>\n<li>il trattamento \u00e8 illecito e l\u2019interessato si oppone alla cancellazione dei dati e chiede invece che ne sia limitato l\u2019utilizzo;<\/li>\n<li>il titolare del trattamento non ne ha pi\u00f9 bisogno, ma i dati sono necessari all\u2019interessato per l\u2019accertamento, l\u2019esercizio o la difesa di un diritto in sede giudiziaria;<\/li>\n<li>l\u2019interessato si \u00e8 opposto al trattamento ai sensi dell\u2019art. 21.1 del GDPR, in attesa della verifica in merito all\u2019eventuale prevalenza dei motivi legittimi del titolare rispetto a quelli dell\u2019interessato.<\/li>\n<\/ol>\n<p>[\/et_pb_text][\/et_pb_column][\/et_pb_row][\/et_pb_section]<\/p>\n","protected":false},"excerpt":{"rendered":"<p>INFORMATIVA AI SENSI DEGLI ARTT. 13 E 14 DEL REGOLAMENTO EUROPEO n. 2016\/679 (\u201cGDPR\u201d)\u00a0FORM CONTATTI ONLINEIntoo S.r.l.\u00a0(di seguito anche \u201cIntoo\u201d) fornisce di seguito le informazioni circa il trattamento dei dati personali di coloro che compilano\/inviano il form online per essere contattati da Intoo stessa. Si ricorda che ai sensi del GDPR \u201cinteressati\u201d sono le persone [&hellip;]<\/p>\n","protected":false},"author":27,"featured_media":0,"parent":0,"menu_order":0,"comment_status":"closed","ping_status":"closed","template":"","meta":{"_et_pb_use_builder":"on","_et_pb_old_content":"","_et_gb_content_width":"","footnotes":"","_links_to":"","_links_to_target":""},"class_list":["post-54791","page","type-page","status-publish","hentry"],"yoast_head":"<!-- This site is optimized with the Yoast SEO plugin v26.9 - https:\/\/yoast.com\/product\/yoast-seo-wordpress\/ -->\n<title>PRIVACY POLICY\/m - INTOO Italia<\/title>\n<meta name=\"description\" content=\"Intoo S.r.l. fornisce di seguito le informazioni circa il trattamento dei dati personali di coloro che compilano\/inviano il form online.\" \/>\n<meta name=\"robots\" content=\"noindex, nofollow\" \/>\n<meta property=\"og:locale\" content=\"it_IT\" \/>\n<meta property=\"og:type\" content=\"article\" \/>\n<meta property=\"og:title\" content=\"PRIVACY POLICY\/m - INTOO Italia\" \/>\n<meta property=\"og:description\" content=\"Intoo S.r.l. fornisce di seguito le informazioni circa il trattamento dei dati personali di coloro che compilano\/inviano il form online.\" \/>\n<meta property=\"og:url\" content=\"https:\/\/www.intoo.com\/it\/privacy-policy-marketing\/\" \/>\n<meta property=\"og:site_name\" content=\"INTOO Italia\" \/>\n<meta property=\"article:modified_time\" content=\"2024-11-21T15:24:55+00:00\" \/>\n<meta name=\"twitter:card\" content=\"summary_large_image\" \/>\n<meta name=\"twitter:label1\" content=\"Est. reading time\" \/>\n\t<meta name=\"twitter:data1\" content=\"5 minutes\" \/>\n<script type=\"application\/ld+json\" class=\"yoast-schema-graph\">{\"@context\":\"https:\/\/schema.org\",\"@graph\":[{\"@type\":\"WebPage\",\"@id\":\"https:\/\/www.intoo.com\/it\/privacy-policy-marketing\/\",\"url\":\"https:\/\/www.intoo.com\/it\/privacy-policy-marketing\/\",\"name\":\"PRIVACY POLICY\/m - INTOO Italia\",\"isPartOf\":{\"@id\":\"https:\/\/www.intoo.com\/it\/#website\"},\"datePublished\":\"2024-11-21T13:58:45+00:00\",\"dateModified\":\"2024-11-21T15:24:55+00:00\",\"description\":\"Intoo S.r.l. fornisce di seguito le informazioni circa il trattamento dei dati personali di coloro che compilano\/inviano il form online.\",\"breadcrumb\":{\"@id\":\"https:\/\/www.intoo.com\/it\/privacy-policy-marketing\/#breadcrumb\"},\"inLanguage\":\"it-IT\",\"potentialAction\":[{\"@type\":\"ReadAction\",\"target\":[\"https:\/\/www.intoo.com\/it\/privacy-policy-marketing\/\"]}]},{\"@type\":\"BreadcrumbList\",\"@id\":\"https:\/\/www.intoo.com\/it\/privacy-policy-marketing\/#breadcrumb\",\"itemListElement\":[{\"@type\":\"ListItem\",\"position\":1,\"name\":\"Home\",\"item\":\"https:\/\/www.intoo.com\/it\/\"},{\"@type\":\"ListItem\",\"position\":2,\"name\":\"PRIVACY POLICY\/m\"}]},{\"@type\":\"WebSite\",\"@id\":\"https:\/\/www.intoo.com\/it\/#website\",\"url\":\"https:\/\/www.intoo.com\/it\/\",\"name\":\"INTOO Italia\",\"description\":\"Leader nello Sviluppo dell\u2019employability e Transizione di Carriera in Italia\",\"potentialAction\":[{\"@type\":\"SearchAction\",\"target\":{\"@type\":\"EntryPoint\",\"urlTemplate\":\"https:\/\/www.intoo.com\/it\/?s={search_term_string}\"},\"query-input\":{\"@type\":\"PropertyValueSpecification\",\"valueRequired\":true,\"valueName\":\"search_term_string\"}}],\"inLanguage\":\"it-IT\"}]}<\/script>\n<!-- \/ Yoast SEO plugin. -->","yoast_head_json":{"title":"PRIVACY POLICY\/m - INTOO Italia","description":"Intoo S.r.l. fornisce di seguito le informazioni circa il trattamento dei dati personali di coloro che compilano\/inviano il form online.","robots":{"index":"noindex","follow":"nofollow"},"og_locale":"it_IT","og_type":"article","og_title":"PRIVACY POLICY\/m - INTOO Italia","og_description":"Intoo S.r.l. fornisce di seguito le informazioni circa il trattamento dei dati personali di coloro che compilano\/inviano il form online.","og_url":"https:\/\/www.intoo.com\/it\/privacy-policy-marketing\/","og_site_name":"INTOO Italia","article_modified_time":"2024-11-21T15:24:55+00:00","twitter_card":"summary_large_image","twitter_misc":{"Est. reading time":"5 minutes"},"schema":{"@context":"https:\/\/schema.org","@graph":[{"@type":"WebPage","@id":"https:\/\/www.intoo.com\/it\/privacy-policy-marketing\/","url":"https:\/\/www.intoo.com\/it\/privacy-policy-marketing\/","name":"PRIVACY POLICY\/m - INTOO Italia","isPartOf":{"@id":"https:\/\/www.intoo.com\/it\/#website"},"datePublished":"2024-11-21T13:58:45+00:00","dateModified":"2024-11-21T15:24:55+00:00","description":"Intoo S.r.l. fornisce di seguito le informazioni circa il trattamento dei dati personali di coloro che compilano\/inviano il form online.","breadcrumb":{"@id":"https:\/\/www.intoo.com\/it\/privacy-policy-marketing\/#breadcrumb"},"inLanguage":"it-IT","potentialAction":[{"@type":"ReadAction","target":["https:\/\/www.intoo.com\/it\/privacy-policy-marketing\/"]}]},{"@type":"BreadcrumbList","@id":"https:\/\/www.intoo.com\/it\/privacy-policy-marketing\/#breadcrumb","itemListElement":[{"@type":"ListItem","position":1,"name":"Home","item":"https:\/\/www.intoo.com\/it\/"},{"@type":"ListItem","position":2,"name":"PRIVACY POLICY\/m"}]},{"@type":"WebSite","@id":"https:\/\/www.intoo.com\/it\/#website","url":"https:\/\/www.intoo.com\/it\/","name":"INTOO Italia","description":"Leader nello Sviluppo dell\u2019employability e Transizione di Carriera in Italia","potentialAction":[{"@type":"SearchAction","target":{"@type":"EntryPoint","urlTemplate":"https:\/\/www.intoo.com\/it\/?s={search_term_string}"},"query-input":{"@type":"PropertyValueSpecification","valueRequired":true,"valueName":"search_term_string"}}],"inLanguage":"it-IT"}]}},"_links":{"self":[{"href":"https:\/\/www.intoo.com\/it\/wp-json\/wp\/v2\/pages\/54791","targetHints":{"allow":["GET"]}}],"collection":[{"href":"https:\/\/www.intoo.com\/it\/wp-json\/wp\/v2\/pages"}],"about":[{"href":"https:\/\/www.intoo.com\/it\/wp-json\/wp\/v2\/types\/page"}],"author":[{"embeddable":true,"href":"https:\/\/www.intoo.com\/it\/wp-json\/wp\/v2\/users\/27"}],"replies":[{"embeddable":true,"href":"https:\/\/www.intoo.com\/it\/wp-json\/wp\/v2\/comments?post=54791"}],"version-history":[{"count":3,"href":"https:\/\/www.intoo.com\/it\/wp-json\/wp\/v2\/pages\/54791\/revisions"}],"predecessor-version":[{"id":54796,"href":"https:\/\/www.intoo.com\/it\/wp-json\/wp\/v2\/pages\/54791\/revisions\/54796"}],"wp:attachment":[{"href":"https:\/\/www.intoo.com\/it\/wp-json\/wp\/v2\/media?parent=54791"}],"curies":[{"name":"wp","href":"https:\/\/api.w.org\/{rel}","templated":true}]}}