{"id":55917,"date":"2025-06-18T07:44:33","date_gmt":"2025-06-18T07:44:33","guid":{"rendered":"https:\/\/www.intoo.com\/it\/?page_id=55917"},"modified":"2025-07-15T09:50:46","modified_gmt":"2025-07-15T09:50:46","slug":"informativa-privacy-fornitori","status":"publish","type":"page","link":"https:\/\/www.intoo.com\/it\/privacy\/informativa-privacy-fornitori\/","title":{"rendered":"Informativa privacy Fornitori"},"content":{"rendered":"\n[et_pb_section fb_built=&#8221;1&#8243; _builder_version=&#8221;4.21.0&#8243; _module_preset=&#8221;default&#8221; da_disable_devices=&#8221;off|off|off&#8221; global_colors_info=&#8221;{}&#8221; da_is_popup=&#8221;off&#8221; da_exit_intent=&#8221;off&#8221; da_has_close=&#8221;on&#8221; da_alt_close=&#8221;off&#8221; da_dark_close=&#8221;off&#8221; da_not_modal=&#8221;on&#8221; da_is_singular=&#8221;off&#8221; da_with_loader=&#8221;off&#8221; da_has_shadow=&#8221;on&#8221;][et_pb_row _builder_version=&#8221;4.21.0&#8243; _module_preset=&#8221;default&#8221; global_colors_info=&#8221;{}&#8221;][et_pb_column type=&#8221;4_4&#8243; _builder_version=&#8221;4.21.0&#8243; _module_preset=&#8221;default&#8221; global_colors_info=&#8221;{}&#8221;][et_pb_text _builder_version=&#8221;4.21.0&#8243; _module_preset=&#8221;default&#8221; global_colors_info=&#8221;{}&#8221;]<h1>Informativa privacy Fornitori<\/h1>[\/et_pb_text][\/et_pb_column][\/et_pb_row][et_pb_row _builder_version=&#8221;4.21.0&#8243; _module_preset=&#8221;default&#8221; global_colors_info=&#8221;{}&#8221;][et_pb_column type=&#8221;4_4&#8243; _builder_version=&#8221;4.21.0&#8243; _module_preset=&#8221;default&#8221; global_colors_info=&#8221;{}&#8221;][et_pb_text _builder_version=&#8221;4.21.0&#8243; _module_preset=&#8221;default&#8221; global_colors_info=&#8221;{}&#8221;]<h2>Titolare del trattamento<\/h2>[\/et_pb_text][et_pb_text _builder_version=&#8221;4.21.0&#8243; _module_preset=&#8221;default&#8221; global_colors_info=&#8221;{}&#8221;]<p><strong>Intoo S.r.l.<\/strong> con sede in Piazza IV Novembre 5, 20124 Milano numero di telefono 02444111, indirizzo e-mail: <a href=\"mailto:it.privacy@intoo.it\">it.privacy@intoo.it<\/a><\/p>[\/et_pb_text][\/et_pb_column][\/et_pb_row][et_pb_row _builder_version=&#8221;4.21.0&#8243; _module_preset=&#8221;default&#8221; global_colors_info=&#8221;{}&#8221;][et_pb_column type=&#8221;4_4&#8243; _builder_version=&#8221;4.21.0&#8243; _module_preset=&#8221;default&#8221; global_colors_info=&#8221;{}&#8221;][et_pb_text _builder_version=&#8221;4.21.0&#8243; _module_preset=&#8221;default&#8221; global_colors_info=&#8221;{}&#8221;]<h2>Data Protection Officer<\/h2>\n<p>Piazza IV Novembre 5, 20124 Milano all\u2019att.ne del \u201cData Protection Officer\u201d indirizzo e-mail: <a href=\"mailto:dpo@gigroup.com\">dpo@gigroup.com<\/a><\/p>[\/et_pb_text][\/et_pb_column][\/et_pb_row][et_pb_row _builder_version=&#8221;4.21.0&#8243; _module_preset=&#8221;default&#8221; global_colors_info=&#8221;{}&#8221;][et_pb_column type=&#8221;4_4&#8243; _builder_version=&#8221;4.21.0&#8243; _module_preset=&#8221;default&#8221; global_colors_info=&#8221;{}&#8221;][et_pb_text _builder_version=&#8221;4.21.0&#8243; _module_preset=&#8221;default&#8221; hover_enabled=&#8221;0&#8243; global_colors_info=&#8221;{}&#8221; sticky_enabled=&#8221;0&#8243;]<h2>Categorie di dati trattati e fonte dei dati<\/h2>\nPer \u201cdati personali \u201csi intendono quelli relativi a persone fisiche trattati dalla Societ\u00e0, ivi inclusi nominativi, informazioni di contatto, ecc. del fornitore persona fisica oppure del legale rappresentante, di dipendenti, consulenti ed altri soggetti operanti presso il fornitore persona giuridica (che sottoscrive il contratto).\n\n&nbsp;\n<table width=\"698\">\n<tbody>\n<tr>\n<td valign=\"top\" width=\"349\"><strong>Perch\u00e9 vengono trattati i suoi dati personali e qual \u00e8 la condizione che rende lecito il trattamento?<\/strong>\n<strong>Il conferimento dei dati \u00e8 obbligatorio?<\/strong><\/td>\n<td valign=\"top\" width=\"349\"><strong>Per quanto tempo conserviamo i suoi dati personali?<\/strong><\/td>\n<\/tr>\n<tr>\n<td valign=\"top\" width=\"349\"><strong>1. Instaurazione ed esecuzione del rapporto contrattuale<\/strong>\n\n\u2022 adempimenti contrattuali ed esecuzione di operazioni derivanti dal contratto,\n\n\u2022 gestione amministrativa ed operativa del rapporto\n\n\u2022 gestione del profilo sul portale fornitori\n\nLa base giuridica che legittima il trattamento dei suoi dati e del legale rappresentante \u00e8 l\u2019esecuzione del contratto.\n\nLa base giuridica che legittima il trattamento dei dati dei suoi dipendenti\/consulenti \u00e8 il legittimo interesse del Titolare.\n\nIl conferimento dei dati \u00e8 obbligatorio per il conseguimento delle finalit\u00e0 sopra elencate; pertanto, l\u2019eventuale rifiuto di fornire i dati non consente al Titolare di adempiere gli obblighi contrattuali.<\/td>\n<td valign=\"top\" width=\"349\">Per la durata del contratto e, dopo la cessazione, per 10 anni.<\/td>\n<\/tr>\n<tr>\n<td valign=\"top\" width=\"349\"><strong>2. Adempimenti amministrativo-contabili ed adempimento di obblighi di legge<\/strong>\n\nAdempimento di obblighi contabili o fiscali\n\nLa base giuridica che legittima il trattamento \u00e8 l\u2019adempimento di un obbligo legale.\n\nIl conferimento dei dati \u00e8 obbligatorio per il conseguimento delle finalit\u00e0 sopra elencate; pertanto, l\u2019eventuale rifiuto di fornire i dati non consente al Titolare di adempiere gli obblighi legali<\/td>\n<td valign=\"top\" width=\"349\">Per i tempi di conservazione previsti dalle singole e specifiche leggi applicabili in relazione ai trattamenti effettuati per tali finalit\u00e0.<\/td>\n<\/tr>\n<tr>\n<td valign=\"top\" width=\"349\"><strong>3. Gestione contenziosi con i fornitori<\/strong>\n\nAccertamento, esercizio o difesa di un diritto in sede di risoluzione stragiudiziale e\/o giudiziaria, ove necessario da parte del Titolare del trattamento\n\nLa base giuridica che legittima il trattamento \u00e8 il legittimo interesse del Titolare<\/td>\n<td valign=\"top\" width=\"349\">Per tutta la durata del procedimento stragiudiziale e\/o giudiziale, fino all\u2019esaurimento dei termini di esperibilit\u00e0 delle tutele giudiziali e\/o delle azioni di impugnazione.<\/td>\n<\/tr>\n<\/tbody>\n<\/table>\n<strong>Decorsi i termini di conservazione sopra indicati, i dati personali saranno distrutti, cancellati o resi anonimi, compatibilmente con le procedure tecniche di cancellazione e backup.<\/strong>[\/et_pb_text][\/et_pb_column][\/et_pb_row][et_pb_row _builder_version=&#8221;4.21.0&#8243; _module_preset=&#8221;default&#8221; global_colors_info=&#8221;{}&#8221;][et_pb_column type=&#8221;4_4&#8243; _builder_version=&#8221;4.21.0&#8243; _module_preset=&#8221;default&#8221; global_colors_info=&#8221;{}&#8221;][et_pb_text _builder_version=&#8221;4.21.0&#8243; _module_preset=&#8221;default&#8221; global_colors_info=&#8221;{}&#8221;]<h2>Modalit\u00e0 di trattamento<\/h2>\n<p>Il trattamento dei dati \u00e8 improntato ai principi di correttezza, liceit\u00e0 e trasparenza e minimizzazione dei dati (<em>privacy by design<\/em>); potr\u00e0 essere effettuato sia manualmente che attraverso modalit\u00e0 automatizzate atte a trasmetterli ed avverr\u00e0 mediante misure tecniche e organizzative adeguate, per quanto di ragione e allo stato della tecnica, a garantire, fra l\u2019altro, la sicurezza, la riservatezza, l\u2019integrit\u00e0, la disponibilit\u00e0 e la resilienza dei sistemi e dei servizi, evitando il rischio di perdita, distruzione, accesso o divulgazione non autorizzati o, comunque, uso illecito, nonch\u00e9 mediante misure ragionevoli per cancellare o rettificare tempestivamente i dati inesatti rispetto alle finalit\u00e0 per le quali sono trattati.<\/p>[\/et_pb_text][\/et_pb_column][\/et_pb_row][et_pb_row _builder_version=&#8221;4.21.0&#8243; _module_preset=&#8221;default&#8221; global_colors_info=&#8221;{}&#8221;][et_pb_column type=&#8221;4_4&#8243; _builder_version=&#8221;4.21.0&#8243; _module_preset=&#8221;default&#8221; global_colors_info=&#8221;{}&#8221;][et_pb_text _builder_version=&#8221;4.21.0&#8243; _module_preset=&#8221;default&#8221; global_colors_info=&#8221;{}&#8221;]<h2>Destinatari dei dati<\/h2>\n<p>I dati personali possono essere trattati esclusivamente dai dipendenti delle funzioni aziendali autorizzate al trattamento in quanto deputate al perseguimento delle finalit\u00e0 sopraindicate. Tali dipendenti hanno ricevuto, al riguardo, adeguate istruzioni operative. I dati personali possono essere comunicati dalla Societ\u00e0 ai seguenti soggetti:<\/p>\n<ul>\n<li>societ\u00e0 di revisione;<\/li>\n<li>organismo di vigilanza;<\/li>\n<li>studi professionali e di consulenza;<\/li>\n<li>imprese di assicurazione;<\/li>\n<li>Agenzia delle Entrate<\/li>\n<li>Ente bilaterale di settore<\/li>\n<li>Societ\u00e0 di informazioni commerciali<\/li>\n<li>Societ\u00e0 del Gruppo in Italia o all\u2019estero;<\/li>\n<li>Istituti bancari.<\/li>\n<\/ul>\n<p>I dati personali possono essere altres\u00ec trattati da altri soggetti esterni, espressamente nominati responsabili del trattamento, che forniscono alla Societ\u00e0:<\/p>\n<ul>\n<li>Servizi di gestione e manutenzione del database dei fornitori;<\/li>\n<li>Servizi di archiviazione;<\/li>\n<li>Servizi di postalizzazione delle comunicazioni;<\/li>\n<li>Servizi di gestione incassi e pagamenti.<\/li>\n<li>Gi Group S.p.A., che svolge per conto della Societ\u00e0 specifiche funzioni (ad es. gestione centralizzata del servizio acquisti, adempimenti contabili, fiscali e assicurativi, manutenzione del portale fornitori, etc.).<\/li>\n<\/ul>\n<p>L\u2019elenco aggiornato contenente i destinatari \u00e8 disponibile presso la nostra sede sociale oppure inviando una comunicazione e-mail a <a href=\"mailto:it.privacy@intoo.it\">it.privacy@intoo.it<\/a>.<\/p>\n<p>I dati personali non saranno diffusi e non saranno trasferiti all\u2019estero dal Titolare.<\/p>[\/et_pb_text][\/et_pb_column][\/et_pb_row][et_pb_row _builder_version=&#8221;4.21.0&#8243; _module_preset=&#8221;default&#8221; global_colors_info=&#8221;{}&#8221;][et_pb_column type=&#8221;4_4&#8243; _builder_version=&#8221;4.21.0&#8243; _module_preset=&#8221;default&#8221; global_colors_info=&#8221;{}&#8221;][et_pb_text _builder_version=&#8221;4.21.0&#8243; _module_preset=&#8221;default&#8221; global_colors_info=&#8221;{}&#8221;]<h2>Diritti degli interessati<\/h2>\n<p>Gli interessati possono chiedere al Titolare l\u2019accesso ai dati, la loro cancellazione, la rettifica dei dati inesatti, l\u2019integrazione dei dati incompleti, nonch\u00e9 la limitazione del trattamento nei casi previsti dall\u2019art. 18 del GDPR.<\/p>\n<p>Gli interessati hanno il diritto di opporsi, in qualsiasi momento, in tutto od in parte, al trattamento dei dati necessario per il perseguimento legittimo dell\u2019interesse del Titolare.<\/p>\n<p>Gli interessati, inoltre, nel caso in cui siano presenti le condizioni per l\u2019esercizio del diritto alla portabilit\u00e0 di cui all\u2019art. 20 del GDPR, hanno il diritto di ricevere in un formato strutturato, di uso comune e leggibile da dispositivo automatico i dati forniti al Titolare, nonch\u00e9, se tecnicamente fattibile, di trasmetterli ad altro titolare senza impedimenti.<\/p>\n<p>Gli interessati hanno il diritto di proporre reclamo all\u2019Autorit\u00e0 di controllo competente (in particolare nello Stato membro in cui risiedono abitualmente o lavorano o dello Stato in cui si \u00e8 verificata la presunta violazione).<\/p>\n<p>Tali diritti possono essere esercitati scrivendo a mezzo posta, all\u2019indirizzo sopra indicato, oppure tramite posta elettronica al seguente indirizzo e-mail: <a href=\"mailto:it.privacy@intoo.it\">it.privacy@intoo.it<\/a>. Resta inteso che, laddove la richiesta sia presentata mediante mezzi elettronici, le informazioni saranno fornite in un formato elettronico di uso comune.<\/p>[\/et_pb_text][\/et_pb_column][\/et_pb_row][\/et_pb_section]\n","protected":false},"excerpt":{"rendered":"<p>Informativa privacy FornitoriTitolare del trattamentoIntoo S.r.l. con sede in Piazza IV Novembre 5, 20124 Milano numero di telefono 02444111, indirizzo e-mail: it.privacy@intoo.itData Protection Officer Piazza IV Novembre 5, 20124 Milano all\u2019att.ne del \u201cData Protection Officer\u201d indirizzo e-mail: dpo@gigroup.comCategorie di dati trattati e fonte dei dati Per \u201cdati personali \u201csi intendono quelli relativi a persone fisiche [&hellip;]<\/p>\n","protected":false},"author":119,"featured_media":0,"parent":55905,"menu_order":0,"comment_status":"closed","ping_status":"closed","template":"","meta":{"_et_pb_use_builder":"on","_et_pb_old_content":"<!-- wp:divi\/placeholder \/-->","_et_gb_content_width":"","footnotes":"","_links_to":"","_links_to_target":""},"class_list":["post-55917","page","type-page","status-publish","hentry"],"yoast_head":"<!-- This site is optimized with the Yoast SEO plugin v26.9 - https:\/\/yoast.com\/product\/yoast-seo-wordpress\/ -->\n<title>Informativa privacy Fornitori - INTOO Italia<\/title>\n<meta name=\"description\" content=\"Intoo S.r.l., con sede in Milano, Piazza IV Novembre 5, in persona del Legale Rappresentante. Qui trovi l&#039;Informativa privacy Fornitori.\" \/>\n<meta name=\"robots\" content=\"index, follow, max-snippet:-1, max-image-preview:large, max-video-preview:-1\" \/>\n<link rel=\"canonical\" href=\"https:\/\/www.intoo.com\/it\/privacy\/informativa-privacy-fornitori\/\" \/>\n<meta property=\"og:locale\" content=\"it_IT\" \/>\n<meta property=\"og:type\" content=\"article\" \/>\n<meta property=\"og:title\" content=\"Informativa privacy Fornitori - INTOO Italia\" \/>\n<meta property=\"og:description\" content=\"Intoo S.r.l., con sede in Milano, Piazza IV Novembre 5, in persona del Legale Rappresentante. Qui trovi l&#039;Informativa privacy Fornitori.\" \/>\n<meta property=\"og:url\" content=\"https:\/\/www.intoo.com\/it\/privacy\/informativa-privacy-fornitori\/\" \/>\n<meta property=\"og:site_name\" content=\"INTOO Italia\" \/>\n<meta property=\"article:modified_time\" content=\"2025-07-15T09:50:46+00:00\" \/>\n<meta name=\"twitter:card\" content=\"summary_large_image\" \/>\n<meta name=\"twitter:label1\" content=\"Est. reading time\" \/>\n\t<meta name=\"twitter:data1\" content=\"5 minutes\" \/>\n<script type=\"application\/ld+json\" class=\"yoast-schema-graph\">{\"@context\":\"https:\/\/schema.org\",\"@graph\":[{\"@type\":\"WebPage\",\"@id\":\"https:\/\/www.intoo.com\/it\/privacy\/informativa-privacy-fornitori\/\",\"url\":\"https:\/\/www.intoo.com\/it\/privacy\/informativa-privacy-fornitori\/\",\"name\":\"Informativa privacy Fornitori - INTOO Italia\",\"isPartOf\":{\"@id\":\"https:\/\/www.intoo.com\/it\/#website\"},\"datePublished\":\"2025-06-18T07:44:33+00:00\",\"dateModified\":\"2025-07-15T09:50:46+00:00\",\"description\":\"Intoo S.r.l., con sede in Milano, Piazza IV Novembre 5, in persona del Legale Rappresentante. Qui trovi l'Informativa privacy Fornitori.\",\"breadcrumb\":{\"@id\":\"https:\/\/www.intoo.com\/it\/privacy\/informativa-privacy-fornitori\/#breadcrumb\"},\"inLanguage\":\"it-IT\",\"potentialAction\":[{\"@type\":\"ReadAction\",\"target\":[\"https:\/\/www.intoo.com\/it\/privacy\/informativa-privacy-fornitori\/\"]}]},{\"@type\":\"BreadcrumbList\",\"@id\":\"https:\/\/www.intoo.com\/it\/privacy\/informativa-privacy-fornitori\/#breadcrumb\",\"itemListElement\":[{\"@type\":\"ListItem\",\"position\":1,\"name\":\"Home\",\"item\":\"https:\/\/www.intoo.com\/it\/\"},{\"@type\":\"ListItem\",\"position\":2,\"name\":\"Privacy\",\"item\":\"https:\/\/www.intoo.com\/it\/privacy\/\"},{\"@type\":\"ListItem\",\"position\":3,\"name\":\"Informativa privacy Fornitori\"}]},{\"@type\":\"WebSite\",\"@id\":\"https:\/\/www.intoo.com\/it\/#website\",\"url\":\"https:\/\/www.intoo.com\/it\/\",\"name\":\"INTOO Italia\",\"description\":\"Leader nello Sviluppo dell\u2019employability e Transizione di Carriera in Italia\",\"potentialAction\":[{\"@type\":\"SearchAction\",\"target\":{\"@type\":\"EntryPoint\",\"urlTemplate\":\"https:\/\/www.intoo.com\/it\/?s={search_term_string}\"},\"query-input\":{\"@type\":\"PropertyValueSpecification\",\"valueRequired\":true,\"valueName\":\"search_term_string\"}}],\"inLanguage\":\"it-IT\"}]}<\/script>\n<!-- \/ Yoast SEO plugin. -->","yoast_head_json":{"title":"Informativa privacy Fornitori - INTOO Italia","description":"Intoo S.r.l., con sede in Milano, Piazza IV Novembre 5, in persona del Legale Rappresentante. Qui trovi l'Informativa privacy Fornitori.","robots":{"index":"index","follow":"follow","max-snippet":"max-snippet:-1","max-image-preview":"max-image-preview:large","max-video-preview":"max-video-preview:-1"},"canonical":"https:\/\/www.intoo.com\/it\/privacy\/informativa-privacy-fornitori\/","og_locale":"it_IT","og_type":"article","og_title":"Informativa privacy Fornitori - INTOO Italia","og_description":"Intoo S.r.l., con sede in Milano, Piazza IV Novembre 5, in persona del Legale Rappresentante. Qui trovi l'Informativa privacy Fornitori.","og_url":"https:\/\/www.intoo.com\/it\/privacy\/informativa-privacy-fornitori\/","og_site_name":"INTOO Italia","article_modified_time":"2025-07-15T09:50:46+00:00","twitter_card":"summary_large_image","twitter_misc":{"Est. reading time":"5 minutes"},"schema":{"@context":"https:\/\/schema.org","@graph":[{"@type":"WebPage","@id":"https:\/\/www.intoo.com\/it\/privacy\/informativa-privacy-fornitori\/","url":"https:\/\/www.intoo.com\/it\/privacy\/informativa-privacy-fornitori\/","name":"Informativa privacy Fornitori - INTOO Italia","isPartOf":{"@id":"https:\/\/www.intoo.com\/it\/#website"},"datePublished":"2025-06-18T07:44:33+00:00","dateModified":"2025-07-15T09:50:46+00:00","description":"Intoo S.r.l., con sede in Milano, Piazza IV Novembre 5, in persona del Legale Rappresentante. Qui trovi l'Informativa privacy Fornitori.","breadcrumb":{"@id":"https:\/\/www.intoo.com\/it\/privacy\/informativa-privacy-fornitori\/#breadcrumb"},"inLanguage":"it-IT","potentialAction":[{"@type":"ReadAction","target":["https:\/\/www.intoo.com\/it\/privacy\/informativa-privacy-fornitori\/"]}]},{"@type":"BreadcrumbList","@id":"https:\/\/www.intoo.com\/it\/privacy\/informativa-privacy-fornitori\/#breadcrumb","itemListElement":[{"@type":"ListItem","position":1,"name":"Home","item":"https:\/\/www.intoo.com\/it\/"},{"@type":"ListItem","position":2,"name":"Privacy","item":"https:\/\/www.intoo.com\/it\/privacy\/"},{"@type":"ListItem","position":3,"name":"Informativa privacy Fornitori"}]},{"@type":"WebSite","@id":"https:\/\/www.intoo.com\/it\/#website","url":"https:\/\/www.intoo.com\/it\/","name":"INTOO Italia","description":"Leader nello Sviluppo dell\u2019employability e Transizione di Carriera in Italia","potentialAction":[{"@type":"SearchAction","target":{"@type":"EntryPoint","urlTemplate":"https:\/\/www.intoo.com\/it\/?s={search_term_string}"},"query-input":{"@type":"PropertyValueSpecification","valueRequired":true,"valueName":"search_term_string"}}],"inLanguage":"it-IT"}]}},"_links":{"self":[{"href":"https:\/\/www.intoo.com\/it\/wp-json\/wp\/v2\/pages\/55917","targetHints":{"allow":["GET"]}}],"collection":[{"href":"https:\/\/www.intoo.com\/it\/wp-json\/wp\/v2\/pages"}],"about":[{"href":"https:\/\/www.intoo.com\/it\/wp-json\/wp\/v2\/types\/page"}],"author":[{"embeddable":true,"href":"https:\/\/www.intoo.com\/it\/wp-json\/wp\/v2\/users\/119"}],"replies":[{"embeddable":true,"href":"https:\/\/www.intoo.com\/it\/wp-json\/wp\/v2\/comments?post=55917"}],"version-history":[{"count":6,"href":"https:\/\/www.intoo.com\/it\/wp-json\/wp\/v2\/pages\/55917\/revisions"}],"predecessor-version":[{"id":55974,"href":"https:\/\/www.intoo.com\/it\/wp-json\/wp\/v2\/pages\/55917\/revisions\/55974"}],"up":[{"embeddable":true,"href":"https:\/\/www.intoo.com\/it\/wp-json\/wp\/v2\/pages\/55905"}],"wp:attachment":[{"href":"https:\/\/www.intoo.com\/it\/wp-json\/wp\/v2\/media?parent=55917"}],"curies":[{"name":"wp","href":"https:\/\/api.w.org\/{rel}","templated":true}]}}