{"id":56148,"date":"2025-07-28T07:24:51","date_gmt":"2025-07-28T07:24:51","guid":{"rendered":"https:\/\/www.intoo.com\/it\/?page_id=56148"},"modified":"2025-07-28T07:25:01","modified_gmt":"2025-07-28T07:25:01","slug":"informativa-privacy-prospect-iscrizione-eventi","status":"publish","type":"page","link":"https:\/\/www.intoo.com\/it\/privacy\/informativa-privacy-prospect-iscrizione-eventi\/","title":{"rendered":"Informativa privacy prospect &#8211; iscrizione eventi"},"content":{"rendered":"<p>[et_pb_section fb_built=&#8221;1&#8243; _builder_version=&#8221;4.21.0&#8243; _module_preset=&#8221;default&#8221; da_disable_devices=&#8221;off|off|off&#8221; global_colors_info=&#8221;{}&#8221; da_is_popup=&#8221;off&#8221; da_exit_intent=&#8221;off&#8221; da_has_close=&#8221;on&#8221; da_alt_close=&#8221;off&#8221; da_dark_close=&#8221;off&#8221; da_not_modal=&#8221;on&#8221; da_is_singular=&#8221;off&#8221; da_with_loader=&#8221;off&#8221; da_has_shadow=&#8221;on&#8221;][et_pb_row _builder_version=&#8221;4.21.0&#8243; _module_preset=&#8221;default&#8221; global_colors_info=&#8221;{}&#8221;][et_pb_column type=&#8221;4_4&#8243; _builder_version=&#8221;4.21.0&#8243; _module_preset=&#8221;default&#8221; global_colors_info=&#8221;{}&#8221;][et_pb_text _builder_version=&#8221;4.21.0&#8243; _module_preset=&#8221;default&#8221; hover_enabled=&#8221;0&#8243; global_colors_info=&#8221;{}&#8221; sticky_enabled=&#8221;0&#8243;]<\/p>\n<h1>Informativa privacy prospect &#8211; iscrizione eventi<\/h1>\n<p>[\/et_pb_text][\/et_pb_column][\/et_pb_row][et_pb_row _builder_version=&#8221;4.21.0&#8243; _module_preset=&#8221;default&#8221; global_colors_info=&#8221;{}&#8221;][et_pb_column type=&#8221;4_4&#8243; _builder_version=&#8221;4.21.0&#8243; _module_preset=&#8221;default&#8221; global_colors_info=&#8221;{}&#8221;][et_pb_text _builder_version=&#8221;4.21.0&#8243; _module_preset=&#8221;default&#8221; hover_enabled=&#8221;0&#8243; global_colors_info=&#8221;{}&#8221; sticky_enabled=&#8221;0&#8243;]<\/p>\n<h2>Titolare del trattamento<\/h2>\n<p>[\/et_pb_text][et_pb_text _builder_version=&#8221;4.21.0&#8243; _module_preset=&#8221;default&#8221; hover_enabled=&#8221;0&#8243; global_colors_info=&#8221;{}&#8221; sticky_enabled=&#8221;0&#8243;]<\/p>\n<p><strong>Intoo S.r.l.<\/strong>, con sede in Piazza IV Novembre 5, 20124 Milano numero di telefono: 02-444111, indirizzo e &#8211; mail: <a href=\"mailto:it.privacy@intoo.it\">it.privacy@intoo.it<\/a> (\u201cla Societ\u00e0\u201d).<\/p>\n<p>[\/et_pb_text][\/et_pb_column][\/et_pb_row][et_pb_row _builder_version=&#8221;4.21.0&#8243; _module_preset=&#8221;default&#8221; global_colors_info=&#8221;{}&#8221;][et_pb_column type=&#8221;4_4&#8243; _builder_version=&#8221;4.21.0&#8243; _module_preset=&#8221;default&#8221; global_colors_info=&#8221;{}&#8221;][et_pb_text _builder_version=&#8221;4.21.0&#8243; _module_preset=&#8221;default&#8221; hover_enabled=&#8221;0&#8243; global_colors_info=&#8221;{}&#8221; sticky_enabled=&#8221;0&#8243;]<\/p>\n<h2>Data Protection Officer (DPO)<\/h2>\n<p>Piazza IV Novembre 5, 20124 Milano, all\u2019attenzione del \u201cData Protection Officer\u201d \u2013 indirizzo e-mail: <span><a href=\"mailto:dpo@gigroup.com\">dpo@gigroup.com<\/a>.<\/span><\/p>\n<p>[\/et_pb_text][\/et_pb_column][\/et_pb_row][et_pb_row _builder_version=&#8221;4.21.0&#8243; _module_preset=&#8221;default&#8221; global_colors_info=&#8221;{}&#8221;][et_pb_column type=&#8221;4_4&#8243; _builder_version=&#8221;4.21.0&#8243; _module_preset=&#8221;default&#8221; global_colors_info=&#8221;{}&#8221;][et_pb_text _builder_version=&#8221;4.21.0&#8243; _module_preset=&#8221;default&#8221; hover_enabled=&#8221;0&#8243; global_colors_info=&#8221;{}&#8221; sticky_enabled=&#8221;0&#8243;]<\/p>\n<h2>Categorie di dati trattati e fonte dei dati<\/h2>\n<p>I dati personali trattati comprendono: dati anagrafici (nome, cognome), dati di contatto (e \u2013 mail, n. di telefono), Azienda, ruolo aziendale.<\/p>\n<p>Si precisa che la Societ\u00e0 raccoglier\u00e0 i dati personali direttamente presso di Lei.<\/p>\n<p>&nbsp;<\/p>\n<table width=\"698\">\n<tbody>\n<tr>\n<td valign=\"top\" style=\"width: 242.146px\"><strong>Perch\u00e9 vengono trattati i suoi dati personali? <\/strong><\/td>\n<td valign=\"top\" style=\"width: 199.385px\"><strong>Qual \u00e8 la condizione che rende lecito il trattamento?<\/strong><\/td>\n<td valign=\"top\" style=\"width: 237.135px\"><strong>Per quanto tempo conserviamo i suoi dati personali?<\/strong><\/td>\n<\/tr>\n<tr>\n<td valign=\"top\" style=\"width: 242.146px\">\n<p><strong>1. Gestione delle richieste di iscrizione all\u2019evento<\/strong><\/p>\n<p>Per l\u2019iscrizione e la partecipazione all\u2019evento, per comunicare via e \u2013 mail agli iscritti le informazioni necessarie per partecipare e, eventualmente, per inoltrare tramite e \u2013 mail informazioni relative ai contenuti dell\u2019evento e per condividere il relativo materiale.<\/p>\n<p>Si precisa, infine, che la registrazione all\u2019evento comporta l\u2019iscrizione dell\u2019utente nel database clienti della Societ\u00e0, per attivit\u00e0 funzionali alla gestione di eventuali rapporti precontrattuali tra le parti.<\/p>\n<\/td>\n<td valign=\"top\" style=\"width: 199.385px\">\n<p>La base giuridica applicabile al trattamento dei dati personali \u00e8 l\u2019esecuzione di misure precontrattuali adottate su richiesta dell\u2019interessato, ex art. 6 par. 1 lett. b) del GDPR.<\/p>\n<p>&nbsp;<\/p>\n<\/td>\n<td valign=\"top\" style=\"width: 237.135px\">Per 12 mesi dalla realizzazione dell\u2019evento.<\/td>\n<\/tr>\n<tr>\n<td valign=\"top\" style=\"width: 242.146px\">\n<p><strong>2. Marketing di Intoo<\/strong><\/p>\n<p>Invio di comunicazioni informative e promozionali relative ai servizi offerti da Intoo, nonch\u00e9 per il compimento di studi e ricerche statistiche e\/o di mercato, sia con modalit\u00e0 di contatto tradizionali (posta cartacea, chiamate tramite operatore) che con modalit\u00e0 di contatto automatizzate (posta elettronica, sms, mms, sistemi di instant messaging).<\/p>\n<\/td>\n<td valign=\"top\" style=\"width: 199.385px\">La base giuridica che legittima il trattamento \u00e8 il consenso dell\u2019interessato, ex art. 6 par. 1 lett. a) del GDPR.<\/td>\n<td valign=\"top\" style=\"width: 237.135px\">Per 36 mesi dall\u2019ultima interazione dell\u2019interessato con la Societ\u00e0 o fino a revoca del consenso, se antecedente.<\/td>\n<\/tr>\n<tr>\n<td valign=\"top\" style=\"width: 242.146px\">\n<p><strong>3. Marketing delle altre Societ\u00e0 del Gruppo <\/strong><\/p>\n<p>Invio di comunicazioni informative e promozionali relative ai servizi offerti dalle altre Societ\u00e0 del Gruppo Gi Group (in particolare, consulenza HR e formazione, HR <em>administration<\/em>, <em>outsourcing<\/em>, supporto alla ricollocazione, ricerca e selezione del personale, <em>executive search<\/em>, <em>field marketing<\/em>), nonch\u00e9 per il compimento di studi e ricerche statistiche e\/o indagini di mercato, con modalit\u00e0 di contatto sia tradizionali sia automatizzate (es. posta elettronica, sms, chiamate tramite operatore, ecc.).<strong><\/strong><\/p>\n<\/td>\n<td valign=\"top\" style=\"width: 199.385px\">La base giuridica che legittima il trattamento \u00e8 il consenso dell\u2019interessato, ex art. 6 par. 1 lett. a) del GDPR.<\/td>\n<td valign=\"top\" style=\"width: 237.135px\">Per 36 mesi dall\u2019ultima interazione dell\u2019interessato con la Societ\u00e0 o fino a revoca del consenso, se antecedente.<\/td>\n<\/tr>\n<\/tbody>\n<\/table>\n<p><strong>Decorsi i termini di conservazione sopra indicati, i dati personali saranno distrutti, cancellati o resi anonimi, compatibilmente con le procedure tecniche di cancellazione e backup.<\/strong><\/p>\n<p>[\/et_pb_text][\/et_pb_column][\/et_pb_row][et_pb_row _builder_version=&#8221;4.21.0&#8243; _module_preset=&#8221;default&#8221; global_colors_info=&#8221;{}&#8221;][et_pb_column type=&#8221;4_4&#8243; _builder_version=&#8221;4.21.0&#8243; _module_preset=&#8221;default&#8221; global_colors_info=&#8221;{}&#8221;][et_pb_text _builder_version=&#8221;4.21.0&#8243; _module_preset=&#8221;default&#8221; hover_enabled=&#8221;0&#8243; global_colors_info=&#8221;{}&#8221; sticky_enabled=&#8221;0&#8243;]<\/p>\n<h2>Natura del conferimento dei dati e conseguenze del rifiuto<\/h2>\n<p>Il conferimento dei dati personali \u00e8 obbligatorio e, pertanto, il rifiuto di fornirli non consente a Intoo di perseguire la finalit\u00e0 <em>sub<\/em> 1). Al contrario, resta inteso che il consenso per le finalit\u00e0 <em>sub<\/em> 2) e 3) \u00e8 puramente facoltativo.<\/p>\n<p>[\/et_pb_text][\/et_pb_column][\/et_pb_row][et_pb_row _builder_version=&#8221;4.21.0&#8243; _module_preset=&#8221;default&#8221; global_colors_info=&#8221;{}&#8221;][et_pb_column type=&#8221;4_4&#8243; _builder_version=&#8221;4.21.0&#8243; _module_preset=&#8221;default&#8221; global_colors_info=&#8221;{}&#8221;][et_pb_text _builder_version=&#8221;4.21.0&#8243; _module_preset=&#8221;default&#8221; hover_enabled=&#8221;0&#8243; global_colors_info=&#8221;{}&#8221; sticky_enabled=&#8221;0&#8243;]<\/p>\n<h2>Modalit\u00e0 di trattamento<\/h2>\n<p>Il trattamento dei dati \u00e8 improntato ai principi di correttezza, liceit\u00e0 e trasparenza e minimizzazione dei dati (privacy by design); potr\u00e0 essere effettuato sia manualmente che attraverso modalit\u00e0 automatizzate atte a trasmetterli ed avverr\u00e0 mediante misure tecniche e organizzative adeguate, per quanto di ragione e allo stato della tecnica, a garantire, fra l\u2019altro, la sicurezza, la riservatezza, l\u2019integrit\u00e0, la disponibilit\u00e0 e la resilienza dei sistemi e dei servizi, evitando il rischio di perdita, distruzione, accesso o divulgazione non autorizzati o, comunque, uso illecito, nonch\u00e9 mediante misure ragionevoli per cancellare o rettificare tempestivamente i dati inesatti rispetto alle finalit\u00e0 per le quali sono trattati.<\/p>\n<p>[\/et_pb_text][\/et_pb_column][\/et_pb_row][et_pb_row _builder_version=&#8221;4.21.0&#8243; _module_preset=&#8221;default&#8221; global_colors_info=&#8221;{}&#8221;][et_pb_column type=&#8221;4_4&#8243; _builder_version=&#8221;4.21.0&#8243; _module_preset=&#8221;default&#8221; global_colors_info=&#8221;{}&#8221;][et_pb_text _builder_version=&#8221;4.21.0&#8243; _module_preset=&#8221;default&#8221; hover_enabled=&#8221;0&#8243; global_colors_info=&#8221;{}&#8221; sticky_enabled=&#8221;0&#8243;]<\/p>\n<h2>Destinatari dei dati<\/h2>\n<p>I dati personali possono essere trattati esclusivamente dai dipendenti delle funzioni aziendali autorizzate al trattamento in quanto deputate al perseguimento delle finalit\u00e0 sopraindicate. Tali dipendenti hanno ricevuto, al riguardo, adeguate istruzioni operative. I dati personali possono essere comunicati dalla Societ\u00e0 ai seguenti soggetti:<\/p>\n<ul>\n<li>Societ\u00e0 di revisione;<\/li>\n<li>Organismo di Vigilanza;<\/li>\n<li>Studi professionali e di consulenza;<\/li>\n<li>Imprese di Assicurazione;<\/li>\n<li>Agenzia delle Entrate;<\/li>\n<li>Ente bilaterale di settore;<\/li>\n<li>Societ\u00e0 di informazioni commerciali;<\/li>\n<li>Societ\u00e0 del Gruppo in Italia o all\u2019estero.<\/li>\n<\/ul>\n<p>I dati personali possono essere altres\u00ec trattati da soggetti esterni, espressamente nominati Responsabili del trattamento ex art. 28 del GDPR, che forniscono alla Societ\u00e0:<\/p>\n<ul>\n<li>Servizi informatici;<\/li>\n<li>Servizi di gestione e manutenzione del database dei clienti;<\/li>\n<li>Servizi di archiviazione;<\/li>\n<li>Servizi di postalizzazione delle comunicazioni.<\/li>\n<\/ul>\n<p>L\u2019elenco aggiornato contenente i destinatari \u00e8 disponibile presso la nostra sede sociale oppure inviando una comunicazione e-mail a <a href=\"mailto:it.privacy@intoo.it\">it.privacy@intoo.it<\/a><span>.<\/span><\/p>\n<p>Infine, la Societ\u00e0 potr\u00e0 trasferire i Dati Personali al di fuori dell\u2019Unione Europea (\u201cUE\u201d) o dello Spazio Economico Europeo (\u201cSEE\u201d) nel rispetto delle condizioni previste dal Capo V del GDPR, ad esempio previa sottoscrizione di clausole contrattuali standard (&#8220;SCC&#8221;), ove il trasferimento avvenga verso Paesi terzi che non garantiscono un adeguato livello di protezione dei dati personali. Le decisioni di adeguatezza sono consultabili al seguente link: <a href=\"https:\/\/commission.europa.eu\/law\/law-topic\/data-protection\/international-dimension-data-protection\/adequacy-decisions_en?prefLang=it\">Data protection adequacy for non-EU countries<\/a>.<\/p>\n<p>[\/et_pb_text][\/et_pb_column][\/et_pb_row][et_pb_row _builder_version=&#8221;4.21.0&#8243; _module_preset=&#8221;default&#8221; global_colors_info=&#8221;{}&#8221;][et_pb_column type=&#8221;4_4&#8243; _builder_version=&#8221;4.21.0&#8243; _module_preset=&#8221;default&#8221; global_colors_info=&#8221;{}&#8221;][et_pb_text _builder_version=&#8221;4.21.0&#8243; _module_preset=&#8221;default&#8221; hover_enabled=&#8221;0&#8243; global_colors_info=&#8221;{}&#8221; sticky_enabled=&#8221;0&#8243;]<\/p>\n<h2>Diritti dell\u2019interessato<\/h2>\n<p>Gli interessati possono chiedere al Titolare l\u2019accesso ai dati, la loro cancellazione, la rettifica dei dati inesatti, l\u2019integrazione dei dati incompleti, nonch\u00e9 la limitazione del trattamento nei casi previsti dall\u2019art. 18 del GDPR.<\/p>\n<p>Gli interessati hanno il diritto di opporsi, in qualsiasi momento, in tutto od in parte, al trattamento dei dati necessario per il perseguimento legittimo dell\u2019interesse del Titolare.<\/p>\n<p>Gli interessati, inoltre, nel caso in cui siano presenti le condizioni per l\u2019esercizio del diritto alla portabilit\u00e0 di cui all\u2019art. 20 del GDPR, hanno il diritto di ricevere in un formato strutturato, di uso comune e leggibile da dispositivo automatico i dati forniti al Titolare, nonch\u00e9, se tecnicamente fattibile, di trasmetterli ad altro titolare senza impedimenti.<\/p>\n<p>Gli interessati hanno il diritto di proporre reclamo all\u2019Autorit\u00e0 di controllo competente (in particolare nello Stato membro in cui risiedono abitualmente o lavorano o dello Stato in cui si \u00e8 verificata la presunta violazione).<\/p>\n<p>Tali diritti possono essere esercitati scrivendo a mezzo posta, all\u2019indirizzo sopra indicato, oppure tramite posta elettronica al seguente indirizzo e-mail:<a href=\"mailto:it.privacy@intoo.it\"> <span>it.privacy@intoo.it<\/span><\/a>. Resta inteso che, laddove la richiesta sia presentata mediante mezzi elettronici, le informazioni saranno fornite in un formato elettronico di uso comune.<\/p>\n<p>[\/et_pb_text][\/et_pb_column][\/et_pb_row][et_pb_row _builder_version=&#8221;4.21.0&#8243; _module_preset=&#8221;default&#8221; global_colors_info=&#8221;{}&#8221;][et_pb_column type=&#8221;4_4&#8243; _builder_version=&#8221;4.21.0&#8243; _module_preset=&#8221;default&#8221; global_colors_info=&#8221;{}&#8221;][et_pb_text _builder_version=&#8221;4.21.0&#8243; _module_preset=&#8221;default&#8221; hover_enabled=&#8221;0&#8243; global_colors_info=&#8221;{}&#8221; sticky_enabled=&#8221;0&#8243;]<\/p>\n<h2>Revoca del consenso<\/h2>\n<p>Gli interessati hanno il diritto di revocare in qualsiasi momento il consenso al trattamento dei dati personali effettuato per finalit\u00e0 di marketing diretto cliccando sugli appositi link contenuti nelle comunicazioni o inviando una comunicazione e-mail a <a href=\"mailto:it.privacy@intoo.it\">it.privacy@intoo.it<\/a><span>.<\/span><\/p>\n<p>La revoca del consenso non pregiudica la liceit\u00e0 del trattamento basato sul consenso prestato prima della revoca.<\/p>\n<p>[\/et_pb_text][\/et_pb_column][\/et_pb_row][\/et_pb_section]<\/p>\n","protected":false},"excerpt":{"rendered":"<p>Informativa privacy prospect &#8211; iscrizione eventiTitolare del trattamentoIntoo S.r.l., con sede in Piazza IV Novembre 5, 20124 Milano numero di telefono: 02-444111, indirizzo e &#8211; mail: it.privacy@intoo.it (\u201cla Societ\u00e0\u201d).Data Protection Officer (DPO) Piazza IV Novembre 5, 20124 Milano, all\u2019attenzione del \u201cData Protection Officer\u201d \u2013 indirizzo e-mail: dpo@gigroup.com.Categorie di dati trattati e fonte dei dati I [&hellip;]<\/p>\n","protected":false},"author":119,"featured_media":0,"parent":55905,"menu_order":0,"comment_status":"closed","ping_status":"closed","template":"","meta":{"_et_pb_use_builder":"on","_et_pb_old_content":"<!-- wp:divi\/placeholder \/-->","_et_gb_content_width":"","footnotes":"","_links_to":"","_links_to_target":""},"class_list":["post-56148","page","type-page","status-publish","hentry"],"yoast_head":"<!-- This site is optimized with the Yoast SEO plugin v26.9 - https:\/\/yoast.com\/product\/yoast-seo-wordpress\/ -->\n<title>Informativa privacy prospect - iscrizione eventi - INTOO Italia<\/title>\n<meta name=\"description\" content=\"Intoo S.r.l., con sede in Milano, Piazza IV Novembre 5, in persona del Legale Rappresentante. Qui trovi l&#039;Informativa privacy prospect - iscrizione eventi.\" \/>\n<meta name=\"robots\" content=\"index, follow, max-snippet:-1, max-image-preview:large, max-video-preview:-1\" \/>\n<link rel=\"canonical\" href=\"https:\/\/www.intoo.com\/it\/privacy\/informativa-privacy-prospect-iscrizione-eventi\/\" \/>\n<meta property=\"og:locale\" content=\"it_IT\" \/>\n<meta property=\"og:type\" content=\"article\" \/>\n<meta property=\"og:title\" content=\"Informativa privacy prospect - iscrizione eventi - INTOO Italia\" \/>\n<meta property=\"og:description\" content=\"Intoo S.r.l., con sede in Milano, Piazza IV Novembre 5, in persona del Legale Rappresentante. Qui trovi l&#039;Informativa privacy prospect - iscrizione eventi.\" \/>\n<meta property=\"og:url\" content=\"https:\/\/www.intoo.com\/it\/privacy\/informativa-privacy-prospect-iscrizione-eventi\/\" \/>\n<meta property=\"og:site_name\" content=\"INTOO Italia\" \/>\n<meta property=\"article:modified_time\" content=\"2025-07-28T07:25:01+00:00\" \/>\n<meta name=\"twitter:card\" content=\"summary_large_image\" \/>\n<meta name=\"twitter:label1\" content=\"Est. reading time\" \/>\n\t<meta name=\"twitter:data1\" content=\"6 minutes\" \/>\n<script type=\"application\/ld+json\" class=\"yoast-schema-graph\">{\"@context\":\"https:\/\/schema.org\",\"@graph\":[{\"@type\":\"WebPage\",\"@id\":\"https:\/\/www.intoo.com\/it\/privacy\/informativa-privacy-prospect-iscrizione-eventi\/\",\"url\":\"https:\/\/www.intoo.com\/it\/privacy\/informativa-privacy-prospect-iscrizione-eventi\/\",\"name\":\"Informativa privacy prospect - iscrizione eventi - INTOO Italia\",\"isPartOf\":{\"@id\":\"https:\/\/www.intoo.com\/it\/#website\"},\"datePublished\":\"2025-07-28T07:24:51+00:00\",\"dateModified\":\"2025-07-28T07:25:01+00:00\",\"description\":\"Intoo S.r.l., con sede in Milano, Piazza IV Novembre 5, in persona del Legale Rappresentante. Qui trovi l'Informativa privacy prospect - iscrizione eventi.\",\"breadcrumb\":{\"@id\":\"https:\/\/www.intoo.com\/it\/privacy\/informativa-privacy-prospect-iscrizione-eventi\/#breadcrumb\"},\"inLanguage\":\"it-IT\",\"potentialAction\":[{\"@type\":\"ReadAction\",\"target\":[\"https:\/\/www.intoo.com\/it\/privacy\/informativa-privacy-prospect-iscrizione-eventi\/\"]}]},{\"@type\":\"BreadcrumbList\",\"@id\":\"https:\/\/www.intoo.com\/it\/privacy\/informativa-privacy-prospect-iscrizione-eventi\/#breadcrumb\",\"itemListElement\":[{\"@type\":\"ListItem\",\"position\":1,\"name\":\"Home\",\"item\":\"https:\/\/www.intoo.com\/it\/\"},{\"@type\":\"ListItem\",\"position\":2,\"name\":\"Privacy\",\"item\":\"https:\/\/www.intoo.com\/it\/privacy\/\"},{\"@type\":\"ListItem\",\"position\":3,\"name\":\"Informativa privacy prospect &#8211; iscrizione eventi\"}]},{\"@type\":\"WebSite\",\"@id\":\"https:\/\/www.intoo.com\/it\/#website\",\"url\":\"https:\/\/www.intoo.com\/it\/\",\"name\":\"INTOO Italia\",\"description\":\"Leader nello Sviluppo dell\u2019employability e Transizione di Carriera in Italia\",\"potentialAction\":[{\"@type\":\"SearchAction\",\"target\":{\"@type\":\"EntryPoint\",\"urlTemplate\":\"https:\/\/www.intoo.com\/it\/?s={search_term_string}\"},\"query-input\":{\"@type\":\"PropertyValueSpecification\",\"valueRequired\":true,\"valueName\":\"search_term_string\"}}],\"inLanguage\":\"it-IT\"}]}<\/script>\n<!-- \/ Yoast SEO plugin. -->","yoast_head_json":{"title":"Informativa privacy prospect - iscrizione eventi - INTOO Italia","description":"Intoo S.r.l., con sede in Milano, Piazza IV Novembre 5, in persona del Legale Rappresentante. Qui trovi l'Informativa privacy prospect - iscrizione eventi.","robots":{"index":"index","follow":"follow","max-snippet":"max-snippet:-1","max-image-preview":"max-image-preview:large","max-video-preview":"max-video-preview:-1"},"canonical":"https:\/\/www.intoo.com\/it\/privacy\/informativa-privacy-prospect-iscrizione-eventi\/","og_locale":"it_IT","og_type":"article","og_title":"Informativa privacy prospect - iscrizione eventi - INTOO Italia","og_description":"Intoo S.r.l., con sede in Milano, Piazza IV Novembre 5, in persona del Legale Rappresentante. Qui trovi l'Informativa privacy prospect - iscrizione eventi.","og_url":"https:\/\/www.intoo.com\/it\/privacy\/informativa-privacy-prospect-iscrizione-eventi\/","og_site_name":"INTOO Italia","article_modified_time":"2025-07-28T07:25:01+00:00","twitter_card":"summary_large_image","twitter_misc":{"Est. reading time":"6 minutes"},"schema":{"@context":"https:\/\/schema.org","@graph":[{"@type":"WebPage","@id":"https:\/\/www.intoo.com\/it\/privacy\/informativa-privacy-prospect-iscrizione-eventi\/","url":"https:\/\/www.intoo.com\/it\/privacy\/informativa-privacy-prospect-iscrizione-eventi\/","name":"Informativa privacy prospect - iscrizione eventi - INTOO Italia","isPartOf":{"@id":"https:\/\/www.intoo.com\/it\/#website"},"datePublished":"2025-07-28T07:24:51+00:00","dateModified":"2025-07-28T07:25:01+00:00","description":"Intoo S.r.l., con sede in Milano, Piazza IV Novembre 5, in persona del Legale Rappresentante. Qui trovi l'Informativa privacy prospect - iscrizione eventi.","breadcrumb":{"@id":"https:\/\/www.intoo.com\/it\/privacy\/informativa-privacy-prospect-iscrizione-eventi\/#breadcrumb"},"inLanguage":"it-IT","potentialAction":[{"@type":"ReadAction","target":["https:\/\/www.intoo.com\/it\/privacy\/informativa-privacy-prospect-iscrizione-eventi\/"]}]},{"@type":"BreadcrumbList","@id":"https:\/\/www.intoo.com\/it\/privacy\/informativa-privacy-prospect-iscrizione-eventi\/#breadcrumb","itemListElement":[{"@type":"ListItem","position":1,"name":"Home","item":"https:\/\/www.intoo.com\/it\/"},{"@type":"ListItem","position":2,"name":"Privacy","item":"https:\/\/www.intoo.com\/it\/privacy\/"},{"@type":"ListItem","position":3,"name":"Informativa privacy prospect &#8211; iscrizione eventi"}]},{"@type":"WebSite","@id":"https:\/\/www.intoo.com\/it\/#website","url":"https:\/\/www.intoo.com\/it\/","name":"INTOO Italia","description":"Leader nello Sviluppo dell\u2019employability e Transizione di Carriera in Italia","potentialAction":[{"@type":"SearchAction","target":{"@type":"EntryPoint","urlTemplate":"https:\/\/www.intoo.com\/it\/?s={search_term_string}"},"query-input":{"@type":"PropertyValueSpecification","valueRequired":true,"valueName":"search_term_string"}}],"inLanguage":"it-IT"}]}},"_links":{"self":[{"href":"https:\/\/www.intoo.com\/it\/wp-json\/wp\/v2\/pages\/56148","targetHints":{"allow":["GET"]}}],"collection":[{"href":"https:\/\/www.intoo.com\/it\/wp-json\/wp\/v2\/pages"}],"about":[{"href":"https:\/\/www.intoo.com\/it\/wp-json\/wp\/v2\/types\/page"}],"author":[{"embeddable":true,"href":"https:\/\/www.intoo.com\/it\/wp-json\/wp\/v2\/users\/119"}],"replies":[{"embeddable":true,"href":"https:\/\/www.intoo.com\/it\/wp-json\/wp\/v2\/comments?post=56148"}],"version-history":[{"count":2,"href":"https:\/\/www.intoo.com\/it\/wp-json\/wp\/v2\/pages\/56148\/revisions"}],"predecessor-version":[{"id":56151,"href":"https:\/\/www.intoo.com\/it\/wp-json\/wp\/v2\/pages\/56148\/revisions\/56151"}],"up":[{"embeddable":true,"href":"https:\/\/www.intoo.com\/it\/wp-json\/wp\/v2\/pages\/55905"}],"wp:attachment":[{"href":"https:\/\/www.intoo.com\/it\/wp-json\/wp\/v2\/media?parent=56148"}],"curies":[{"name":"wp","href":"https:\/\/api.w.org\/{rel}","templated":true}]}}